{"id":974,"date":"2025-07-13T11:29:53","date_gmt":"2025-07-13T11:29:53","guid":{"rendered":"https:\/\/bosforcosmetic.com\/?product=lancome-la-nuit-tresor"},"modified":"2025-07-13T11:29:54","modified_gmt":"2025-07-13T11:29:54","slug":"lancome-la-nuit-tresor","status":"publish","type":"product","link":"https:\/\/bosforcosmetic.com\/?product=lancome-la-nuit-tresor","title":{"rendered":"LANCOME LA NU\u0130T TRESOR"},"content":{"rendered":"<p><strong>La Nuit Tr&eacute;sor Parf&uuml;m&uuml;<\/strong><\/p>\n<p>Tutku dolu ve gizemli bir koku arayanlar i&ccedil;in La Nuit Tr&eacute;sor, LANCOME&#8217;un efsanevi parf&uuml;mlerinden biridir. Bu benzersiz koku, gecenin romantizmi ve ba\u015ftan &ccedil;\u0131kar\u0131c\u0131l\u0131\u011f\u0131 ile ilham alarak, modern kad\u0131n\u0131n duygusal g&uuml;c&uuml;n&uuml; ve zarafetini yans\u0131t\u0131r.<\/p>\n<p><strong>&Uuml;st Notalar<\/strong>: Parf&uuml;m&uuml;n ilk an\u0131nda hissedilen &ccedil;arp\u0131c\u0131 notalar aras\u0131nda kara g&uuml;l, frambuaz ve litsi bulunur. Bu canl\u0131 ve &ccedil;i&ccedil;eksi notalar, koku deneyimine derinlik ve sofistike bir ba\u015flang\u0131&ccedil; katar.<\/p>\n<p><strong>Orta Notalar<\/strong>: Parf&uuml;m&uuml;n kalbinde beyaz misk, vanilya orkidesi ve siyah vanilya gibi zengin ve ba\u015ftan &ccedil;\u0131kar\u0131c\u0131 notalar yer al\u0131r. Bu zarif ve kadifemsi notalar, duygusal bir ba\u011f kurarak koku deneyimini romantikle\u015ftirir.<\/p>\n<p><strong>Alt Notalar<\/strong>: Tonka fasulyesi, pa&ccedil;uli ve patsuli gibi s\u0131cak ve odunsu notalar, parf&uuml;m&uuml;n alt notalar\u0131nda belirgindir. Bu derin ve ba\u015ftan &ccedil;\u0131kar\u0131c\u0131 notalar, parf&uuml;m&uuml;n kal\u0131c\u0131l\u0131\u011f\u0131n\u0131 art\u0131r\u0131r ve unutulmaz bir iz b\u0131rak\u0131r.<\/p>\n<p>La Nuit Tr&eacute;sor, gizemli ve tutkulu kad\u0131nlar i&ccedil;in m&uuml;kemmel bir se&ccedil;imdir. Geceleri kullan\u0131ma &ouml;zellikle uygundur ve her durumda size zarafet ve &ccedil;ekicilik katmak i&ccedil;in tasarlanm\u0131\u015ft\u0131r.<\/p>\n","protected":false},"excerpt":{"rendered":"<p>La Nuit Tr&eacute;sor Parf&uuml;m&uuml; Tutku dolu ve gizemli bir koku arayanlar i&ccedil;in La Nuit Tr&eacute;sor, LANCOME&#8217;un efsanevi parf&uuml;mlerinden biridir. Bu<\/p>\n","protected":false},"featured_media":976,"comment_status":"closed","ping_status":"open","template":"","meta":[],"product_brand":[80],"product_cat":[68],"product_tag":[],"class_list":{"0":"post-974","1":"product","2":"type-product","3":"status-publish","4":"has-post-thumbnail","6":"product_brand-lancome","7":"product_cat-womens-perfume","9":"first","10":"instock","11":"purchasable","12":"product-type-simple"},"_links":{"self":[{"href":"https:\/\/bosforcosmetic.com\/index.php?rest_route=\/wp\/v2\/product\/974","targetHints":{"allow":["GET"]}}],"collection":[{"href":"https:\/\/bosforcosmetic.com\/index.php?rest_route=\/wp\/v2\/product"}],"about":[{"href":"https:\/\/bosforcosmetic.com\/index.php?rest_route=\/wp\/v2\/types\/product"}],"replies":[{"embeddable":true,"href":"https:\/\/bosforcosmetic.com\/index.php?rest_route=%2Fwp%2Fv2%2Fcomments&post=974"}],"version-history":[{"count":1,"href":"https:\/\/bosforcosmetic.com\/index.php?rest_route=\/wp\/v2\/product\/974\/revisions"}],"predecessor-version":[{"id":975,"href":"https:\/\/bosforcosmetic.com\/index.php?rest_route=\/wp\/v2\/product\/974\/revisions\/975"}],"wp:featuredmedia":[{"embeddable":true,"href":"https:\/\/bosforcosmetic.com\/index.php?rest_route=\/wp\/v2\/media\/976"}],"wp:attachment":[{"href":"https:\/\/bosforcosmetic.com\/index.php?rest_route=%2Fwp%2Fv2%2Fmedia&parent=974"}],"wp:term":[{"taxonomy":"product_brand","embeddable":true,"href":"https:\/\/bosforcosmetic.com\/index.php?rest_route=%2Fwp%2Fv2%2Fproduct_brand&post=974"},{"taxonomy":"product_cat","embeddable":true,"href":"https:\/\/bosforcosmetic.com\/index.php?rest_route=%2Fwp%2Fv2%2Fproduct_cat&post=974"},{"taxonomy":"product_tag","embeddable":true,"href":"https:\/\/bosforcosmetic.com\/index.php?rest_route=%2Fwp%2Fv2%2Fproduct_tag&post=974"}],"curies":[{"name":"wp","href":"https:\/\/api.w.org\/{rel}","templated":true}]}}