{"id":1633,"date":"2025-07-13T11:31:47","date_gmt":"2025-07-13T11:31:47","guid":{"rendered":"https:\/\/bosforcosmetic.com\/?product=chloe-signature-75-ml-edp"},"modified":"2025-07-13T11:31:48","modified_gmt":"2025-07-13T11:31:48","slug":"chloe-signature-75-ml-edp","status":"publish","type":"product","link":"https:\/\/bosforcosmetic.com\/?product=chloe-signature-75-ml-edp","title":{"rendered":"CHLOE S\u0130GNATURE 75 ML EDP"},"content":{"rendered":"<p><strong>Chlo&eacute; Signature EDP<\/strong>, zarif ve feminen bir parf&uuml;m arayan kad\u0131nlar i&ccedil;in yarat\u0131lm\u0131\u015f zamans\u0131z bir koku. Sofistike ve romantik bir karaktere sahip olan bu parf&uuml;m, g&uuml;l ve \u015fakay\u0131k notalar\u0131n\u0131n hafif ve &ccedil;i&ccedil;eksi dokunu\u015flar\u0131yla &ouml;ne &ccedil;\u0131kar. <strong>Chlo&eacute; Signature<\/strong>, modern ve kendine g&uuml;venen kad\u0131nlar\u0131n vazge&ccedil;ilmezi olarak, do\u011fal zarafeti vurgular.<\/p>\n<ul>\n<li><strong>&Uuml;st Notalar:<\/strong> Litchi ve frezya, parf&uuml;me ferah ve taze bir a&ccedil;\u0131l\u0131\u015f yaparak enerjik bir ba\u015flang\u0131&ccedil; sa\u011flar.<\/li>\n<li><strong>Orta Notalar:<\/strong> G&uuml;l, \u015fakay\u0131k ve zambak, parf&uuml;me yumu\u015fak ve &ccedil;i&ccedil;eksi bir derinlik kazand\u0131rarak feminenli\u011fin &ouml;n plana &ccedil;\u0131kmas\u0131n\u0131 sa\u011flar.<\/li>\n<li><strong>Dip Notalar:<\/strong> Amber ve sedir a\u011fac\u0131, parf&uuml;me s\u0131cak ve odunsu bir kapan\u0131\u015f yaparak kal\u0131c\u0131 ve sofistike bir iz b\u0131rak\u0131r.<\/li>\n<\/ul>\n<p><strong>Chlo&eacute; Signature EDP<\/strong>, g&uuml;nl&uuml;k kullan\u0131m i&ccedil;in m&uuml;kemmel bir se&ccedil;imdir. Hem sade hem de \u015f\u0131k yap\u0131s\u0131yla g&uuml;n boyu tazelik ve zarafet sunar. Hafif ve feminen yap\u0131s\u0131yla her ortamda etkileyici bir iz b\u0131rak\u0131rken, kal\u0131c\u0131l\u0131\u011f\u0131yla g&uuml;n boyu size e\u015flik eder. Do\u011fal g&uuml;zelli\u011fi ve zarafeti yans\u0131tan bu parf&uuml;m, modern kad\u0131n\u0131n zarif duru\u015funu tamamlayacak m&uuml;kemmel bir se&ccedil;imdir.<\/p>\n","protected":false},"excerpt":{"rendered":"<p>Chlo&eacute; Signature EDP, zarif ve feminen bir parf&uuml;m arayan kad\u0131nlar i&ccedil;in yarat\u0131lm\u0131\u015f zamans\u0131z bir koku. Sofistike ve romantik bir karaktere<\/p>\n","protected":false},"featured_media":1635,"comment_status":"closed","ping_status":"open","template":"","meta":[],"product_brand":[105],"product_cat":[68],"product_tag":[],"class_list":{"0":"post-1633","1":"product","2":"type-product","3":"status-publish","4":"has-post-thumbnail","6":"product_brand-chloe","7":"product_cat-womens-perfume","9":"first","10":"instock","11":"purchasable","12":"product-type-simple"},"_links":{"self":[{"href":"https:\/\/bosforcosmetic.com\/index.php?rest_route=\/wp\/v2\/product\/1633","targetHints":{"allow":["GET"]}}],"collection":[{"href":"https:\/\/bosforcosmetic.com\/index.php?rest_route=\/wp\/v2\/product"}],"about":[{"href":"https:\/\/bosforcosmetic.com\/index.php?rest_route=\/wp\/v2\/types\/product"}],"replies":[{"embeddable":true,"href":"https:\/\/bosforcosmetic.com\/index.php?rest_route=%2Fwp%2Fv2%2Fcomments&post=1633"}],"version-history":[{"count":1,"href":"https:\/\/bosforcosmetic.com\/index.php?rest_route=\/wp\/v2\/product\/1633\/revisions"}],"predecessor-version":[{"id":1634,"href":"https:\/\/bosforcosmetic.com\/index.php?rest_route=\/wp\/v2\/product\/1633\/revisions\/1634"}],"wp:featuredmedia":[{"embeddable":true,"href":"https:\/\/bosforcosmetic.com\/index.php?rest_route=\/wp\/v2\/media\/1635"}],"wp:attachment":[{"href":"https:\/\/bosforcosmetic.com\/index.php?rest_route=%2Fwp%2Fv2%2Fmedia&parent=1633"}],"wp:term":[{"taxonomy":"product_brand","embeddable":true,"href":"https:\/\/bosforcosmetic.com\/index.php?rest_route=%2Fwp%2Fv2%2Fproduct_brand&post=1633"},{"taxonomy":"product_cat","embeddable":true,"href":"https:\/\/bosforcosmetic.com\/index.php?rest_route=%2Fwp%2Fv2%2Fproduct_cat&post=1633"},{"taxonomy":"product_tag","embeddable":true,"href":"https:\/\/bosforcosmetic.com\/index.php?rest_route=%2Fwp%2Fv2%2Fproduct_tag&post=1633"}],"curies":[{"name":"wp","href":"https:\/\/api.w.org\/{rel}","templated":true}]}}