{"id":1615,"date":"2025-07-13T11:31:47","date_gmt":"2025-07-13T11:31:47","guid":{"rendered":"https:\/\/bosforcosmetic.com\/?product=bvlgari-rose-essentielle-edt-100-ml"},"modified":"2025-07-13T11:31:47","modified_gmt":"2025-07-13T11:31:47","slug":"bvlgari-rose-essentielle-edt-100-ml","status":"publish","type":"product","link":"https:\/\/bosforcosmetic.com\/?product=bvlgari-rose-essentielle-edt-100-ml","title":{"rendered":"BVLGAR\u0130 ROSE ESSENT\u0130ELLE EDT 100 ML"},"content":{"rendered":"<p><strong>Bvlgari Rose Essentielle EDT<\/strong>, zarif ve kad\u0131ns\u0131 kokular\u0131n en g&uuml;zel temsilcilerinden biridir. G&uuml;l&uuml;n ba\u015frolde oldu\u011fu bu parf&uuml;m, meyvemsi ve &ccedil;i&ccedil;eksi notalar\u0131n e\u015fsiz uyumuyla her an\u0131n\u0131za zarif bir dokunu\u015f ekler. <strong>Rose Essentielle<\/strong>, modern kad\u0131n\u0131n zarafetini ve \u015f\u0131kl\u0131\u011f\u0131n\u0131 simgeler, hem g&uuml;nl&uuml;k hem de &ouml;zel anlarda kullan\u0131labilecek kadar etkileyici ve sofistikedir.<\/p>\n<ul>\n<li><strong>&Uuml;st Notalar:<\/strong> Siyah frenk &uuml;z&uuml;m&uuml; ve menek\u015fe, taze ve hafif bir ba\u015flang\u0131&ccedil; yaparak parf&uuml;me canland\u0131r\u0131c\u0131 bir hava katar.<\/li>\n<li><strong>Orta Notalar:<\/strong> G&uuml;l, yasemin ve orkide, parf&uuml;me &ccedil;i&ccedil;eksi ve zarif bir derinlik kazand\u0131r\u0131r.<\/li>\n<li><strong>Dip Notalar:<\/strong> Pa&ccedil;uli ve amber, parf&uuml;me s\u0131cak ve kal\u0131c\u0131 bir iz b\u0131rak\u0131rken, sofistike bir kapan\u0131\u015f sa\u011flar.<\/li>\n<\/ul>\n<p><strong>Bvlgari Rose Essentielle EDT<\/strong>, &ccedil;i&ccedil;eksi ve zarif kokular\u0131 tercih eden kad\u0131nlar i&ccedil;in m&uuml;kemmel bir se&ccedil;imdir. Parf&uuml;m, hem g&uuml;nd&uuml;z hem de gece kullan\u0131m\u0131na uygun olup, kal\u0131c\u0131 etkisiyle her ortamda kendinizi &ouml;zel hissetmenizi sa\u011flar. Feminen ve zarif yap\u0131s\u0131yla Bvlgari Rose Essentielle, sizi &ccedil;evrenize etkileyici bir \u015fekilde tan\u0131tacak.<\/p>\n","protected":false},"excerpt":{"rendered":"<p>Bvlgari Rose Essentielle EDT, zarif ve kad\u0131ns\u0131 kokular\u0131n en g&uuml;zel temsilcilerinden biridir. G&uuml;l&uuml;n ba\u015frolde oldu\u011fu bu parf&uuml;m, meyvemsi ve &ccedil;i&ccedil;eksi<\/p>\n","protected":false},"featured_media":1617,"comment_status":"closed","ping_status":"open","template":"","meta":[],"product_brand":[],"product_cat":[68],"product_tag":[],"class_list":{"0":"post-1615","1":"product","2":"type-product","3":"status-publish","4":"has-post-thumbnail","6":"product_cat-womens-perfume","8":"first","9":"instock","10":"purchasable","11":"product-type-simple"},"_links":{"self":[{"href":"https:\/\/bosforcosmetic.com\/index.php?rest_route=\/wp\/v2\/product\/1615","targetHints":{"allow":["GET"]}}],"collection":[{"href":"https:\/\/bosforcosmetic.com\/index.php?rest_route=\/wp\/v2\/product"}],"about":[{"href":"https:\/\/bosforcosmetic.com\/index.php?rest_route=\/wp\/v2\/types\/product"}],"replies":[{"embeddable":true,"href":"https:\/\/bosforcosmetic.com\/index.php?rest_route=%2Fwp%2Fv2%2Fcomments&post=1615"}],"version-history":[{"count":1,"href":"https:\/\/bosforcosmetic.com\/index.php?rest_route=\/wp\/v2\/product\/1615\/revisions"}],"predecessor-version":[{"id":1616,"href":"https:\/\/bosforcosmetic.com\/index.php?rest_route=\/wp\/v2\/product\/1615\/revisions\/1616"}],"wp:featuredmedia":[{"embeddable":true,"href":"https:\/\/bosforcosmetic.com\/index.php?rest_route=\/wp\/v2\/media\/1617"}],"wp:attachment":[{"href":"https:\/\/bosforcosmetic.com\/index.php?rest_route=%2Fwp%2Fv2%2Fmedia&parent=1615"}],"wp:term":[{"taxonomy":"product_brand","embeddable":true,"href":"https:\/\/bosforcosmetic.com\/index.php?rest_route=%2Fwp%2Fv2%2Fproduct_brand&post=1615"},{"taxonomy":"product_cat","embeddable":true,"href":"https:\/\/bosforcosmetic.com\/index.php?rest_route=%2Fwp%2Fv2%2Fproduct_cat&post=1615"},{"taxonomy":"product_tag","embeddable":true,"href":"https:\/\/bosforcosmetic.com\/index.php?rest_route=%2Fwp%2Fv2%2Fproduct_tag&post=1615"}],"curies":[{"name":"wp","href":"https:\/\/api.w.org\/{rel}","templated":true}]}}