{"id":1606,"date":"2025-07-13T11:31:37","date_gmt":"2025-07-13T11:31:37","guid":{"rendered":"https:\/\/bosforcosmetic.com\/?product=bvlgari-splendida-magnolia-sensuel-edp-100ml"},"modified":"2025-07-13T11:31:40","modified_gmt":"2025-07-13T11:31:40","slug":"bvlgari-splendida-magnolia-sensuel-edp-100ml","status":"publish","type":"product","link":"https:\/\/bosforcosmetic.com\/?product=bvlgari-splendida-magnolia-sensuel-edp-100ml","title":{"rendered":"BVLGAR\u0130 SPLEND\u0130DA MAGNOL\u0130A SENSUEL EDP 100ML"},"content":{"rendered":"<p><strong>Bvlgari Splendida Magnolia Sensuel EDP<\/strong>, sofistike ve zarif bir &ccedil;i&ccedil;eksi koku arayan kad\u0131nlar i&ccedil;in &ouml;zel olarak tasarlanm\u0131\u015f bir parf&uuml;md&uuml;r. Manolya ve yaseminin e\u015fsiz uyumu, bu parf&uuml;me feminen bir dokunu\u015f katarak duyulara hitap eden bir deneyim sunar. Magnolia Sensuel, kad\u0131ns\u0131 zarafeti ve modern &ccedil;ekicili\u011fi temsil eder.<\/p>\n<ul>\n<li><strong>&Uuml;st Notalar:<\/strong> Mandalina ve portakal &ccedil;i&ccedil;e\u011fi, ferah ve canland\u0131r\u0131c\u0131 bir ba\u015flang\u0131&ccedil; sunar.<\/li>\n<li><strong>Orta Notalar:<\/strong> Manolya ve yasemin, parf&uuml;me kad\u0131ns\u0131 ve zarif bir &ccedil;i&ccedil;eksi karakter kazand\u0131r\u0131r.<\/li>\n<li><strong>Dip Notalar:<\/strong> Pa&ccedil;uli ve vanilya, s\u0131cak ve kal\u0131c\u0131 bir iz b\u0131rakarak parf&uuml;me sofistike bir dokunu\u015f ekler.<\/li>\n<\/ul>\n<p><strong>Bvlgari Splendida Magnolia Sensuel EDP<\/strong>, &ccedil;i&ccedil;eksi ve zarif parf&uuml;mleri tercih eden kad\u0131nlar i&ccedil;in m&uuml;kemmel bir se&ccedil;imdir. Kal\u0131c\u0131 ve ba\u015f d&ouml;nd&uuml;r&uuml;c&uuml; etkisiyle g&uuml;n boyu sizi saran bu parf&uuml;m, hem g&uuml;nd&uuml;z hem de gece kullan\u0131m\u0131 i&ccedil;in idealdir. Feminen ve sofistike yap\u0131s\u0131yla her an\u0131n\u0131z\u0131 daha &ouml;zel k\u0131lar.<\/p>\n","protected":false},"excerpt":{"rendered":"<p>Bvlgari Splendida Magnolia Sensuel EDP, sofistike ve zarif bir &ccedil;i&ccedil;eksi koku arayan kad\u0131nlar i&ccedil;in &ouml;zel olarak tasarlanm\u0131\u015f bir parf&uuml;md&uuml;r. Manolya<\/p>\n","protected":false},"featured_media":1608,"comment_status":"closed","ping_status":"open","template":"","meta":[],"product_brand":[],"product_cat":[68],"product_tag":[],"class_list":{"0":"post-1606","1":"product","2":"type-product","3":"status-publish","4":"has-post-thumbnail","6":"product_cat-womens-perfume","8":"first","9":"instock","10":"purchasable","11":"product-type-simple"},"_links":{"self":[{"href":"https:\/\/bosforcosmetic.com\/index.php?rest_route=\/wp\/v2\/product\/1606","targetHints":{"allow":["GET"]}}],"collection":[{"href":"https:\/\/bosforcosmetic.com\/index.php?rest_route=\/wp\/v2\/product"}],"about":[{"href":"https:\/\/bosforcosmetic.com\/index.php?rest_route=\/wp\/v2\/types\/product"}],"replies":[{"embeddable":true,"href":"https:\/\/bosforcosmetic.com\/index.php?rest_route=%2Fwp%2Fv2%2Fcomments&post=1606"}],"version-history":[{"count":1,"href":"https:\/\/bosforcosmetic.com\/index.php?rest_route=\/wp\/v2\/product\/1606\/revisions"}],"predecessor-version":[{"id":1607,"href":"https:\/\/bosforcosmetic.com\/index.php?rest_route=\/wp\/v2\/product\/1606\/revisions\/1607"}],"wp:featuredmedia":[{"embeddable":true,"href":"https:\/\/bosforcosmetic.com\/index.php?rest_route=\/wp\/v2\/media\/1608"}],"wp:attachment":[{"href":"https:\/\/bosforcosmetic.com\/index.php?rest_route=%2Fwp%2Fv2%2Fmedia&parent=1606"}],"wp:term":[{"taxonomy":"product_brand","embeddable":true,"href":"https:\/\/bosforcosmetic.com\/index.php?rest_route=%2Fwp%2Fv2%2Fproduct_brand&post=1606"},{"taxonomy":"product_cat","embeddable":true,"href":"https:\/\/bosforcosmetic.com\/index.php?rest_route=%2Fwp%2Fv2%2Fproduct_cat&post=1606"},{"taxonomy":"product_tag","embeddable":true,"href":"https:\/\/bosforcosmetic.com\/index.php?rest_route=%2Fwp%2Fv2%2Fproduct_tag&post=1606"}],"curies":[{"name":"wp","href":"https:\/\/api.w.org\/{rel}","templated":true}]}}