{"id":1600,"date":"2025-07-13T11:31:37","date_gmt":"2025-07-13T11:31:37","guid":{"rendered":"https:\/\/bosforcosmetic.com\/?product=kajal-lamar-by-edp-100ml"},"modified":"2025-07-13T11:31:39","modified_gmt":"2025-07-13T11:31:39","slug":"kajal-lamar-by-edp-100ml","status":"publish","type":"product","link":"https:\/\/bosforcosmetic.com\/?product=kajal-lamar-by-edp-100ml","title":{"rendered":"KAJAL LAMAR BY EDP 100ML"},"content":{"rendered":"<p><strong>Kajal Lamar EDP<\/strong>, Arap&ccedil;a&rsquo;da &ldquo;alt\u0131n&rdquo; anlam\u0131na gelen &#8220;Lamar&#8221; ad\u0131n\u0131 ta\u015f\u0131yan bu parf&uuml;m, \u0131\u015f\u0131lt\u0131l\u0131 ve zengin notalar\u0131yla hem kad\u0131nlar hem de erkekler i&ccedil;in m&uuml;kemmel bir unisex koku sunar. Meyvemsi ve &ccedil;i&ccedil;eksi esintilerle parf&uuml;m, l&uuml;ks ve sofistike bir izlenim b\u0131rak\u0131rken, s\u0131cak ve zarif bir karakter ta\u015f\u0131r.<\/p>\n<ul>\n<li><strong>&Uuml;st Notalar:<\/strong> Ananas ve k\u0131rm\u0131z\u0131 meyveler, tatl\u0131 ve ferah bir a&ccedil;\u0131l\u0131\u015f yaparak parf&uuml;me canl\u0131l\u0131k kazand\u0131r\u0131r.<\/li>\n<li><strong>Orta Notalar:<\/strong> G&uuml;l, yasemin ve manolya, parf&uuml;me zarif ve &ccedil;i&ccedil;eksi bir derinlik ekler.<\/li>\n<li><strong>Dip Notalar:<\/strong> Vanilya, misk ve amber, parf&uuml;me s\u0131cakl\u0131k ve kal\u0131c\u0131l\u0131k sa\u011flayarak sofistike bir kapan\u0131\u015f sunar.<\/li>\n<\/ul>\n<p><strong>Kajal Lamar EDP<\/strong>, l&uuml;ks ve zarif bir koku arayanlar i&ccedil;in ideal bir se&ccedil;imdir. Kal\u0131c\u0131 ve ba\u015f d&ouml;nd&uuml;r&uuml;c&uuml; etkisiyle g&uuml;n boyu s&uuml;ren bu parf&uuml;m, her ortamda kendinizi &ouml;zel hissetmenizi sa\u011flar. Hem g&uuml;nd&uuml;z hem de gece kullan\u0131m\u0131 i&ccedil;in uygundur ve her an\u0131n\u0131za zarafet katacak bir dokunu\u015f sunar.<\/p>\n","protected":false},"excerpt":{"rendered":"<p>Kajal Lamar EDP, Arap&ccedil;a&rsquo;da &ldquo;alt\u0131n&rdquo; anlam\u0131na gelen &#8220;Lamar&#8221; ad\u0131n\u0131 ta\u015f\u0131yan bu parf&uuml;m, \u0131\u015f\u0131lt\u0131l\u0131 ve zengin notalar\u0131yla hem kad\u0131nlar hem de<\/p>\n","protected":false},"featured_media":1602,"comment_status":"closed","ping_status":"open","template":"","meta":[],"product_brand":[98],"product_cat":[67],"product_tag":[],"class_list":{"0":"post-1600","1":"product","2":"type-product","3":"status-publish","4":"has-post-thumbnail","6":"product_brand-kajal","7":"product_cat-unisex-perfume","9":"first","10":"instock","11":"purchasable","12":"product-type-simple"},"_links":{"self":[{"href":"https:\/\/bosforcosmetic.com\/index.php?rest_route=\/wp\/v2\/product\/1600","targetHints":{"allow":["GET"]}}],"collection":[{"href":"https:\/\/bosforcosmetic.com\/index.php?rest_route=\/wp\/v2\/product"}],"about":[{"href":"https:\/\/bosforcosmetic.com\/index.php?rest_route=\/wp\/v2\/types\/product"}],"replies":[{"embeddable":true,"href":"https:\/\/bosforcosmetic.com\/index.php?rest_route=%2Fwp%2Fv2%2Fcomments&post=1600"}],"version-history":[{"count":1,"href":"https:\/\/bosforcosmetic.com\/index.php?rest_route=\/wp\/v2\/product\/1600\/revisions"}],"predecessor-version":[{"id":1601,"href":"https:\/\/bosforcosmetic.com\/index.php?rest_route=\/wp\/v2\/product\/1600\/revisions\/1601"}],"wp:featuredmedia":[{"embeddable":true,"href":"https:\/\/bosforcosmetic.com\/index.php?rest_route=\/wp\/v2\/media\/1602"}],"wp:attachment":[{"href":"https:\/\/bosforcosmetic.com\/index.php?rest_route=%2Fwp%2Fv2%2Fmedia&parent=1600"}],"wp:term":[{"taxonomy":"product_brand","embeddable":true,"href":"https:\/\/bosforcosmetic.com\/index.php?rest_route=%2Fwp%2Fv2%2Fproduct_brand&post=1600"},{"taxonomy":"product_cat","embeddable":true,"href":"https:\/\/bosforcosmetic.com\/index.php?rest_route=%2Fwp%2Fv2%2Fproduct_cat&post=1600"},{"taxonomy":"product_tag","embeddable":true,"href":"https:\/\/bosforcosmetic.com\/index.php?rest_route=%2Fwp%2Fv2%2Fproduct_tag&post=1600"}],"curies":[{"name":"wp","href":"https:\/\/api.w.org\/{rel}","templated":true}]}}