{"id":1588,"date":"2025-07-13T11:31:37","date_gmt":"2025-07-13T11:31:37","guid":{"rendered":"https:\/\/bosforcosmetic.com\/?product=burberry-my-burberry-edp-90-ml"},"modified":"2025-07-13T11:31:39","modified_gmt":"2025-07-13T11:31:39","slug":"burberry-my-burberry-edp-90-ml","status":"publish","type":"product","link":"https:\/\/bosforcosmetic.com\/?product=burberry-my-burberry-edp-90-ml","title":{"rendered":"BURBERRY MY BURBERRY EDP 90 ML"},"content":{"rendered":"<p><strong>Burberry My Burberry EDP<\/strong>, zarif ve feminen &ccedil;i&ccedil;eksi notalar\u0131yla klasik bir \u0130ngiliz bah&ccedil;esinin taze kokular\u0131n\u0131 ta\u015f\u0131r. Bu parf&uuml;m, modern ve &ouml;zg&uuml;venli kad\u0131nlar\u0131n zarafetini yans\u0131tan sofistike ve taze bir koku sunar. G&uuml;nl&uuml;k kullan\u0131m i&ccedil;in ideal olan bu parf&uuml;m, uzun s&uuml;re kal\u0131c\u0131 ve etkileyici bir deneyim sa\u011flar.<\/p>\n<ul>\n<li><strong>&Uuml;st Notalar:<\/strong> Tatl\u0131 bezelye ve bergamot, taze ve canl\u0131 bir ba\u015flang\u0131&ccedil; yaparak parf&uuml;me ferahl\u0131k kazand\u0131r\u0131r.<\/li>\n<li><strong>Orta Notalar:<\/strong> Sardunya, frezya ve alt\u0131n ayva, parf&uuml;me derinlik ve kad\u0131ns\u0131 bir dokunu\u015f katar.<\/li>\n<li><strong>Dip Notalar:<\/strong> Pa&ccedil;uli ve damla sak\u0131z\u0131, s\u0131cak ve kal\u0131c\u0131 bir iz b\u0131rak\u0131r.<\/li>\n<\/ul>\n<p><strong>Burberry My Burberry EDP<\/strong>, feminen ve &ccedil;i&ccedil;eksi kokular\u0131 seven kad\u0131nlar i&ccedil;in m&uuml;kemmel bir se&ccedil;imdir. Zarif ve sofistike yap\u0131s\u0131yla her an\u0131n\u0131z\u0131 &ouml;zel k\u0131larken, uzun s&uuml;re kal\u0131c\u0131 etkisiyle unutulmaz bir izlenim b\u0131rak\u0131r.<\/p>\n","protected":false},"excerpt":{"rendered":"<p>Burberry My Burberry EDP, zarif ve feminen &ccedil;i&ccedil;eksi notalar\u0131yla klasik bir \u0130ngiliz bah&ccedil;esinin taze kokular\u0131n\u0131 ta\u015f\u0131r. Bu parf&uuml;m, modern ve<\/p>\n","protected":false},"featured_media":1590,"comment_status":"closed","ping_status":"open","template":"","meta":[],"product_brand":[102],"product_cat":[68],"product_tag":[],"class_list":{"0":"post-1588","1":"product","2":"type-product","3":"status-publish","4":"has-post-thumbnail","6":"product_brand-burberry","7":"product_cat-womens-perfume","9":"first","10":"instock","11":"purchasable","12":"product-type-simple"},"_links":{"self":[{"href":"https:\/\/bosforcosmetic.com\/index.php?rest_route=\/wp\/v2\/product\/1588","targetHints":{"allow":["GET"]}}],"collection":[{"href":"https:\/\/bosforcosmetic.com\/index.php?rest_route=\/wp\/v2\/product"}],"about":[{"href":"https:\/\/bosforcosmetic.com\/index.php?rest_route=\/wp\/v2\/types\/product"}],"replies":[{"embeddable":true,"href":"https:\/\/bosforcosmetic.com\/index.php?rest_route=%2Fwp%2Fv2%2Fcomments&post=1588"}],"version-history":[{"count":1,"href":"https:\/\/bosforcosmetic.com\/index.php?rest_route=\/wp\/v2\/product\/1588\/revisions"}],"predecessor-version":[{"id":1589,"href":"https:\/\/bosforcosmetic.com\/index.php?rest_route=\/wp\/v2\/product\/1588\/revisions\/1589"}],"wp:featuredmedia":[{"embeddable":true,"href":"https:\/\/bosforcosmetic.com\/index.php?rest_route=\/wp\/v2\/media\/1590"}],"wp:attachment":[{"href":"https:\/\/bosforcosmetic.com\/index.php?rest_route=%2Fwp%2Fv2%2Fmedia&parent=1588"}],"wp:term":[{"taxonomy":"product_brand","embeddable":true,"href":"https:\/\/bosforcosmetic.com\/index.php?rest_route=%2Fwp%2Fv2%2Fproduct_brand&post=1588"},{"taxonomy":"product_cat","embeddable":true,"href":"https:\/\/bosforcosmetic.com\/index.php?rest_route=%2Fwp%2Fv2%2Fproduct_cat&post=1588"},{"taxonomy":"product_tag","embeddable":true,"href":"https:\/\/bosforcosmetic.com\/index.php?rest_route=%2Fwp%2Fv2%2Fproduct_tag&post=1588"}],"curies":[{"name":"wp","href":"https:\/\/api.w.org\/{rel}","templated":true}]}}