{"id":1585,"date":"2025-07-13T11:31:37","date_gmt":"2025-07-13T11:31:37","guid":{"rendered":"https:\/\/bosforcosmetic.com\/?product=burberry-my-burberry-black-edp-90-ml"},"modified":"2025-07-13T11:31:38","modified_gmt":"2025-07-13T11:31:38","slug":"burberry-my-burberry-black-edp-90-ml","status":"publish","type":"product","link":"https:\/\/bosforcosmetic.com\/?product=burberry-my-burberry-black-edp-90-ml","title":{"rendered":"BURBERRY MY BURBERRY BLACK EDP 90 ML"},"content":{"rendered":"<p><strong>Burberry My Burberry Black EDP<\/strong>, modern ve zarif kad\u0131nlar i&ccedil;in tasarlanm\u0131\u015f, s\u0131cak ve &ccedil;ekici bir parf&uuml;md&uuml;r. Oryantal ve &ccedil;i&ccedil;eksi notalar\u0131n m&uuml;kemmel birle\u015fimi, bu parf&uuml;me sofistike bir hava katarak her ortamda unutulmaz bir iz b\u0131rak\u0131r. Hem g&uuml;nd&uuml;z hem de gece kullan\u0131m\u0131na uygun olan <strong>My Burberry Black<\/strong>, etkileyici yap\u0131s\u0131yla ba\u015f d&ouml;nd&uuml;r&uuml;c&uuml; bir koku sunar.<\/p>\n<ul>\n<li><strong>&Uuml;st Notalar:<\/strong> \u015eeftali ve yasemin, tatl\u0131 ve &ccedil;i&ccedil;eksi bir a&ccedil;\u0131l\u0131\u015f yaparak ferahlat\u0131c\u0131 bir etki yarat\u0131r.<\/li>\n<li><strong>Orta Notalar:<\/strong> G&uuml;l ve ylang-ylang &ccedil;i&ccedil;eklerinin zarif birle\u015fimi, parf&uuml;me derinlik ve feminenlik katar.<\/li>\n<li><strong>Dip Notalar:<\/strong> Amber ve pa&ccedil;uli, s\u0131cak ve odunsu tonlar\u0131yla parf&uuml;me kal\u0131c\u0131 ve ba\u015ftan &ccedil;\u0131kar\u0131c\u0131 bir etki verir.<\/li>\n<\/ul>\n<p><strong>Burberry My Burberry Black EDP<\/strong>, zarif, sofistike ve &ccedil;ekici kokular\u0131 seven kad\u0131nlar i&ccedil;in m&uuml;kemmel bir tercihtir. Kal\u0131c\u0131 etkisi sayesinde her an\u0131n\u0131zda kendinizi &ouml;zel ve ba\u015f d&ouml;nd&uuml;r&uuml;c&uuml; hissettirir.<\/p>\n","protected":false},"excerpt":{"rendered":"<p>Burberry My Burberry Black EDP, modern ve zarif kad\u0131nlar i&ccedil;in tasarlanm\u0131\u015f, s\u0131cak ve &ccedil;ekici bir parf&uuml;md&uuml;r. Oryantal ve &ccedil;i&ccedil;eksi notalar\u0131n<\/p>\n","protected":false},"featured_media":1587,"comment_status":"closed","ping_status":"open","template":"","meta":[],"product_brand":[102],"product_cat":[68],"product_tag":[],"class_list":{"0":"post-1585","1":"product","2":"type-product","3":"status-publish","4":"has-post-thumbnail","6":"product_brand-burberry","7":"product_cat-womens-perfume","9":"first","10":"instock","11":"purchasable","12":"product-type-simple"},"_links":{"self":[{"href":"https:\/\/bosforcosmetic.com\/index.php?rest_route=\/wp\/v2\/product\/1585","targetHints":{"allow":["GET"]}}],"collection":[{"href":"https:\/\/bosforcosmetic.com\/index.php?rest_route=\/wp\/v2\/product"}],"about":[{"href":"https:\/\/bosforcosmetic.com\/index.php?rest_route=\/wp\/v2\/types\/product"}],"replies":[{"embeddable":true,"href":"https:\/\/bosforcosmetic.com\/index.php?rest_route=%2Fwp%2Fv2%2Fcomments&post=1585"}],"version-history":[{"count":1,"href":"https:\/\/bosforcosmetic.com\/index.php?rest_route=\/wp\/v2\/product\/1585\/revisions"}],"predecessor-version":[{"id":1586,"href":"https:\/\/bosforcosmetic.com\/index.php?rest_route=\/wp\/v2\/product\/1585\/revisions\/1586"}],"wp:featuredmedia":[{"embeddable":true,"href":"https:\/\/bosforcosmetic.com\/index.php?rest_route=\/wp\/v2\/media\/1587"}],"wp:attachment":[{"href":"https:\/\/bosforcosmetic.com\/index.php?rest_route=%2Fwp%2Fv2%2Fmedia&parent=1585"}],"wp:term":[{"taxonomy":"product_brand","embeddable":true,"href":"https:\/\/bosforcosmetic.com\/index.php?rest_route=%2Fwp%2Fv2%2Fproduct_brand&post=1585"},{"taxonomy":"product_cat","embeddable":true,"href":"https:\/\/bosforcosmetic.com\/index.php?rest_route=%2Fwp%2Fv2%2Fproduct_cat&post=1585"},{"taxonomy":"product_tag","embeddable":true,"href":"https:\/\/bosforcosmetic.com\/index.php?rest_route=%2Fwp%2Fv2%2Fproduct_tag&post=1585"}],"curies":[{"name":"wp","href":"https:\/\/api.w.org\/{rel}","templated":true}]}}