{"id":1576,"date":"2025-07-13T11:31:37","date_gmt":"2025-07-13T11:31:37","guid":{"rendered":"https:\/\/bosforcosmetic.com\/?product=burberry-hero-edt-100-ml"},"modified":"2025-07-13T11:31:38","modified_gmt":"2025-07-13T11:31:38","slug":"burberry-hero-edt-100-ml","status":"publish","type":"product","link":"https:\/\/bosforcosmetic.com\/?product=burberry-hero-edt-100-ml","title":{"rendered":"BURBERRY HERO EDT 100 ML"},"content":{"rendered":"<p><strong>Burberry Hero EDT<\/strong>, modern ve cesur erkekler i&ccedil;in tasarlanm\u0131\u015f, mask&uuml;len ve enerjik bir parf&uuml;md&uuml;r. Oryantal ve odunsu notalar\u0131n g&uuml;&ccedil;l&uuml; birle\u015fimi, buram buram &ouml;zg&uuml;ven ve karizma kokusu sunar. Bu parf&uuml;m, dinamik ve sofistike bir izlenim b\u0131rak\u0131rken, her ortamda kal\u0131c\u0131 bir etki yarat\u0131r.<\/p>\n<ul>\n<li><strong>&Uuml;st Notalar:<\/strong> Ferah bergamot ve zencefil, canl\u0131 ve taze bir a&ccedil;\u0131l\u0131\u015f yaparak parf&uuml;me enerjik bir ba\u015flang\u0131&ccedil; sunar.<\/li>\n<li><strong>Orta Notalar:<\/strong> Ard\u0131&ccedil; ve sedir a\u011fac\u0131n\u0131n odunsu notalar\u0131, parf&uuml;me derinlik katarak mask&uuml;len bir hava yarat\u0131r.<\/li>\n<li><strong>Dip Notalar:<\/strong> Vanilya ve misk, s\u0131cak ve tatl\u0131 bir etki ile son bulur, uzun s&uuml;re kal\u0131c\u0131 ve etkileyici bir iz b\u0131rak\u0131r.<\/li>\n<\/ul>\n<p><strong>Burberry Hero EDT<\/strong>, g&uuml;&ccedil;l&uuml; ve &ouml;zg&uuml;venli erkekler i&ccedil;in ideal bir tercihtir. Hem g&uuml;nd&uuml;z hem de gece kullan\u0131m\u0131na uygun olan bu parf&uuml;m, kal\u0131c\u0131 etkisiyle kendinizi her zaman g&uuml;&ccedil;l&uuml; ve sofistike hissettirir.<\/p>\n","protected":false},"excerpt":{"rendered":"<p>Burberry Hero EDT, modern ve cesur erkekler i&ccedil;in tasarlanm\u0131\u015f, mask&uuml;len ve enerjik bir parf&uuml;md&uuml;r. Oryantal ve odunsu notalar\u0131n g&uuml;&ccedil;l&uuml; birle\u015fimi,<\/p>\n","protected":false},"featured_media":1578,"comment_status":"closed","ping_status":"open","template":"","meta":[],"product_brand":[102],"product_cat":[66],"product_tag":[],"class_list":{"0":"post-1576","1":"product","2":"type-product","3":"status-publish","4":"has-post-thumbnail","6":"product_brand-burberry","7":"product_cat-mens-perfume","9":"first","10":"instock","11":"purchasable","12":"product-type-simple"},"_links":{"self":[{"href":"https:\/\/bosforcosmetic.com\/index.php?rest_route=\/wp\/v2\/product\/1576","targetHints":{"allow":["GET"]}}],"collection":[{"href":"https:\/\/bosforcosmetic.com\/index.php?rest_route=\/wp\/v2\/product"}],"about":[{"href":"https:\/\/bosforcosmetic.com\/index.php?rest_route=\/wp\/v2\/types\/product"}],"replies":[{"embeddable":true,"href":"https:\/\/bosforcosmetic.com\/index.php?rest_route=%2Fwp%2Fv2%2Fcomments&post=1576"}],"version-history":[{"count":1,"href":"https:\/\/bosforcosmetic.com\/index.php?rest_route=\/wp\/v2\/product\/1576\/revisions"}],"predecessor-version":[{"id":1577,"href":"https:\/\/bosforcosmetic.com\/index.php?rest_route=\/wp\/v2\/product\/1576\/revisions\/1577"}],"wp:featuredmedia":[{"embeddable":true,"href":"https:\/\/bosforcosmetic.com\/index.php?rest_route=\/wp\/v2\/media\/1578"}],"wp:attachment":[{"href":"https:\/\/bosforcosmetic.com\/index.php?rest_route=%2Fwp%2Fv2%2Fmedia&parent=1576"}],"wp:term":[{"taxonomy":"product_brand","embeddable":true,"href":"https:\/\/bosforcosmetic.com\/index.php?rest_route=%2Fwp%2Fv2%2Fproduct_brand&post=1576"},{"taxonomy":"product_cat","embeddable":true,"href":"https:\/\/bosforcosmetic.com\/index.php?rest_route=%2Fwp%2Fv2%2Fproduct_cat&post=1576"},{"taxonomy":"product_tag","embeddable":true,"href":"https:\/\/bosforcosmetic.com\/index.php?rest_route=%2Fwp%2Fv2%2Fproduct_tag&post=1576"}],"curies":[{"name":"wp","href":"https:\/\/api.w.org\/{rel}","templated":true}]}}