{"id":1567,"date":"2025-07-13T11:31:37","date_gmt":"2025-07-13T11:31:37","guid":{"rendered":"https:\/\/bosforcosmetic.com\/?product=jimmy-choo-ladies-i-want-choo-edp-100-ml"},"modified":"2025-07-13T11:31:37","modified_gmt":"2025-07-13T11:31:37","slug":"jimmy-choo-ladies-i-want-choo-edp-100-ml","status":"publish","type":"product","link":"https:\/\/bosforcosmetic.com\/?product=jimmy-choo-ladies-i-want-choo-edp-100-ml","title":{"rendered":"JIMMY CHOO LAD\u0130ES I WANT CHOO EDP 100 ML"},"content":{"rendered":"<p><strong>Jimmy Choo Ladies I Want Choo EDP<\/strong>, zarif ve ba\u015ftan &ccedil;\u0131kar\u0131c\u0131 bir koku arayan modern kad\u0131n\u0131n tercihi olacak, &ccedil;i&ccedil;eksi ve meyvemsi notalarla harmanlanm\u0131\u015f bir parf&uuml;md&uuml;r. Hem enerjik hem de sofistike bir hava yaratarak, her ortamda kendinizi &ouml;zel hissetmenizi sa\u011flar.<\/p>\n<ul>\n<li><strong>&Uuml;st Notalar:<\/strong> Ferah k\u0131rm\u0131z\u0131 meyveler ve narenciye dokunu\u015flar\u0131, enerjik ve taze bir ba\u015flang\u0131&ccedil; sunar.<\/li>\n<li><strong>Orta Notalar:<\/strong> Yasemin ve beyaz g&uuml;l &ccedil;i&ccedil;eklerinin zarif birle\u015fimi, feminen ve sofistike bir dokunu\u015f katar.<\/li>\n<li><strong>Dip Notalar:<\/strong> Vanilya ve pa&ccedil;uli, parf&uuml;me s\u0131cak ve kal\u0131c\u0131 bir etki ekler.<\/li>\n<\/ul>\n<p>Jimmy Choo <strong>Ladies I Want Choo EDP<\/strong>, sofistike, modern ve kendine g&uuml;venen kad\u0131nlar i&ccedil;in m&uuml;kemmel bir se&ccedil;imdir. Hem g&uuml;nd&uuml;z hem de gece kullan\u0131ma uygun olan bu parf&uuml;m, uzun s&uuml;re kal\u0131c\u0131 etkisi ile her an\u0131n\u0131z\u0131 unutulmaz k\u0131lar.<\/p>\n","protected":false},"excerpt":{"rendered":"<p>Jimmy Choo Ladies I Want Choo EDP, zarif ve ba\u015ftan &ccedil;\u0131kar\u0131c\u0131 bir koku arayan modern kad\u0131n\u0131n tercihi olacak, &ccedil;i&ccedil;eksi ve<\/p>\n","protected":false},"featured_media":1569,"comment_status":"closed","ping_status":"open","template":"","meta":[],"product_brand":[101],"product_cat":[68],"product_tag":[],"class_list":{"0":"post-1567","1":"product","2":"type-product","3":"status-publish","4":"has-post-thumbnail","6":"product_brand-jimmy-choo","7":"product_cat-womens-perfume","9":"first","10":"instock","11":"purchasable","12":"product-type-simple"},"_links":{"self":[{"href":"https:\/\/bosforcosmetic.com\/index.php?rest_route=\/wp\/v2\/product\/1567","targetHints":{"allow":["GET"]}}],"collection":[{"href":"https:\/\/bosforcosmetic.com\/index.php?rest_route=\/wp\/v2\/product"}],"about":[{"href":"https:\/\/bosforcosmetic.com\/index.php?rest_route=\/wp\/v2\/types\/product"}],"replies":[{"embeddable":true,"href":"https:\/\/bosforcosmetic.com\/index.php?rest_route=%2Fwp%2Fv2%2Fcomments&post=1567"}],"version-history":[{"count":1,"href":"https:\/\/bosforcosmetic.com\/index.php?rest_route=\/wp\/v2\/product\/1567\/revisions"}],"predecessor-version":[{"id":1568,"href":"https:\/\/bosforcosmetic.com\/index.php?rest_route=\/wp\/v2\/product\/1567\/revisions\/1568"}],"wp:featuredmedia":[{"embeddable":true,"href":"https:\/\/bosforcosmetic.com\/index.php?rest_route=\/wp\/v2\/media\/1569"}],"wp:attachment":[{"href":"https:\/\/bosforcosmetic.com\/index.php?rest_route=%2Fwp%2Fv2%2Fmedia&parent=1567"}],"wp:term":[{"taxonomy":"product_brand","embeddable":true,"href":"https:\/\/bosforcosmetic.com\/index.php?rest_route=%2Fwp%2Fv2%2Fproduct_brand&post=1567"},{"taxonomy":"product_cat","embeddable":true,"href":"https:\/\/bosforcosmetic.com\/index.php?rest_route=%2Fwp%2Fv2%2Fproduct_cat&post=1567"},{"taxonomy":"product_tag","embeddable":true,"href":"https:\/\/bosforcosmetic.com\/index.php?rest_route=%2Fwp%2Fv2%2Fproduct_tag&post=1567"}],"curies":[{"name":"wp","href":"https:\/\/api.w.org\/{rel}","templated":true}]}}