{"id":1561,"date":"2025-07-13T11:31:37","date_gmt":"2025-07-13T11:31:37","guid":{"rendered":"https:\/\/bosforcosmetic.com\/?product=jimmy-choo-i-want-choo-le-parfum-100-ml"},"modified":"2025-07-13T11:31:37","modified_gmt":"2025-07-13T11:31:37","slug":"jimmy-choo-i-want-choo-le-parfum-100-ml","status":"publish","type":"product","link":"https:\/\/bosforcosmetic.com\/?product=jimmy-choo-i-want-choo-le-parfum-100-ml","title":{"rendered":"JIMMY CHOO I WANT CHOO LE PARFUM 100 ML"},"content":{"rendered":"<div class=\"flex max-w-full flex-col flex-grow\">\n<div data-message-author-role=\"assistant\" data-message-id=\"a97d8862-c19f-4d08-8813-95a620186cca\" dir=\"auto\" class=\"min-h-8 text-message flex w-full flex-col items-end gap-2 whitespace-normal break-words text-start [.text-message+&amp;]:mt-5\" data-message-model-slug=\"gpt-4o\">\n<div class=\"flex w-full flex-col gap-1 empty:hidden first:pt-[3px]\">\n<div class=\"markdown prose w-full break-words dark:prose-invert light\">\n<p><strong>Jimmy Choo I Want Choo Le Parfum<\/strong>, modern kad\u0131n\u0131n zarafetini ve &ouml;zg&uuml;venini yans\u0131tan, &ccedil;i&ccedil;eksi ve oryantal notalar\u0131n e\u015fsiz uyumunu sunan bir parf&uuml;md&uuml;r. Zarif ve ba\u015ftan &ccedil;\u0131kar\u0131c\u0131 bu koku, her ortamda dikkatleri &uuml;zerinize &ccedil;eker.<\/p>\n<ul>\n<li><strong>&Uuml;st Notalar:<\/strong> Ferah k\u0131rm\u0131z\u0131 frenk &uuml;z&uuml;m&uuml; ile tazeleyici bir ba\u015flang\u0131&ccedil; yapar ve enerjik bir izlenim b\u0131rak\u0131r.<\/li>\n<li><strong>Orta Notalar:<\/strong> Yasemin ve beyaz nil&uuml;ferin sofistike kar\u0131\u015f\u0131m\u0131, feminen ve zarif bir dokunu\u015f katar.<\/li>\n<li><strong>Dip Notalar:<\/strong> Vanilya orkidesi ve sandal a\u011fac\u0131n\u0131n s\u0131cak, kal\u0131c\u0131 tonlar\u0131, parf&uuml;m&uuml;n sonunu unutulmaz k\u0131lar.<\/li>\n<\/ul>\n<p>Jimmy Choo <strong>I Want Choo Le Parfum<\/strong>, sofistike bir parf&uuml;m arayan kad\u0131nlar i&ccedil;in m&uuml;kemmel bir tercih. Hem g&uuml;nd&uuml;z hem de gece kullan\u0131m\u0131na uygun olup, kendinizi &ouml;zel hissetmenizi sa\u011flayacak kal\u0131c\u0131 ve &ccedil;ekici bir etki b\u0131rak\u0131r.<\/p>\n<\/div>\n<\/div>\n<\/div>\n<\/div>\n","protected":false},"excerpt":{"rendered":"<p>Jimmy Choo I Want Choo Le Parfum, modern kad\u0131n\u0131n zarafetini ve &ouml;zg&uuml;venini yans\u0131tan, &ccedil;i&ccedil;eksi ve oryantal notalar\u0131n e\u015fsiz uyumunu sunan<\/p>\n","protected":false},"featured_media":1563,"comment_status":"closed","ping_status":"open","template":"","meta":[],"product_brand":[101],"product_cat":[68],"product_tag":[],"class_list":{"0":"post-1561","1":"product","2":"type-product","3":"status-publish","4":"has-post-thumbnail","6":"product_brand-jimmy-choo","7":"product_cat-womens-perfume","9":"first","10":"instock","11":"purchasable","12":"product-type-simple"},"_links":{"self":[{"href":"https:\/\/bosforcosmetic.com\/index.php?rest_route=\/wp\/v2\/product\/1561","targetHints":{"allow":["GET"]}}],"collection":[{"href":"https:\/\/bosforcosmetic.com\/index.php?rest_route=\/wp\/v2\/product"}],"about":[{"href":"https:\/\/bosforcosmetic.com\/index.php?rest_route=\/wp\/v2\/types\/product"}],"replies":[{"embeddable":true,"href":"https:\/\/bosforcosmetic.com\/index.php?rest_route=%2Fwp%2Fv2%2Fcomments&post=1561"}],"version-history":[{"count":1,"href":"https:\/\/bosforcosmetic.com\/index.php?rest_route=\/wp\/v2\/product\/1561\/revisions"}],"predecessor-version":[{"id":1562,"href":"https:\/\/bosforcosmetic.com\/index.php?rest_route=\/wp\/v2\/product\/1561\/revisions\/1562"}],"wp:featuredmedia":[{"embeddable":true,"href":"https:\/\/bosforcosmetic.com\/index.php?rest_route=\/wp\/v2\/media\/1563"}],"wp:attachment":[{"href":"https:\/\/bosforcosmetic.com\/index.php?rest_route=%2Fwp%2Fv2%2Fmedia&parent=1561"}],"wp:term":[{"taxonomy":"product_brand","embeddable":true,"href":"https:\/\/bosforcosmetic.com\/index.php?rest_route=%2Fwp%2Fv2%2Fproduct_brand&post=1561"},{"taxonomy":"product_cat","embeddable":true,"href":"https:\/\/bosforcosmetic.com\/index.php?rest_route=%2Fwp%2Fv2%2Fproduct_cat&post=1561"},{"taxonomy":"product_tag","embeddable":true,"href":"https:\/\/bosforcosmetic.com\/index.php?rest_route=%2Fwp%2Fv2%2Fproduct_tag&post=1561"}],"curies":[{"name":"wp","href":"https:\/\/api.w.org\/{rel}","templated":true}]}}