{"id":1552,"date":"2025-07-13T11:31:27","date_gmt":"2025-07-13T11:31:27","guid":{"rendered":"https:\/\/bosforcosmetic.com\/?product=lacoste-pour-femme-edp-90-ml"},"modified":"2025-07-13T11:31:30","modified_gmt":"2025-07-13T11:31:30","slug":"lacoste-pour-femme-edp-90-ml","status":"publish","type":"product","link":"https:\/\/bosforcosmetic.com\/?product=lacoste-pour-femme-edp-90-ml","title":{"rendered":"LACOSTE POUR FEMME EDP 90 ML"},"content":{"rendered":"<p><strong>Lacoste Pour Femme EDP 90ml<\/strong>, zamans\u0131z, kad\u0131ns\u0131 ve sofistike bir parf&uuml;m arayanlar i&ccedil;in m&uuml;kemmel bir se&ccedil;imdir. Koku, yumu\u015fak ama g&uuml;&ccedil;l&uuml; bir ifade sunarak modern kad\u0131n\u0131n zarafetini vurgular.<\/p>\n<ul>\n<li><strong>&Uuml;st Notalar:<\/strong> \u0130lk s\u0131k\u0131ld\u0131\u011f\u0131nda taze ve ferah bir his uyand\u0131ran <strong>biber<\/strong> ve <strong>menek\u015fe<\/strong> ile a&ccedil;\u0131l\u0131r. Bu notalar parf&uuml;me canl\u0131l\u0131k ve enerji katar.<\/li>\n<li><strong>Orta Notalar:<\/strong> Zarif ve feminen bir dokunu\u015f sunan <strong>yasemin<\/strong>, <strong>g&uuml;l<\/strong> ve <strong>hibiskus<\/strong> &ccedil;i&ccedil;e\u011fi ile kalp notalar\u0131nda yumu\u015fak bir &ccedil;i&ccedil;eksi koku ortaya &ccedil;\u0131kar.<\/li>\n<li><strong>Alt Notalar:<\/strong> Parf&uuml;m&uuml;n temelini olu\u015fturan <strong>sandal a\u011fac\u0131<\/strong>, <strong>sedir a\u011fac\u0131<\/strong> ve <strong>t&uuml;ts&uuml;<\/strong>, derin ve kal\u0131c\u0131 bir etki yarat\u0131r, kokunun s\u0131cak ve odunsu yap\u0131s\u0131n\u0131 dengeler.<\/li>\n<\/ul>\n<p><strong>Lacoste Pour Femme<\/strong>, dinamik ve sofistike kad\u0131nlar i&ccedil;in tasarlanm\u0131\u015f bir parf&uuml;md&uuml;r. Hem g&uuml;nl&uuml;k kullan\u0131ma hem de &ouml;zel anlar i&ccedil;in uygundur. Hafif ama kal\u0131c\u0131 bir iz b\u0131rakan bu parf&uuml;m, zarafet ve tazeli\u011fi bir araya getiriyor.<\/p>\n","protected":false},"excerpt":{"rendered":"<p>Lacoste Pour Femme EDP 90ml, zamans\u0131z, kad\u0131ns\u0131 ve sofistike bir parf&uuml;m arayanlar i&ccedil;in m&uuml;kemmel bir se&ccedil;imdir. Koku, yumu\u015fak ama g&uuml;&ccedil;l&uuml;<\/p>\n","protected":false},"featured_media":1554,"comment_status":"closed","ping_status":"open","template":"","meta":[],"product_brand":[],"product_cat":[68],"product_tag":[],"class_list":{"0":"post-1552","1":"product","2":"type-product","3":"status-publish","4":"has-post-thumbnail","6":"product_cat-womens-perfume","8":"first","9":"instock","10":"purchasable","11":"product-type-simple"},"_links":{"self":[{"href":"https:\/\/bosforcosmetic.com\/index.php?rest_route=\/wp\/v2\/product\/1552","targetHints":{"allow":["GET"]}}],"collection":[{"href":"https:\/\/bosforcosmetic.com\/index.php?rest_route=\/wp\/v2\/product"}],"about":[{"href":"https:\/\/bosforcosmetic.com\/index.php?rest_route=\/wp\/v2\/types\/product"}],"replies":[{"embeddable":true,"href":"https:\/\/bosforcosmetic.com\/index.php?rest_route=%2Fwp%2Fv2%2Fcomments&post=1552"}],"version-history":[{"count":1,"href":"https:\/\/bosforcosmetic.com\/index.php?rest_route=\/wp\/v2\/product\/1552\/revisions"}],"predecessor-version":[{"id":1553,"href":"https:\/\/bosforcosmetic.com\/index.php?rest_route=\/wp\/v2\/product\/1552\/revisions\/1553"}],"wp:featuredmedia":[{"embeddable":true,"href":"https:\/\/bosforcosmetic.com\/index.php?rest_route=\/wp\/v2\/media\/1554"}],"wp:attachment":[{"href":"https:\/\/bosforcosmetic.com\/index.php?rest_route=%2Fwp%2Fv2%2Fmedia&parent=1552"}],"wp:term":[{"taxonomy":"product_brand","embeddable":true,"href":"https:\/\/bosforcosmetic.com\/index.php?rest_route=%2Fwp%2Fv2%2Fproduct_brand&post=1552"},{"taxonomy":"product_cat","embeddable":true,"href":"https:\/\/bosforcosmetic.com\/index.php?rest_route=%2Fwp%2Fv2%2Fproduct_cat&post=1552"},{"taxonomy":"product_tag","embeddable":true,"href":"https:\/\/bosforcosmetic.com\/index.php?rest_route=%2Fwp%2Fv2%2Fproduct_tag&post=1552"}],"curies":[{"name":"wp","href":"https:\/\/api.w.org\/{rel}","templated":true}]}}