{"id":1549,"date":"2025-07-13T11:31:27","date_gmt":"2025-07-13T11:31:27","guid":{"rendered":"https:\/\/bosforcosmetic.com\/?product=narciso-rodriguez-eau-poudree-edp-90-ml"},"modified":"2025-07-13T11:31:30","modified_gmt":"2025-07-13T11:31:30","slug":"narciso-rodriguez-eau-poudree-edp-90-ml","status":"publish","type":"product","link":"https:\/\/bosforcosmetic.com\/?product=narciso-rodriguez-eau-poudree-edp-90-ml","title":{"rendered":"NARC\u0130SO RODR\u0130GUEZ EAU POUDREE EDP 90 ML"},"content":{"rendered":"<p><strong>Narciso Rodriguez Eau Poudr&eacute;e EDP 90ml<\/strong>, yumu\u015fak, zarif ve feminen bir parf&uuml;m olarak, kad\u0131ns\u0131l\u0131\u011f\u0131n incelikli ve sofistike bir ifadesini sunar. Pudral\u0131 dokunu\u015flarla harmanlanan &ccedil;i&ccedil;eksi notalar, kendine g&uuml;venen ve \u015f\u0131k kad\u0131nlar i&ccedil;in e\u015fsiz bir deneyim yarat\u0131r.<\/p>\n<ul>\n<li><strong>&Uuml;st Notalar:<\/strong> Parf&uuml;m&uuml;n a&ccedil;\u0131l\u0131\u015f\u0131nda, yumu\u015fak ve romantik <strong>Bulgaria g&uuml;l&uuml;<\/strong> ve <strong>yasemin<\/strong> bulunur. Bu &ccedil;i&ccedil;eksi a&ccedil;\u0131l\u0131\u015f, narin ve kad\u0131ns\u0131 bir ilk izlenim b\u0131rak\u0131r.<\/li>\n<li><strong>Orta Notalar:<\/strong> <strong>Misk<\/strong>, Narciso Rodriguez parf&uuml;mlerinin imzas\u0131 olarak, Eau Poudr&eacute;e&#8217;ye derinlik ve kal\u0131c\u0131l\u0131k kazand\u0131r\u0131r. Bu misk, parf&uuml;me kremsi ve pudral\u0131 bir hava katar.<\/li>\n<li><strong>Alt Notalar:<\/strong> <strong>Vetiver<\/strong>, <strong>siyah ve beyaz sedir a\u011fac\u0131<\/strong> ile <strong>pa&ccedil;uli<\/strong>, odunsu bir derinlik ve s\u0131cakl\u0131k katarak kokunun teninizde yumu\u015fak bir iz b\u0131rakmas\u0131n\u0131 sa\u011flar.<\/li>\n<\/ul>\n<p><strong>Narciso Eau Poudr&eacute;e<\/strong>, modern kad\u0131nlar\u0131n zarif ve sofistike yanlar\u0131n\u0131 vurgulayan, yumu\u015fak ve pudral\u0131 bir koku sunar. M&uuml;kemmel dengelenmi\u015f &ccedil;i&ccedil;eksi ve odunsu notalar, teninizde hafif ama etkileyici bir iz b\u0131rak\u0131r. Pudrams\u0131 yap\u0131s\u0131, g&uuml;n boyu kendinizi \u015f\u0131martman\u0131z i&ccedil;in ideal bir se&ccedil;imdir.<\/p>\n","protected":false},"excerpt":{"rendered":"<p>Narciso Rodriguez Eau Poudr&eacute;e EDP 90ml, yumu\u015fak, zarif ve feminen bir parf&uuml;m olarak, kad\u0131ns\u0131l\u0131\u011f\u0131n incelikli ve sofistike bir ifadesini sunar.<\/p>\n","protected":false},"featured_media":1551,"comment_status":"closed","ping_status":"open","template":"","meta":[],"product_brand":[99],"product_cat":[68],"product_tag":[],"class_list":{"0":"post-1549","1":"product","2":"type-product","3":"status-publish","4":"has-post-thumbnail","6":"product_brand-narciso-rodriguez","7":"product_cat-womens-perfume","9":"first","10":"instock","11":"purchasable","12":"product-type-simple"},"_links":{"self":[{"href":"https:\/\/bosforcosmetic.com\/index.php?rest_route=\/wp\/v2\/product\/1549","targetHints":{"allow":["GET"]}}],"collection":[{"href":"https:\/\/bosforcosmetic.com\/index.php?rest_route=\/wp\/v2\/product"}],"about":[{"href":"https:\/\/bosforcosmetic.com\/index.php?rest_route=\/wp\/v2\/types\/product"}],"replies":[{"embeddable":true,"href":"https:\/\/bosforcosmetic.com\/index.php?rest_route=%2Fwp%2Fv2%2Fcomments&post=1549"}],"version-history":[{"count":1,"href":"https:\/\/bosforcosmetic.com\/index.php?rest_route=\/wp\/v2\/product\/1549\/revisions"}],"predecessor-version":[{"id":1550,"href":"https:\/\/bosforcosmetic.com\/index.php?rest_route=\/wp\/v2\/product\/1549\/revisions\/1550"}],"wp:featuredmedia":[{"embeddable":true,"href":"https:\/\/bosforcosmetic.com\/index.php?rest_route=\/wp\/v2\/media\/1551"}],"wp:attachment":[{"href":"https:\/\/bosforcosmetic.com\/index.php?rest_route=%2Fwp%2Fv2%2Fmedia&parent=1549"}],"wp:term":[{"taxonomy":"product_brand","embeddable":true,"href":"https:\/\/bosforcosmetic.com\/index.php?rest_route=%2Fwp%2Fv2%2Fproduct_brand&post=1549"},{"taxonomy":"product_cat","embeddable":true,"href":"https:\/\/bosforcosmetic.com\/index.php?rest_route=%2Fwp%2Fv2%2Fproduct_cat&post=1549"},{"taxonomy":"product_tag","embeddable":true,"href":"https:\/\/bosforcosmetic.com\/index.php?rest_route=%2Fwp%2Fv2%2Fproduct_tag&post=1549"}],"curies":[{"name":"wp","href":"https:\/\/api.w.org\/{rel}","templated":true}]}}