{"id":1546,"date":"2025-07-13T11:31:27","date_gmt":"2025-07-13T11:31:27","guid":{"rendered":"https:\/\/bosforcosmetic.com\/?product=narciso-rodriguez-narciso-rouge-edp-90-ml"},"modified":"2025-07-13T11:31:30","modified_gmt":"2025-07-13T11:31:30","slug":"narciso-rodriguez-narciso-rouge-edp-90-ml","status":"publish","type":"product","link":"https:\/\/bosforcosmetic.com\/?product=narciso-rodriguez-narciso-rouge-edp-90-ml","title":{"rendered":"NARC\u0130SO RODR\u0130GUEZ NARC\u0130SO ROUGE EDP 90 ML"},"content":{"rendered":"<p><strong>Narciso Rodriguez Narciso Rouge EDP 90ml<\/strong>, tutkulu ve cesur kad\u0131nlar\u0131n ba\u015ftan &ccedil;\u0131kar\u0131c\u0131l\u0131\u011f\u0131n\u0131 yans\u0131tan iddial\u0131 bir parf&uuml;md&uuml;r. Derin ve g&uuml;&ccedil;l&uuml; koku yap\u0131s\u0131yla her ortama kendinizi hissettirece\u011finiz bu parf&uuml;m, cazibenizi art\u0131racak e\u015fsiz notalara sahiptir.<\/p>\n<ul>\n<li><strong>&Uuml;st Notalar:<\/strong> Parf&uuml;m&uuml;n a&ccedil;\u0131l\u0131\u015f\u0131, s\u0131cak ve ba\u015ftan &ccedil;\u0131kar\u0131c\u0131 <strong>Bulgar g&uuml;l&uuml;<\/strong> ve zarif <strong>iris &ccedil;i&ccedil;e\u011fi<\/strong> ile yap\u0131l\u0131r. Bu &ccedil;i&ccedil;eksi kombinasyon, feminen bir &ccedil;ekicilik sunar.<\/li>\n<li><strong>Orta Notalar:<\/strong> Kalbinde yer alan <strong>misk<\/strong> notas\u0131, Narciso Rodriguez&#8217;in imza bile\u015feni olarak, parf&uuml;me e\u015fsiz bir derinlik ve ba\u015ftan &ccedil;\u0131kar\u0131c\u0131 bir yo\u011funluk kazand\u0131r\u0131r.<\/li>\n<li><strong>Alt Notalar:<\/strong> <strong>Vetiver<\/strong>, <strong>siyah ve beyaz sedir<\/strong> ve <strong>tonka fasulyesi<\/strong>, s\u0131cak ve odunsu bir temel olu\u015fturarak parf&uuml;m&uuml;n kal\u0131c\u0131l\u0131\u011f\u0131n\u0131 ve yo\u011funlu\u011funu art\u0131r\u0131r.<\/li>\n<\/ul>\n<p><strong>Narciso Rouge<\/strong>, kad\u0131ns\u0131 g&uuml;c&uuml;n ve cazibenin simgesi olarak yarat\u0131lm\u0131\u015ft\u0131r. Derin k\u0131rm\u0131z\u0131 \u015fi\u015fesi, parf&uuml;m&uuml;n i&ccedil;indeki ate\u015fli ve &ccedil;ekici kokuyu m&uuml;kemmel bir \u015fekilde yans\u0131t\u0131r. Bu koku, tutkulu ve &ouml;zg&uuml;venli kad\u0131nlar i&ccedil;in ideal olup, g&uuml;nd&uuml;zden geceye \u015f\u0131kl\u0131\u011f\u0131n\u0131z\u0131 tamamlar.<\/p>\n","protected":false},"excerpt":{"rendered":"<p>Narciso Rodriguez Narciso Rouge EDP 90ml, tutkulu ve cesur kad\u0131nlar\u0131n ba\u015ftan &ccedil;\u0131kar\u0131c\u0131l\u0131\u011f\u0131n\u0131 yans\u0131tan iddial\u0131 bir parf&uuml;md&uuml;r. Derin ve g&uuml;&ccedil;l&uuml; koku<\/p>\n","protected":false},"featured_media":1548,"comment_status":"closed","ping_status":"open","template":"","meta":[],"product_brand":[99],"product_cat":[68],"product_tag":[],"class_list":{"0":"post-1546","1":"product","2":"type-product","3":"status-publish","4":"has-post-thumbnail","6":"product_brand-narciso-rodriguez","7":"product_cat-womens-perfume","9":"first","10":"instock","11":"purchasable","12":"product-type-simple"},"_links":{"self":[{"href":"https:\/\/bosforcosmetic.com\/index.php?rest_route=\/wp\/v2\/product\/1546","targetHints":{"allow":["GET"]}}],"collection":[{"href":"https:\/\/bosforcosmetic.com\/index.php?rest_route=\/wp\/v2\/product"}],"about":[{"href":"https:\/\/bosforcosmetic.com\/index.php?rest_route=\/wp\/v2\/types\/product"}],"replies":[{"embeddable":true,"href":"https:\/\/bosforcosmetic.com\/index.php?rest_route=%2Fwp%2Fv2%2Fcomments&post=1546"}],"version-history":[{"count":1,"href":"https:\/\/bosforcosmetic.com\/index.php?rest_route=\/wp\/v2\/product\/1546\/revisions"}],"predecessor-version":[{"id":1547,"href":"https:\/\/bosforcosmetic.com\/index.php?rest_route=\/wp\/v2\/product\/1546\/revisions\/1547"}],"wp:featuredmedia":[{"embeddable":true,"href":"https:\/\/bosforcosmetic.com\/index.php?rest_route=\/wp\/v2\/media\/1548"}],"wp:attachment":[{"href":"https:\/\/bosforcosmetic.com\/index.php?rest_route=%2Fwp%2Fv2%2Fmedia&parent=1546"}],"wp:term":[{"taxonomy":"product_brand","embeddable":true,"href":"https:\/\/bosforcosmetic.com\/index.php?rest_route=%2Fwp%2Fv2%2Fproduct_brand&post=1546"},{"taxonomy":"product_cat","embeddable":true,"href":"https:\/\/bosforcosmetic.com\/index.php?rest_route=%2Fwp%2Fv2%2Fproduct_cat&post=1546"},{"taxonomy":"product_tag","embeddable":true,"href":"https:\/\/bosforcosmetic.com\/index.php?rest_route=%2Fwp%2Fv2%2Fproduct_tag&post=1546"}],"curies":[{"name":"wp","href":"https:\/\/api.w.org\/{rel}","templated":true}]}}