{"id":1543,"date":"2025-07-13T11:31:27","date_gmt":"2025-07-13T11:31:27","guid":{"rendered":"https:\/\/bosforcosmetic.com\/?product=narciso-rodriguez-for-her-edp-100-ml"},"modified":"2025-07-13T11:31:29","modified_gmt":"2025-07-13T11:31:29","slug":"narciso-rodriguez-for-her-edp-100-ml","status":"publish","type":"product","link":"https:\/\/bosforcosmetic.com\/?product=narciso-rodriguez-for-her-edp-100-ml","title":{"rendered":"NARC\u0130SO RODR\u0130GUEZ FOR HER EDP 100 ML"},"content":{"rendered":"<p><strong>Narciso Rodriguez For Her Eau de Parfum 100ml<\/strong>, modern kad\u0131ns\u0131l\u0131\u011f\u0131 ve sofistike \u015f\u0131kl\u0131\u011f\u0131 yans\u0131tan zamans\u0131z bir parf&uuml;md&uuml;r. Feminen g&uuml;c&uuml;n&uuml;z&uuml; ve zarafetinizi &ouml;n plana &ccedil;\u0131karan bu b&uuml;y&uuml;leyici parf&uuml;m, klasikle\u015fmi\u015f kokusuyla size e\u015fsiz bir deneyim sunar.<\/p>\n<ul>\n<li><strong>&Uuml;st Notalar:<\/strong> Yumu\u015fak ve taze <strong>g&uuml;l<\/strong> ve <strong>\u015feftali<\/strong> notalar\u0131 ile a&ccedil;\u0131lan parf&uuml;m, ilk anda romantik ve ferah bir izlenim b\u0131rak\u0131r.<\/li>\n<li><strong>Orta Notalar:<\/strong> Parf&uuml;m&uuml;n kalbinde yer alan ikonik <strong>misk<\/strong>, Narciso Rodriguez For Her&#8217;in karakteristik ve etkileyici notas\u0131d\u0131r, feminen bir derinlik sunar.<\/li>\n<li><strong>Alt Notalar:<\/strong> Zengin ve kal\u0131c\u0131 <strong>amber<\/strong>, <strong>pa&ccedil;uli<\/strong> ve <strong>sandal a\u011fac\u0131<\/strong>, parf&uuml;m&uuml;n s\u0131cak ve ba\u015ftan &ccedil;\u0131kar\u0131c\u0131 temelini olu\u015fturur.<\/li>\n<\/ul>\n<p><strong>Narciso Rodriguez For Her EDP<\/strong>, kad\u0131nlar\u0131n i&ccedil;sel zarafetini ve &ccedil;ekicili\u011fini vurgulamak i&ccedil;in yarat\u0131lm\u0131\u015ft\u0131r. \u015e\u0131k ve minimalist \u015fi\u015fe tasar\u0131m\u0131, i&ccedil;indeki kokunun sofistike yap\u0131s\u0131n\u0131 m&uuml;kemmel bir \u015fekilde yans\u0131t\u0131r. G&uuml;nd&uuml;z ve gece kullan\u0131m\u0131na uygun olan bu parf&uuml;m, her ortamda etkileyici ve unutulmaz bir iz b\u0131rakman\u0131z\u0131 sa\u011flar.<\/p>\n","protected":false},"excerpt":{"rendered":"<p>Narciso Rodriguez For Her Eau de Parfum 100ml, modern kad\u0131ns\u0131l\u0131\u011f\u0131 ve sofistike \u015f\u0131kl\u0131\u011f\u0131 yans\u0131tan zamans\u0131z bir parf&uuml;md&uuml;r. Feminen g&uuml;c&uuml;n&uuml;z&uuml; ve<\/p>\n","protected":false},"featured_media":1545,"comment_status":"closed","ping_status":"open","template":"","meta":[],"product_brand":[99],"product_cat":[68],"product_tag":[],"class_list":{"0":"post-1543","1":"product","2":"type-product","3":"status-publish","4":"has-post-thumbnail","6":"product_brand-narciso-rodriguez","7":"product_cat-womens-perfume","9":"first","10":"instock","11":"purchasable","12":"product-type-simple"},"_links":{"self":[{"href":"https:\/\/bosforcosmetic.com\/index.php?rest_route=\/wp\/v2\/product\/1543","targetHints":{"allow":["GET"]}}],"collection":[{"href":"https:\/\/bosforcosmetic.com\/index.php?rest_route=\/wp\/v2\/product"}],"about":[{"href":"https:\/\/bosforcosmetic.com\/index.php?rest_route=\/wp\/v2\/types\/product"}],"replies":[{"embeddable":true,"href":"https:\/\/bosforcosmetic.com\/index.php?rest_route=%2Fwp%2Fv2%2Fcomments&post=1543"}],"version-history":[{"count":1,"href":"https:\/\/bosforcosmetic.com\/index.php?rest_route=\/wp\/v2\/product\/1543\/revisions"}],"predecessor-version":[{"id":1544,"href":"https:\/\/bosforcosmetic.com\/index.php?rest_route=\/wp\/v2\/product\/1543\/revisions\/1544"}],"wp:featuredmedia":[{"embeddable":true,"href":"https:\/\/bosforcosmetic.com\/index.php?rest_route=\/wp\/v2\/media\/1545"}],"wp:attachment":[{"href":"https:\/\/bosforcosmetic.com\/index.php?rest_route=%2Fwp%2Fv2%2Fmedia&parent=1543"}],"wp:term":[{"taxonomy":"product_brand","embeddable":true,"href":"https:\/\/bosforcosmetic.com\/index.php?rest_route=%2Fwp%2Fv2%2Fproduct_brand&post=1543"},{"taxonomy":"product_cat","embeddable":true,"href":"https:\/\/bosforcosmetic.com\/index.php?rest_route=%2Fwp%2Fv2%2Fproduct_cat&post=1543"},{"taxonomy":"product_tag","embeddable":true,"href":"https:\/\/bosforcosmetic.com\/index.php?rest_route=%2Fwp%2Fv2%2Fproduct_tag&post=1543"}],"curies":[{"name":"wp","href":"https:\/\/api.w.org\/{rel}","templated":true}]}}