{"id":1540,"date":"2025-07-13T11:31:27","date_gmt":"2025-07-13T11:31:27","guid":{"rendered":"https:\/\/bosforcosmetic.com\/?product=narciso-rodriguez-for-her-musc-noir-rose-edp-100ml"},"modified":"2025-07-13T11:31:29","modified_gmt":"2025-07-13T11:31:29","slug":"narciso-rodriguez-for-her-musc-noir-rose-edp-100ml","status":"publish","type":"product","link":"https:\/\/bosforcosmetic.com\/?product=narciso-rodriguez-for-her-musc-noir-rose-edp-100ml","title":{"rendered":"NARC\u0130SO RODR\u0130GUEZ FOR HER MUSC NO\u0130R ROSE EDP 100ML"},"content":{"rendered":"<p><strong>Narciso Rodriguez For Her Musc Noir Rose Eau de Parfum 100ml<\/strong>, kad\u0131ns\u0131 zarafeti ve duygusal yo\u011funlu\u011fu en &uuml;st seviyeye ta\u015f\u0131yan, b&uuml;y&uuml;leyici bir parf&uuml;md&uuml;r. Bu parf&uuml;m, modern kad\u0131n\u0131n sofistike ve ayn\u0131 zamanda romantik yan\u0131n\u0131 ortaya &ccedil;\u0131kar\u0131yor.<\/p>\n<ul>\n<li><strong>&Uuml;st Notalar:<\/strong> Parf&uuml;m, taze ve yumu\u015fak bir ba\u015flang\u0131&ccedil; sunan <strong>italyan bergamotu<\/strong> ve <strong>g&uuml;l &ouml;z&uuml;<\/strong> ile a&ccedil;\u0131l\u0131r.<\/li>\n<li><strong>Orta Notalar:<\/strong> \u0130konik <strong>misk<\/strong> ve \u015fehvetli <strong>\u015fam g&uuml;l&uuml;<\/strong> parf&uuml;m&uuml;n kalbindedir, zarif ve etkileyici bir derinlik yarat\u0131r.<\/li>\n<li><strong>Alt Notalar:<\/strong> Kremsi <strong>vanilya<\/strong> ve odunsu notalar, s\u0131cak bir iz b\u0131rak\u0131rken parf&uuml;m&uuml;n kal\u0131c\u0131l\u0131\u011f\u0131n\u0131 art\u0131r\u0131r.<\/li>\n<\/ul>\n<p><strong>Musc Noir Rose<\/strong>, Narciso Rodriguez&rsquo;in zarif ve feminen duru\u015funu yans\u0131t\u0131r. \u015ei\u015fe tasar\u0131m\u0131nda kullan\u0131lan transparan pembe tonlar, kokunun yumu\u015fak ama ba\u015ftan &ccedil;\u0131kar\u0131c\u0131 ruhunu m&uuml;kemmel bir \u015fekilde tamamlar. G&uuml;nl&uuml;k kullan\u0131mdan &ouml;zel davetlere kadar her an\u0131n\u0131za romantik bir dokunu\u015f katacak bu parf&uuml;m, kendinizi &ccedil;ekici ve &ouml;zg&uuml;venli hissetmenizi sa\u011flar.<\/p>\n","protected":false},"excerpt":{"rendered":"<p>Narciso Rodriguez For Her Musc Noir Rose Eau de Parfum 100ml, kad\u0131ns\u0131 zarafeti ve duygusal yo\u011funlu\u011fu en &uuml;st seviyeye ta\u015f\u0131yan,<\/p>\n","protected":false},"featured_media":1542,"comment_status":"closed","ping_status":"open","template":"","meta":[],"product_brand":[99],"product_cat":[68],"product_tag":[],"class_list":{"0":"post-1540","1":"product","2":"type-product","3":"status-publish","4":"has-post-thumbnail","6":"product_brand-narciso-rodriguez","7":"product_cat-womens-perfume","9":"first","10":"instock","11":"purchasable","12":"product-type-simple"},"_links":{"self":[{"href":"https:\/\/bosforcosmetic.com\/index.php?rest_route=\/wp\/v2\/product\/1540","targetHints":{"allow":["GET"]}}],"collection":[{"href":"https:\/\/bosforcosmetic.com\/index.php?rest_route=\/wp\/v2\/product"}],"about":[{"href":"https:\/\/bosforcosmetic.com\/index.php?rest_route=\/wp\/v2\/types\/product"}],"replies":[{"embeddable":true,"href":"https:\/\/bosforcosmetic.com\/index.php?rest_route=%2Fwp%2Fv2%2Fcomments&post=1540"}],"version-history":[{"count":1,"href":"https:\/\/bosforcosmetic.com\/index.php?rest_route=\/wp\/v2\/product\/1540\/revisions"}],"predecessor-version":[{"id":1541,"href":"https:\/\/bosforcosmetic.com\/index.php?rest_route=\/wp\/v2\/product\/1540\/revisions\/1541"}],"wp:featuredmedia":[{"embeddable":true,"href":"https:\/\/bosforcosmetic.com\/index.php?rest_route=\/wp\/v2\/media\/1542"}],"wp:attachment":[{"href":"https:\/\/bosforcosmetic.com\/index.php?rest_route=%2Fwp%2Fv2%2Fmedia&parent=1540"}],"wp:term":[{"taxonomy":"product_brand","embeddable":true,"href":"https:\/\/bosforcosmetic.com\/index.php?rest_route=%2Fwp%2Fv2%2Fproduct_brand&post=1540"},{"taxonomy":"product_cat","embeddable":true,"href":"https:\/\/bosforcosmetic.com\/index.php?rest_route=%2Fwp%2Fv2%2Fproduct_cat&post=1540"},{"taxonomy":"product_tag","embeddable":true,"href":"https:\/\/bosforcosmetic.com\/index.php?rest_route=%2Fwp%2Fv2%2Fproduct_tag&post=1540"}],"curies":[{"name":"wp","href":"https:\/\/api.w.org\/{rel}","templated":true}]}}