{"id":1516,"date":"2025-07-13T11:31:27","date_gmt":"2025-07-13T11:31:27","guid":{"rendered":"https:\/\/bosforcosmetic.com\/?product=creed-aventus-for-her-100-ml"},"modified":"2025-07-13T11:31:28","modified_gmt":"2025-07-13T11:31:28","slug":"creed-aventus-for-her-100-ml","status":"publish","type":"product","link":"https:\/\/bosforcosmetic.com\/?product=creed-aventus-for-her-100-ml","title":{"rendered":"CREED AVENTUS FOR HER 100 ML"},"content":{"rendered":"<p><strong>Creed Aventus For Her 100 ml Kad\u0131n Parf&uuml;m<\/strong>, zarif, sofistike ve kal\u0131c\u0131 kokusu ile modern kad\u0131n\u0131n g&uuml;&ccedil;l&uuml; ve zarif yan\u0131n\u0131 vurgular. \u0130lk anlarda taze meyve ve &ccedil;i&ccedil;eksi notalarla ba\u015flar, ard\u0131ndan odunsu ve miskli bir iz b\u0131rak\u0131r. L&uuml;ks ve kal\u0131c\u0131 yap\u0131s\u0131yla, her an\u0131n\u0131za e\u015flik etmek i&ccedil;in tasarlanm\u0131\u015f &ouml;zel bir parf&uuml;md&uuml;r.<\/p>\n<ul>\n<li><strong>&Uuml;st Notalar:<\/strong> Parf&uuml;m&uuml;n ba\u015flang\u0131c\u0131nda <strong>ye\u015fil elma<\/strong>, <strong>bergamot<\/strong> ve <strong>neroli<\/strong> gibi taze ve canl\u0131 meyve notalar\u0131 yer al\u0131r. Bu taze a&ccedil;\u0131l\u0131\u015f, kokunun enerjik ve ferah olmas\u0131n\u0131 sa\u011flar.<\/li>\n<li><strong>Orta Notalar:<\/strong> <strong>G&uuml;l<\/strong>, <strong>yasemin<\/strong> ve <strong>amber<\/strong> gibi &ccedil;i&ccedil;eksi ve s\u0131cak notalar, parf&uuml;me zarif bir derinlik ve sofistike bir hava katar.<\/li>\n<li><strong>Alt Notalar:<\/strong> Parf&uuml;m&uuml;n temelinde <strong>sandal a\u011fac\u0131<\/strong>, <strong>misk<\/strong> ve <strong>vanilya<\/strong> gibi odunsu ve tatl\u0131 notalar bulunur, bu da kokunun kal\u0131c\u0131l\u0131\u011f\u0131n\u0131 art\u0131r\u0131r ve ona s\u0131cak bir iz b\u0131rak\u0131r.<\/li>\n<\/ul>\n<p><strong>Creed Aventus For Her<\/strong>, cesur ve zarif kad\u0131nlar i&ccedil;in m&uuml;kemmel bir se&ccedil;imdir. Hem g&uuml;nl&uuml;k kullan\u0131ma hem de &ouml;zel anlara uygun olan bu parf&uuml;m, her ortamda kendinizi &ouml;zel hissettirir.<\/p>\n","protected":false},"excerpt":{"rendered":"<p>Creed Aventus For Her 100 ml Kad\u0131n Parf&uuml;m, zarif, sofistike ve kal\u0131c\u0131 kokusu ile modern kad\u0131n\u0131n g&uuml;&ccedil;l&uuml; ve zarif yan\u0131n\u0131<\/p>\n","protected":false},"featured_media":1518,"comment_status":"closed","ping_status":"open","template":"","meta":[],"product_brand":[71],"product_cat":[68],"product_tag":[],"class_list":{"0":"post-1516","1":"product","2":"type-product","3":"status-publish","4":"has-post-thumbnail","6":"product_brand-creed","7":"product_cat-womens-perfume","9":"first","10":"instock","11":"purchasable","12":"product-type-simple"},"_links":{"self":[{"href":"https:\/\/bosforcosmetic.com\/index.php?rest_route=\/wp\/v2\/product\/1516","targetHints":{"allow":["GET"]}}],"collection":[{"href":"https:\/\/bosforcosmetic.com\/index.php?rest_route=\/wp\/v2\/product"}],"about":[{"href":"https:\/\/bosforcosmetic.com\/index.php?rest_route=\/wp\/v2\/types\/product"}],"replies":[{"embeddable":true,"href":"https:\/\/bosforcosmetic.com\/index.php?rest_route=%2Fwp%2Fv2%2Fcomments&post=1516"}],"version-history":[{"count":1,"href":"https:\/\/bosforcosmetic.com\/index.php?rest_route=\/wp\/v2\/product\/1516\/revisions"}],"predecessor-version":[{"id":1517,"href":"https:\/\/bosforcosmetic.com\/index.php?rest_route=\/wp\/v2\/product\/1516\/revisions\/1517"}],"wp:featuredmedia":[{"embeddable":true,"href":"https:\/\/bosforcosmetic.com\/index.php?rest_route=\/wp\/v2\/media\/1518"}],"wp:attachment":[{"href":"https:\/\/bosforcosmetic.com\/index.php?rest_route=%2Fwp%2Fv2%2Fmedia&parent=1516"}],"wp:term":[{"taxonomy":"product_brand","embeddable":true,"href":"https:\/\/bosforcosmetic.com\/index.php?rest_route=%2Fwp%2Fv2%2Fproduct_brand&post=1516"},{"taxonomy":"product_cat","embeddable":true,"href":"https:\/\/bosforcosmetic.com\/index.php?rest_route=%2Fwp%2Fv2%2Fproduct_cat&post=1516"},{"taxonomy":"product_tag","embeddable":true,"href":"https:\/\/bosforcosmetic.com\/index.php?rest_route=%2Fwp%2Fv2%2Fproduct_tag&post=1516"}],"curies":[{"name":"wp","href":"https:\/\/api.w.org\/{rel}","templated":true}]}}