{"id":1513,"date":"2025-07-13T11:31:27","date_gmt":"2025-07-13T11:31:27","guid":{"rendered":"https:\/\/bosforcosmetic.com\/?product=hugo-boss-bottled-edt-100-ml"},"modified":"2025-07-13T11:31:28","modified_gmt":"2025-07-13T11:31:28","slug":"hugo-boss-bottled-edt-100-ml","status":"publish","type":"product","link":"https:\/\/bosforcosmetic.com\/?product=hugo-boss-bottled-edt-100-ml","title":{"rendered":"HUGO BOSS BOTTLED EDT 100 ML"},"content":{"rendered":"<p><strong>Hugo Boss Bottled EDT 100 ml Erkek Parf&uuml;m<\/strong>, modern erke\u011fin zarif ve sofistike tarz\u0131n\u0131 yans\u0131tan bir kokudur. G&uuml;n boyu taze kal\u0131rken, s\u0131cak odunsu ve baharatl\u0131 notalarla etkileyici bir iz b\u0131rak\u0131r. \u015e\u0131k ve zarif tasar\u0131m\u0131yla her ortamda dikkat &ccedil;eker.<\/p>\n<ul>\n<li><strong>&Uuml;st Notalar:<\/strong> Parf&uuml;m, <strong>elma<\/strong> ve <strong>bergamot<\/strong> gibi taze meyve notalar\u0131yla a&ccedil;\u0131l\u0131r. Bu ferah ba\u015flang\u0131&ccedil;, parf&uuml;me canl\u0131 ve enerjik bir hava katar.<\/li>\n<li><strong>Orta Notalar:<\/strong> <strong>Karabiber<\/strong>, <strong>tar&ccedil;\u0131n<\/strong> ve <strong>pelin otu<\/strong> gibi baharatl\u0131 notalar, kokuyu derinle\u015ftirir ve mask&uuml;len bir etki yarat\u0131r.<\/li>\n<li><strong>Alt Notalar:<\/strong> Parf&uuml;m&uuml;n kalbinde <strong>sandal a\u011fac\u0131<\/strong>, <strong>vetiver<\/strong> ve <strong>misk<\/strong> gibi odunsu notalar bulunur. Bu bile\u015fenler, kokuyu s\u0131cak ve kal\u0131c\u0131 k\u0131lar.<\/li>\n<\/ul>\n<p><strong>Hugo Boss Bottled EDT<\/strong> her an\u0131n\u0131za e\u015flik edecek \u015fekilde tasarlanm\u0131\u015f, zamans\u0131z ve \u015f\u0131k bir parf&uuml;md&uuml;r. G&uuml;nl&uuml;k kullan\u0131m i&ccedil;in ideal olan bu parf&uuml;m, kendine g&uuml;venen erkeklerin vazge&ccedil;ilmezi olacak.<\/p>\n","protected":false},"excerpt":{"rendered":"<p>Hugo Boss Bottled EDT 100 ml Erkek Parf&uuml;m, modern erke\u011fin zarif ve sofistike tarz\u0131n\u0131 yans\u0131tan bir kokudur. G&uuml;n boyu taze<\/p>\n","protected":false},"featured_media":1515,"comment_status":"closed","ping_status":"open","template":"","meta":[],"product_brand":[84],"product_cat":[66],"product_tag":[],"class_list":{"0":"post-1513","1":"product","2":"type-product","3":"status-publish","4":"has-post-thumbnail","6":"product_brand-hugo-boss","7":"product_cat-mens-perfume","9":"first","10":"instock","11":"purchasable","12":"product-type-simple"},"_links":{"self":[{"href":"https:\/\/bosforcosmetic.com\/index.php?rest_route=\/wp\/v2\/product\/1513","targetHints":{"allow":["GET"]}}],"collection":[{"href":"https:\/\/bosforcosmetic.com\/index.php?rest_route=\/wp\/v2\/product"}],"about":[{"href":"https:\/\/bosforcosmetic.com\/index.php?rest_route=\/wp\/v2\/types\/product"}],"replies":[{"embeddable":true,"href":"https:\/\/bosforcosmetic.com\/index.php?rest_route=%2Fwp%2Fv2%2Fcomments&post=1513"}],"version-history":[{"count":1,"href":"https:\/\/bosforcosmetic.com\/index.php?rest_route=\/wp\/v2\/product\/1513\/revisions"}],"predecessor-version":[{"id":1514,"href":"https:\/\/bosforcosmetic.com\/index.php?rest_route=\/wp\/v2\/product\/1513\/revisions\/1514"}],"wp:featuredmedia":[{"embeddable":true,"href":"https:\/\/bosforcosmetic.com\/index.php?rest_route=\/wp\/v2\/media\/1515"}],"wp:attachment":[{"href":"https:\/\/bosforcosmetic.com\/index.php?rest_route=%2Fwp%2Fv2%2Fmedia&parent=1513"}],"wp:term":[{"taxonomy":"product_brand","embeddable":true,"href":"https:\/\/bosforcosmetic.com\/index.php?rest_route=%2Fwp%2Fv2%2Fproduct_brand&post=1513"},{"taxonomy":"product_cat","embeddable":true,"href":"https:\/\/bosforcosmetic.com\/index.php?rest_route=%2Fwp%2Fv2%2Fproduct_cat&post=1513"},{"taxonomy":"product_tag","embeddable":true,"href":"https:\/\/bosforcosmetic.com\/index.php?rest_route=%2Fwp%2Fv2%2Fproduct_tag&post=1513"}],"curies":[{"name":"wp","href":"https:\/\/api.w.org\/{rel}","templated":true}]}}