{"id":1510,"date":"2025-07-13T11:31:27","date_gmt":"2025-07-13T11:31:27","guid":{"rendered":"https:\/\/bosforcosmetic.com\/?product=hugo-boss-bottled-night-edt-100-ml"},"modified":"2025-07-13T11:31:28","modified_gmt":"2025-07-13T11:31:28","slug":"hugo-boss-bottled-night-edt-100-ml","status":"publish","type":"product","link":"https:\/\/bosforcosmetic.com\/?product=hugo-boss-bottled-night-edt-100-ml","title":{"rendered":"HUGO BOSS BOTTLED N\u0130GHT EDT 100 ML"},"content":{"rendered":"<p><strong>Hugo Boss Bottled Night EDT 100 ml Erkek Parf&uuml;m<\/strong>, modern ve zarif bir parf&uuml;m olup, erkeklerin g&uuml;&ccedil;l&uuml; ve &ccedil;ekici yanlar\u0131n\u0131 ortaya koymak i&ccedil;in tasarlanm\u0131\u015ft\u0131r. Geceye &ouml;zg&uuml; olan bu parf&uuml;m, ba\u015ftan &ccedil;\u0131kar\u0131c\u0131 ve odunsu notalarla ba\u015flar, kendine g&uuml;venen erkeklerin tercih etti\u011fi bir kokudur.<\/p>\n<ul>\n<li><strong>&Uuml;st Notalar:<\/strong> Parf&uuml;m&uuml;n ba\u015flang\u0131c\u0131nda, <strong>bergamot<\/strong> ve <strong>lavanta<\/strong> gibi taze ve hafif baharatl\u0131 notalar yer al\u0131r, bu da parf&uuml;me enerjik bir etki katar.<\/li>\n<li><strong>Orta Notalar:<\/strong> <strong>Afrika menek\u015fesi<\/strong> ve <strong>karanfil<\/strong> gibi &ccedil;i&ccedil;eksi notalar, parf&uuml;me zarif bir derinlik ve gizemli bir dokunu\u015f katarak geceye uygun bir hava yarat\u0131r.<\/li>\n<li><strong>Alt Notalar:<\/strong> Parf&uuml;m&uuml;n kalbinde, g&uuml;&ccedil;l&uuml; ve mask&uuml;len <strong>odunsu notalar<\/strong> ve <strong>misk<\/strong> yer al\u0131r. Bu yo\u011fun bile\u015fenler, parf&uuml;m&uuml;n kal\u0131c\u0131l\u0131\u011f\u0131n\u0131 art\u0131rarak uzun s&uuml;re etkisini hissettirir.<\/li>\n<\/ul>\n<p><strong>Hugo Boss Bottled Night EDT<\/strong>, gece boyunca etkili kal\u0131c\u0131 yap\u0131s\u0131 ile &ccedil;ekicili\u011finizi art\u0131racak ve sizi gizemli bir \u015fekilde saracakt\u0131r. Bu parf&uuml;m, &ouml;zellikle ak\u015fam davetleri, &ouml;zel etkinlikler ve gece hayat\u0131 i&ccedil;in m&uuml;kemmel bir se&ccedil;imdir.<\/p>\n","protected":false},"excerpt":{"rendered":"<p>Hugo Boss Bottled Night EDT 100 ml Erkek Parf&uuml;m, modern ve zarif bir parf&uuml;m olup, erkeklerin g&uuml;&ccedil;l&uuml; ve &ccedil;ekici yanlar\u0131n\u0131<\/p>\n","protected":false},"featured_media":1512,"comment_status":"closed","ping_status":"open","template":"","meta":[],"product_brand":[84],"product_cat":[66],"product_tag":[],"class_list":{"0":"post-1510","1":"product","2":"type-product","3":"status-publish","4":"has-post-thumbnail","6":"product_brand-hugo-boss","7":"product_cat-mens-perfume","9":"first","10":"instock","11":"purchasable","12":"product-type-simple"},"_links":{"self":[{"href":"https:\/\/bosforcosmetic.com\/index.php?rest_route=\/wp\/v2\/product\/1510","targetHints":{"allow":["GET"]}}],"collection":[{"href":"https:\/\/bosforcosmetic.com\/index.php?rest_route=\/wp\/v2\/product"}],"about":[{"href":"https:\/\/bosforcosmetic.com\/index.php?rest_route=\/wp\/v2\/types\/product"}],"replies":[{"embeddable":true,"href":"https:\/\/bosforcosmetic.com\/index.php?rest_route=%2Fwp%2Fv2%2Fcomments&post=1510"}],"version-history":[{"count":1,"href":"https:\/\/bosforcosmetic.com\/index.php?rest_route=\/wp\/v2\/product\/1510\/revisions"}],"predecessor-version":[{"id":1511,"href":"https:\/\/bosforcosmetic.com\/index.php?rest_route=\/wp\/v2\/product\/1510\/revisions\/1511"}],"wp:featuredmedia":[{"embeddable":true,"href":"https:\/\/bosforcosmetic.com\/index.php?rest_route=\/wp\/v2\/media\/1512"}],"wp:attachment":[{"href":"https:\/\/bosforcosmetic.com\/index.php?rest_route=%2Fwp%2Fv2%2Fmedia&parent=1510"}],"wp:term":[{"taxonomy":"product_brand","embeddable":true,"href":"https:\/\/bosforcosmetic.com\/index.php?rest_route=%2Fwp%2Fv2%2Fproduct_brand&post=1510"},{"taxonomy":"product_cat","embeddable":true,"href":"https:\/\/bosforcosmetic.com\/index.php?rest_route=%2Fwp%2Fv2%2Fproduct_cat&post=1510"},{"taxonomy":"product_tag","embeddable":true,"href":"https:\/\/bosforcosmetic.com\/index.php?rest_route=%2Fwp%2Fv2%2Fproduct_tag&post=1510"}],"curies":[{"name":"wp","href":"https:\/\/api.w.org\/{rel}","templated":true}]}}