{"id":1495,"date":"2025-07-13T11:31:27","date_gmt":"2025-07-13T11:31:27","guid":{"rendered":"https:\/\/bosforcosmetic.com\/?product=hugo-boss-the-scent-elixir-edp-100-ml"},"modified":"2025-07-13T11:31:27","modified_gmt":"2025-07-13T11:31:27","slug":"hugo-boss-the-scent-elixir-edp-100-ml","status":"publish","type":"product","link":"https:\/\/bosforcosmetic.com\/?product=hugo-boss-the-scent-elixir-edp-100-ml","title":{"rendered":"HUGO BOSS THE SCENT EL\u0130X\u0130R EDP 100 ML"},"content":{"rendered":"<p><strong>Hugo Boss The Scent Elixir EDP 100 ml Kad\u0131n Parf&uuml;m&uuml;<\/strong>, ba\u015f d&ouml;nd&uuml;ren yo\u011funlu\u011fu ve b&uuml;y&uuml;leyici notalar\u0131yla sofistike kad\u0131nlar i&ccedil;in tasarlanm\u0131\u015f g&uuml;&ccedil;l&uuml; bir parf&uuml;m. Bu e\u015fsiz eliksir, koku d&uuml;nyas\u0131nda derin izler b\u0131rak\u0131yor ve kad\u0131ns\u0131 &ccedil;ekicili\u011fi &ouml;n plana &ccedil;\u0131kar\u0131yor.<\/p>\n<ul>\n<li><strong>&Uuml;st Notalar:<\/strong> Parf&uuml;m, egzotik ve tatl\u0131 bir ba\u015flang\u0131&ccedil; sunan <strong>mandalina<\/strong> ve <strong>\u015feftali<\/strong> notalar\u0131 ile a&ccedil;\u0131l\u0131r. Bu taze meyvemsi ba\u015flang\u0131&ccedil;, parf&uuml;me zarif bir enerji katar.<\/li>\n<li><strong>Orta Notalar:<\/strong> Parf&uuml;m&uuml;n kalbinde yer alan <strong>osmanthus &ccedil;i&ccedil;e\u011fi<\/strong>, tatl\u0131 ve &ccedil;i&ccedil;eksi bir ton ile b&uuml;y&uuml;leyici bir hava yarat\u0131r. &Ccedil;i&ccedil;eksi karakteriyle duyulara hitap eden bu nota, kad\u0131ns\u0131 zarafeti yans\u0131t\u0131r.<\/li>\n<li><strong>Alt Notalar:<\/strong> <strong>Kakao<\/strong> ve <strong>deri<\/strong> notalar\u0131, parf&uuml;m&uuml;n derin ve s\u0131cak baz\u0131n\u0131 olu\u015fturur. Bu notalar, parf&uuml;me g&uuml;&ccedil;l&uuml;, \u015fehvetli ve kal\u0131c\u0131 bir yap\u0131 kazand\u0131r\u0131r.<\/li>\n<\/ul>\n<p>Hugo Boss The Scent Elixir, kad\u0131nlar\u0131n zarafetini ve &ccedil;ekicili\u011fini yans\u0131tan m&uuml;kemmel bir koku. Hem g&uuml;nl&uuml;k kullan\u0131m hem de &ouml;zel anlar i&ccedil;in ideal olan bu parf&uuml;m, etkileyici ve unutulmaz bir iz b\u0131rak\u0131r.<\/p>\n","protected":false},"excerpt":{"rendered":"<p>Hugo Boss The Scent Elixir EDP 100 ml Kad\u0131n Parf&uuml;m&uuml;, ba\u015f d&ouml;nd&uuml;ren yo\u011funlu\u011fu ve b&uuml;y&uuml;leyici notalar\u0131yla sofistike kad\u0131nlar i&ccedil;in tasarlanm\u0131\u015f<\/p>\n","protected":false},"featured_media":1497,"comment_status":"closed","ping_status":"open","template":"","meta":[],"product_brand":[84],"product_cat":[68],"product_tag":[],"class_list":{"0":"post-1495","1":"product","2":"type-product","3":"status-publish","4":"has-post-thumbnail","6":"product_brand-hugo-boss","7":"product_cat-womens-perfume","9":"first","10":"instock","11":"purchasable","12":"product-type-simple"},"_links":{"self":[{"href":"https:\/\/bosforcosmetic.com\/index.php?rest_route=\/wp\/v2\/product\/1495","targetHints":{"allow":["GET"]}}],"collection":[{"href":"https:\/\/bosforcosmetic.com\/index.php?rest_route=\/wp\/v2\/product"}],"about":[{"href":"https:\/\/bosforcosmetic.com\/index.php?rest_route=\/wp\/v2\/types\/product"}],"replies":[{"embeddable":true,"href":"https:\/\/bosforcosmetic.com\/index.php?rest_route=%2Fwp%2Fv2%2Fcomments&post=1495"}],"version-history":[{"count":1,"href":"https:\/\/bosforcosmetic.com\/index.php?rest_route=\/wp\/v2\/product\/1495\/revisions"}],"predecessor-version":[{"id":1496,"href":"https:\/\/bosforcosmetic.com\/index.php?rest_route=\/wp\/v2\/product\/1495\/revisions\/1496"}],"wp:featuredmedia":[{"embeddable":true,"href":"https:\/\/bosforcosmetic.com\/index.php?rest_route=\/wp\/v2\/media\/1497"}],"wp:attachment":[{"href":"https:\/\/bosforcosmetic.com\/index.php?rest_route=%2Fwp%2Fv2%2Fmedia&parent=1495"}],"wp:term":[{"taxonomy":"product_brand","embeddable":true,"href":"https:\/\/bosforcosmetic.com\/index.php?rest_route=%2Fwp%2Fv2%2Fproduct_brand&post=1495"},{"taxonomy":"product_cat","embeddable":true,"href":"https:\/\/bosforcosmetic.com\/index.php?rest_route=%2Fwp%2Fv2%2Fproduct_cat&post=1495"},{"taxonomy":"product_tag","embeddable":true,"href":"https:\/\/bosforcosmetic.com\/index.php?rest_route=%2Fwp%2Fv2%2Fproduct_tag&post=1495"}],"curies":[{"name":"wp","href":"https:\/\/api.w.org\/{rel}","templated":true}]}}