{"id":1480,"date":"2025-07-13T11:31:15","date_gmt":"2025-07-13T11:31:15","guid":{"rendered":"https:\/\/bosforcosmetic.com\/?product=givenchy-irresistible-edp-80-ml"},"modified":"2025-07-13T11:31:19","modified_gmt":"2025-07-13T11:31:19","slug":"givenchy-irresistible-edp-80-ml","status":"publish","type":"product","link":"https:\/\/bosforcosmetic.com\/?product=givenchy-irresistible-edp-80-ml","title":{"rendered":"G\u0130VENCHY IRRES\u0130ST\u0130BLE EDP 80 ML"},"content":{"rendered":"<p><strong>Givenchy Irresistible EDP 80 ml Kad\u0131n Parf&uuml;m&uuml;<\/strong>, &ccedil;ekicili\u011fi ve zarafeti bir araya getiren canl\u0131 ve ne\u015feli bir koku. Bu parf&uuml;m, enerjisiyle kad\u0131nlar\u0131n \u0131\u015f\u0131\u011f\u0131n\u0131 yans\u0131t\u0131yor ve cazibesini her ortamda hissettiriyor. &Ccedil;i&ccedil;eksi ve meyvemsi notalar\u0131n harmanlanmas\u0131yla modern ve kad\u0131ns\u0131 bir tav\u0131r sunuyor.<\/p>\n<ul>\n<li><strong>&Uuml;st Notalar:<\/strong> <strong>Armut<\/strong> ve <strong>ambretti<\/strong> (misk g&uuml;l&uuml; tohumu) ile a&ccedil;\u0131lan bu koku, taze ve tatl\u0131 bir ilk izlenim yarat\u0131r. Bu notalar parf&uuml;me ne\u015feli ve enerjik bir giri\u015f sa\u011flar.<\/li>\n<li><strong>Orta Notalar:<\/strong> <strong>G&uuml;l<\/strong> ve <strong>iris<\/strong> notalar\u0131n\u0131n zarif birle\u015fimi, parf&uuml;me sofistike bir &ccedil;i&ccedil;eksi dokunu\u015f kat\u0131yor. Bu a\u015fama, parf&uuml;me romantik ve yumu\u015fak bir hava kazand\u0131r\u0131r.<\/li>\n<li><strong>Alt Notalar:<\/strong> <strong>Sedir a\u011fac\u0131<\/strong> ve <strong>vanilya<\/strong>, parf&uuml;me s\u0131cakl\u0131k ve derinlik kazand\u0131r\u0131r, b&ouml;ylece kokunun kal\u0131c\u0131l\u0131\u011f\u0131n\u0131 art\u0131r\u0131r ve duyusal bir iz b\u0131rak\u0131r.<\/li>\n<\/ul>\n<p><strong>Givenchy Irresistible EDP 80 ml Kad\u0131n Parf&uuml;m&uuml;<\/strong>, zarif ve ba\u015f d&ouml;nd&uuml;r&uuml;c&uuml; kad\u0131nlar i&ccedil;in yarat\u0131lm\u0131\u015f bir parf&uuml;md&uuml;r. Hem g&uuml;nl&uuml;k kullan\u0131ma hem de &ouml;zel anlara uyum sa\u011flayacak olan bu parf&uuml;m, &ccedil;evrenizdeki herkesin dikkatini &ccedil;ekecek.<\/p>\n","protected":false},"excerpt":{"rendered":"<p>Givenchy Irresistible EDP 80 ml Kad\u0131n Parf&uuml;m&uuml;, &ccedil;ekicili\u011fi ve zarafeti bir araya getiren canl\u0131 ve ne\u015feli bir koku. Bu parf&uuml;m,<\/p>\n","protected":false},"featured_media":1482,"comment_status":"closed","ping_status":"open","template":"","meta":[],"product_brand":[96],"product_cat":[68],"product_tag":[],"class_list":{"0":"post-1480","1":"product","2":"type-product","3":"status-publish","4":"has-post-thumbnail","6":"product_brand-givenchy","7":"product_cat-womens-perfume","9":"first","10":"instock","11":"purchasable","12":"product-type-simple"},"_links":{"self":[{"href":"https:\/\/bosforcosmetic.com\/index.php?rest_route=\/wp\/v2\/product\/1480","targetHints":{"allow":["GET"]}}],"collection":[{"href":"https:\/\/bosforcosmetic.com\/index.php?rest_route=\/wp\/v2\/product"}],"about":[{"href":"https:\/\/bosforcosmetic.com\/index.php?rest_route=\/wp\/v2\/types\/product"}],"replies":[{"embeddable":true,"href":"https:\/\/bosforcosmetic.com\/index.php?rest_route=%2Fwp%2Fv2%2Fcomments&post=1480"}],"version-history":[{"count":1,"href":"https:\/\/bosforcosmetic.com\/index.php?rest_route=\/wp\/v2\/product\/1480\/revisions"}],"predecessor-version":[{"id":1481,"href":"https:\/\/bosforcosmetic.com\/index.php?rest_route=\/wp\/v2\/product\/1480\/revisions\/1481"}],"wp:featuredmedia":[{"embeddable":true,"href":"https:\/\/bosforcosmetic.com\/index.php?rest_route=\/wp\/v2\/media\/1482"}],"wp:attachment":[{"href":"https:\/\/bosforcosmetic.com\/index.php?rest_route=%2Fwp%2Fv2%2Fmedia&parent=1480"}],"wp:term":[{"taxonomy":"product_brand","embeddable":true,"href":"https:\/\/bosforcosmetic.com\/index.php?rest_route=%2Fwp%2Fv2%2Fproduct_brand&post=1480"},{"taxonomy":"product_cat","embeddable":true,"href":"https:\/\/bosforcosmetic.com\/index.php?rest_route=%2Fwp%2Fv2%2Fproduct_cat&post=1480"},{"taxonomy":"product_tag","embeddable":true,"href":"https:\/\/bosforcosmetic.com\/index.php?rest_route=%2Fwp%2Fv2%2Fproduct_tag&post=1480"}],"curies":[{"name":"wp","href":"https:\/\/api.w.org\/{rel}","templated":true}]}}