{"id":1477,"date":"2025-07-13T11:31:15","date_gmt":"2025-07-13T11:31:15","guid":{"rendered":"https:\/\/bosforcosmetic.com\/?product=givenchy-gentleman-society-extreme-edp-100ml"},"modified":"2025-07-13T11:31:19","modified_gmt":"2025-07-13T11:31:19","slug":"givenchy-gentleman-society-extreme-edp-100ml","status":"publish","type":"product","link":"https:\/\/bosforcosmetic.com\/?product=givenchy-gentleman-society-extreme-edp-100ml","title":{"rendered":"G\u0130VENCHY GENTLEMAN SOCIETY EXTREME EDP 100ML"},"content":{"rendered":"<p><strong>Givenchy Gentleman Society Extreme EDP 100 ml Erkek Parf&uuml;m&uuml;<\/strong>, g&uuml;&ccedil;l&uuml;, sofistike ve cesur bir parf&uuml;m arayan erkekler i&ccedil;in m&uuml;kemmel bir se&ccedil;enektir. Givenchy&#8217;nin klasik Gentleman serisinin daha yo\u011fun ve etkileyici versiyonu olan bu parf&uuml;m, kal\u0131c\u0131 ve iz b\u0131rak\u0131c\u0131 bir etki yarat\u0131r.<\/p>\n<ul>\n<li><strong>&Uuml;st Notalar:<\/strong> <strong>Bergamot<\/strong> ve <strong>baharatl\u0131 notalar<\/strong>, parf&uuml;me taze ama ayn\u0131 zamanda cesur bir ba\u015flang\u0131&ccedil; sa\u011flar. Bu ba\u015ftan &ccedil;\u0131kar\u0131c\u0131 ilk izlenim, &ouml;zg&uuml;rl&uuml;\u011f&uuml; ve dinamizmi simgeler.<\/li>\n<li><strong>Orta Notalar:<\/strong> <strong>Ladin a\u011fac\u0131<\/strong> ve <strong>iris<\/strong> notalar\u0131n\u0131n birle\u015fimi, parf&uuml;me zarif bir odunsu ve &ccedil;i&ccedil;eksi dokunu\u015f katar. Bu a\u015fama, parf&uuml;m&uuml;n derinli\u011fini ve \u015f\u0131kl\u0131\u011f\u0131n\u0131 vurgular.<\/li>\n<li><strong>Alt Notalar:<\/strong> <strong>Tonka Bean<\/strong>, <strong>vanilya<\/strong> ve <strong>sandalwood<\/strong> ile tamamlanan alt notalar, parf&uuml;me s\u0131cakl\u0131k ve derinlik ekler. Ayr\u0131ca <strong>misk<\/strong> notas\u0131, parf&uuml;m&uuml;n kal\u0131c\u0131l\u0131\u011f\u0131n\u0131 g&uuml;&ccedil;lendirir ve \u015fehvetli bir iz b\u0131rak\u0131r.<\/li>\n<\/ul>\n<p><strong>Givenchy Gentleman Society Extreme EDP 100 ml Erkek Parf&uuml;m&uuml;<\/strong>, l&uuml;ks ve etkileyici kokulara ilgi duyan erkekler i&ccedil;in tasarlanm\u0131\u015f bir parf&uuml;md&uuml;r. Hem g&uuml;nl&uuml;k kullan\u0131mda hem de &ouml;zel gecelerde tercih edilebilecek, sofistike ve g&uuml;&ccedil;l&uuml; bir se&ccedil;enektir.<\/p>\n","protected":false},"excerpt":{"rendered":"<p>Givenchy Gentleman Society Extreme EDP 100 ml Erkek Parf&uuml;m&uuml;, g&uuml;&ccedil;l&uuml;, sofistike ve cesur bir parf&uuml;m arayan erkekler i&ccedil;in m&uuml;kemmel bir<\/p>\n","protected":false},"featured_media":1479,"comment_status":"closed","ping_status":"open","template":"","meta":[],"product_brand":[96],"product_cat":[66],"product_tag":[],"class_list":{"0":"post-1477","1":"product","2":"type-product","3":"status-publish","4":"has-post-thumbnail","6":"product_brand-givenchy","7":"product_cat-mens-perfume","9":"first","10":"instock","11":"purchasable","12":"product-type-simple"},"_links":{"self":[{"href":"https:\/\/bosforcosmetic.com\/index.php?rest_route=\/wp\/v2\/product\/1477","targetHints":{"allow":["GET"]}}],"collection":[{"href":"https:\/\/bosforcosmetic.com\/index.php?rest_route=\/wp\/v2\/product"}],"about":[{"href":"https:\/\/bosforcosmetic.com\/index.php?rest_route=\/wp\/v2\/types\/product"}],"replies":[{"embeddable":true,"href":"https:\/\/bosforcosmetic.com\/index.php?rest_route=%2Fwp%2Fv2%2Fcomments&post=1477"}],"version-history":[{"count":1,"href":"https:\/\/bosforcosmetic.com\/index.php?rest_route=\/wp\/v2\/product\/1477\/revisions"}],"predecessor-version":[{"id":1478,"href":"https:\/\/bosforcosmetic.com\/index.php?rest_route=\/wp\/v2\/product\/1477\/revisions\/1478"}],"wp:featuredmedia":[{"embeddable":true,"href":"https:\/\/bosforcosmetic.com\/index.php?rest_route=\/wp\/v2\/media\/1479"}],"wp:attachment":[{"href":"https:\/\/bosforcosmetic.com\/index.php?rest_route=%2Fwp%2Fv2%2Fmedia&parent=1477"}],"wp:term":[{"taxonomy":"product_brand","embeddable":true,"href":"https:\/\/bosforcosmetic.com\/index.php?rest_route=%2Fwp%2Fv2%2Fproduct_brand&post=1477"},{"taxonomy":"product_cat","embeddable":true,"href":"https:\/\/bosforcosmetic.com\/index.php?rest_route=%2Fwp%2Fv2%2Fproduct_cat&post=1477"},{"taxonomy":"product_tag","embeddable":true,"href":"https:\/\/bosforcosmetic.com\/index.php?rest_route=%2Fwp%2Fv2%2Fproduct_tag&post=1477"}],"curies":[{"name":"wp","href":"https:\/\/api.w.org\/{rel}","templated":true}]}}