{"id":1471,"date":"2025-07-13T11:31:15","date_gmt":"2025-07-13T11:31:15","guid":{"rendered":"https:\/\/bosforcosmetic.com\/?product=givenchy-gentleman-edp-reserve-privee-100ml"},"modified":"2025-07-13T11:31:18","modified_gmt":"2025-07-13T11:31:18","slug":"givenchy-gentleman-edp-reserve-privee-100ml","status":"publish","type":"product","link":"https:\/\/bosforcosmetic.com\/?product=givenchy-gentleman-edp-reserve-privee-100ml","title":{"rendered":"G\u0130VENCHY GENTLEMAN EDP RESERVE PR\u0130VEE 100ML"},"content":{"rendered":"<p><strong>Givenchy Gentleman EDP Reserve Priv&eacute;e 100 ml Erkek Parf&uuml;m&uuml;<\/strong>, sofistike ve modern erkekler i&ccedil;in tasarlanm\u0131\u015f &ouml;zel bir parf&uuml;md&uuml;r. Hem g&uuml;nl&uuml;k hem de gece kullan\u0131m\u0131 i&ccedil;in uygun olan bu parf&uuml;m, etkileyici, odunsu ve baharatl\u0131 kokularla dikkat &ccedil;eker. Gentleman serisinin en prestijli versiyonlar\u0131ndan biri olan <strong>Reserve Priv&eacute;e<\/strong>, zarafeti ve &ouml;zg&uuml;nl&uuml;\u011f&uuml; bir araya getiriyor.<\/p>\n<ul>\n<li><strong>&Uuml;st Notalar:<\/strong> <strong>Meyve ve Bergamot<\/strong> tazeli\u011fiyle a&ccedil;\u0131l\u0131r. Bergamot, parf&uuml;me enerjik bir ba\u015flang\u0131&ccedil; yaparken, meyve notalar\u0131 ise tatl\u0131 ve ferah bir etki yarat\u0131r.<\/li>\n<li><strong>Orta Notalar:<\/strong> <strong>Ir\u0131sa<\/strong> ve <strong>Sandalwood<\/strong> gibi sofistike &ccedil;i&ccedil;eksi ve odunsu notalarla \u015fekillenir. Bu kombinasyon, parf&uuml;me zengin ve derin bir karakter katar.<\/li>\n<li><strong>Alt Notalar:<\/strong> <strong>Tonka Bean<\/strong> ve <strong>Vanilla<\/strong> alt notalar\u0131, s\u0131cak ve tatl\u0131 bir dokunu\u015f ekler. Misk ve odunsu notalar ise parf&uuml;m&uuml;n kal\u0131c\u0131l\u0131\u011f\u0131n\u0131 ve zarif yap\u0131s\u0131n\u0131 peki\u015ftirir.<\/li>\n<\/ul>\n<p><strong>Givenchy Gentleman EDP Reserve Priv&eacute;e 100 ml Erkek Parf&uuml;m&uuml;<\/strong>, &ouml;zg&uuml;n ve mask&uuml;len bir koku arayan erkekler i&ccedil;in m&uuml;kemmel bir tercihtir. Hem \u015f\u0131kl\u0131\u011f\u0131 hem de zarafetiyle her ortamda etkileyici bir izlenim b\u0131rak\u0131r.<\/p>\n","protected":false},"excerpt":{"rendered":"<p>Givenchy Gentleman EDP Reserve Priv&eacute;e 100 ml Erkek Parf&uuml;m&uuml;, sofistike ve modern erkekler i&ccedil;in tasarlanm\u0131\u015f &ouml;zel bir parf&uuml;md&uuml;r. Hem g&uuml;nl&uuml;k<\/p>\n","protected":false},"featured_media":1473,"comment_status":"closed","ping_status":"open","template":"","meta":[],"product_brand":[96],"product_cat":[66],"product_tag":[],"class_list":{"0":"post-1471","1":"product","2":"type-product","3":"status-publish","4":"has-post-thumbnail","6":"product_brand-givenchy","7":"product_cat-mens-perfume","9":"first","10":"instock","11":"purchasable","12":"product-type-simple"},"_links":{"self":[{"href":"https:\/\/bosforcosmetic.com\/index.php?rest_route=\/wp\/v2\/product\/1471","targetHints":{"allow":["GET"]}}],"collection":[{"href":"https:\/\/bosforcosmetic.com\/index.php?rest_route=\/wp\/v2\/product"}],"about":[{"href":"https:\/\/bosforcosmetic.com\/index.php?rest_route=\/wp\/v2\/types\/product"}],"replies":[{"embeddable":true,"href":"https:\/\/bosforcosmetic.com\/index.php?rest_route=%2Fwp%2Fv2%2Fcomments&post=1471"}],"version-history":[{"count":1,"href":"https:\/\/bosforcosmetic.com\/index.php?rest_route=\/wp\/v2\/product\/1471\/revisions"}],"predecessor-version":[{"id":1472,"href":"https:\/\/bosforcosmetic.com\/index.php?rest_route=\/wp\/v2\/product\/1471\/revisions\/1472"}],"wp:featuredmedia":[{"embeddable":true,"href":"https:\/\/bosforcosmetic.com\/index.php?rest_route=\/wp\/v2\/media\/1473"}],"wp:attachment":[{"href":"https:\/\/bosforcosmetic.com\/index.php?rest_route=%2Fwp%2Fv2%2Fmedia&parent=1471"}],"wp:term":[{"taxonomy":"product_brand","embeddable":true,"href":"https:\/\/bosforcosmetic.com\/index.php?rest_route=%2Fwp%2Fv2%2Fproduct_brand&post=1471"},{"taxonomy":"product_cat","embeddable":true,"href":"https:\/\/bosforcosmetic.com\/index.php?rest_route=%2Fwp%2Fv2%2Fproduct_cat&post=1471"},{"taxonomy":"product_tag","embeddable":true,"href":"https:\/\/bosforcosmetic.com\/index.php?rest_route=%2Fwp%2Fv2%2Fproduct_tag&post=1471"}],"curies":[{"name":"wp","href":"https:\/\/api.w.org\/{rel}","templated":true}]}}