{"id":1453,"date":"2025-07-13T11:31:15","date_gmt":"2025-07-13T11:31:15","guid":{"rendered":"https:\/\/bosforcosmetic.com\/?product=carolina-herrera-212-edt-100-ml"},"modified":"2025-07-13T11:31:17","modified_gmt":"2025-07-13T11:31:17","slug":"carolina-herrera-212-edt-100-ml","status":"publish","type":"product","link":"https:\/\/bosforcosmetic.com\/?product=carolina-herrera-212-edt-100-ml","title":{"rendered":"CAROL\u0130NA HERRERA 212 EDT 100 ML"},"content":{"rendered":"<p><strong>Carolina Herrera 212 EDT 100 ml Kad\u0131n Parf&uuml;m&uuml;<\/strong>, modern ve zarif kad\u0131nlar\u0131n tercihi olacak ferah ve &ccedil;i&ccedil;eksi bir kokudur. 212, \u015fehri ve onun dinamik hayat\u0131n\u0131 simgeler, bu y&uuml;zden enerjik ve &ouml;zg&uuml;r bir kad\u0131n\u0131n parf&uuml;m&uuml;d&uuml;r.<\/p>\n<ul>\n<li><strong>&Uuml;st Notalar:<\/strong> Parf&uuml;m, <strong>portakal &ccedil;i&ccedil;e\u011fi<\/strong>, <strong>biberiye<\/strong> ve <strong>g&uuml;l<\/strong> notalar\u0131yla a&ccedil;\u0131l\u0131r. Bu taze ve canl\u0131 a&ccedil;\u0131l\u0131\u015f, sizi enerjik bir ba\u015flang\u0131ca davet eder ve g&uuml;n boyu s&uuml;recek ferahl\u0131\u011f\u0131 vaat eder.<\/li>\n<li><strong>Orta Notalar:<\/strong> <strong>Gardenya<\/strong> ve <strong>freesia<\/strong> gibi zarif &ccedil;i&ccedil;eksi notalar, parf&uuml;m&uuml;n kalbinde kendini g&ouml;sterir. Bu yumu\u015fak ve ferah &ccedil;i&ccedil;ekler, parf&uuml;me sofistike ve zarif bir dokunu\u015f katar.<\/li>\n<li><strong>Alt Notalar:<\/strong> <strong>Sandal a\u011fac\u0131<\/strong> ve <strong>musk<\/strong>, alt notalarda yer al\u0131r. Bu s\u0131cak ve hafif odunsu dokunu\u015f, parf&uuml;m&uuml;n kal\u0131c\u0131l\u0131\u011f\u0131n\u0131 artt\u0131r\u0131r ve geceyi en az g&uuml;nd&uuml;z kadar etkileyici k\u0131lar.<\/li>\n<\/ul>\n<p><strong>Carolina Herrera 212 EDT<\/strong>, \u015f\u0131kl\u0131\u011f\u0131 ve zarifli\u011fiyle &ouml;n plana &ccedil;\u0131kan, her ya\u015ftan kad\u0131n\u0131n rahatl\u0131kla kullanabilece\u011fi bir parf&uuml;md&uuml;r. &Ouml;zellikle g&uuml;nl&uuml;k kullan\u0131mda rahatl\u0131kla tercih edilebilecek olan bu parf&uuml;m, zarif yap\u0131s\u0131 ile her ortamda dikkat &ccedil;eker.<\/p>\n<p>\u015eehirli ya\u015fam\u0131n dinamizmini ve kad\u0131ns\u0131 zarafeti birle\u015ftiren bu parf&uuml;m, hem g&uuml;nd&uuml;z hem de gece kullan\u0131m\u0131 i&ccedil;in m&uuml;kemmeldir. <strong>Carolina Herrera 212 EDT<\/strong>, &ccedil;ekici ve ferah kokusuyla kendini her an\u0131n\u0131zda hissettirir ve iz b\u0131rak\u0131r.<\/p>\n","protected":false},"excerpt":{"rendered":"<p>Carolina Herrera 212 EDT 100 ml Kad\u0131n Parf&uuml;m&uuml;, modern ve zarif kad\u0131nlar\u0131n tercihi olacak ferah ve &ccedil;i&ccedil;eksi bir kokudur. 212,<\/p>\n","protected":false},"featured_media":1455,"comment_status":"closed","ping_status":"open","template":"","meta":[],"product_brand":[78],"product_cat":[68],"product_tag":[],"class_list":{"0":"post-1453","1":"product","2":"type-product","3":"status-publish","4":"has-post-thumbnail","6":"product_brand-carolina-herrera","7":"product_cat-womens-perfume","9":"first","10":"instock","11":"purchasable","12":"product-type-simple"},"_links":{"self":[{"href":"https:\/\/bosforcosmetic.com\/index.php?rest_route=\/wp\/v2\/product\/1453","targetHints":{"allow":["GET"]}}],"collection":[{"href":"https:\/\/bosforcosmetic.com\/index.php?rest_route=\/wp\/v2\/product"}],"about":[{"href":"https:\/\/bosforcosmetic.com\/index.php?rest_route=\/wp\/v2\/types\/product"}],"replies":[{"embeddable":true,"href":"https:\/\/bosforcosmetic.com\/index.php?rest_route=%2Fwp%2Fv2%2Fcomments&post=1453"}],"version-history":[{"count":1,"href":"https:\/\/bosforcosmetic.com\/index.php?rest_route=\/wp\/v2\/product\/1453\/revisions"}],"predecessor-version":[{"id":1454,"href":"https:\/\/bosforcosmetic.com\/index.php?rest_route=\/wp\/v2\/product\/1453\/revisions\/1454"}],"wp:featuredmedia":[{"embeddable":true,"href":"https:\/\/bosforcosmetic.com\/index.php?rest_route=\/wp\/v2\/media\/1455"}],"wp:attachment":[{"href":"https:\/\/bosforcosmetic.com\/index.php?rest_route=%2Fwp%2Fv2%2Fmedia&parent=1453"}],"wp:term":[{"taxonomy":"product_brand","embeddable":true,"href":"https:\/\/bosforcosmetic.com\/index.php?rest_route=%2Fwp%2Fv2%2Fproduct_brand&post=1453"},{"taxonomy":"product_cat","embeddable":true,"href":"https:\/\/bosforcosmetic.com\/index.php?rest_route=%2Fwp%2Fv2%2Fproduct_cat&post=1453"},{"taxonomy":"product_tag","embeddable":true,"href":"https:\/\/bosforcosmetic.com\/index.php?rest_route=%2Fwp%2Fv2%2Fproduct_tag&post=1453"}],"curies":[{"name":"wp","href":"https:\/\/api.w.org\/{rel}","templated":true}]}}