{"id":1447,"date":"2025-07-13T11:31:15","date_gmt":"2025-07-13T11:31:15","guid":{"rendered":"https:\/\/bosforcosmetic.com\/?product=emporio-armani-stronger-with-you-oud-edp-100-ml"},"modified":"2025-07-13T11:31:16","modified_gmt":"2025-07-13T11:31:16","slug":"emporio-armani-stronger-with-you-oud-edp-100-ml","status":"publish","type":"product","link":"https:\/\/bosforcosmetic.com\/?product=emporio-armani-stronger-with-you-oud-edp-100-ml","title":{"rendered":"EMPOR\u0130O ARMAN\u0130 STRONGER W\u0130TH YOU OUD EDP 100 ML"},"content":{"rendered":"<p><strong>Emporio Armani Stronger With You Oud EDP 100 ml Erkek Parf&uuml;m&uuml;<\/strong>, parf&uuml;m d&uuml;nyas\u0131nda g&uuml;&ccedil;l&uuml; bir iz b\u0131rakmak isteyen erkekler i&ccedil;in tasarlanm\u0131\u015f, derin ve sofistike bir kokudur. Oud notalar\u0131n\u0131n etkileyici g&uuml;c&uuml;yle harmanlanm\u0131\u015f bu parf&uuml;m, mask&uuml;len bir karakter sergileyen ve kal\u0131c\u0131 izler b\u0131rakan bir deneyim sunar.<\/p>\n<ul>\n<li><strong>&Uuml;st Notalar:<\/strong> Parf&uuml;m&uuml;n a&ccedil;\u0131l\u0131\u015f\u0131n\u0131, <strong>bergamot<\/strong> ve <strong>baharatl\u0131 notalar\u0131n<\/strong> ferahlat\u0131c\u0131 etkisi yapar. \u0130lk temasla taze bir nefes al\u0131rken, derinlikli bir koku yolculu\u011funa davet edersiniz.<\/li>\n<li><strong>Orta Notalar:<\/strong> <strong>Oud<\/strong> ve <strong>safran<\/strong> gibi egzotik, s\u0131cak ve derin notalar, parf&uuml;m&uuml;n karakterini olu\u015fturur. Bu notalar, parf&uuml;m&uuml;n ba\u015ftan &ccedil;\u0131kar\u0131c\u0131, mask&uuml;len havas\u0131n\u0131 peki\u015ftirir.<\/li>\n<li><strong>Alt Notalar:<\/strong> <strong>Vanilya<\/strong>, <strong>pralin<\/strong> ve <strong>pa&ccedil;uli<\/strong>, parf&uuml;m&uuml;n alt notalar\u0131ndaki yumu\u015fak dokunu\u015flard\u0131r. Bu notalar, oud&rsquo;un g&uuml;&ccedil;l&uuml; etkisini dengeleyerek, dengeleyici ve kal\u0131c\u0131 bir izlenim b\u0131rak\u0131r.<\/li>\n<\/ul>\n<p><strong>Emporio Armani Stronger With You Oud<\/strong>, klasik <strong>Stronger With You<\/strong> serisinin modern bir versiyonudur. &Ouml;zellikle gece kullan\u0131m\u0131 i&ccedil;in ideal olan bu parf&uuml;m, etkileyici, sofistike ve kal\u0131c\u0131 yap\u0131s\u0131yla her an\u0131n\u0131za g&uuml;&ccedil; katacak.<\/p>\n<p>G&uuml;nl&uuml;k kullan\u0131mda ve &ouml;zel davetlerde kendinizi &ouml;zel hissettirecek, \u015f\u0131kl\u0131\u011f\u0131n\u0131z\u0131 tamamlayacak <strong>Emporio Armani Stronger With You Oud<\/strong>, modern erke\u011fin vazge&ccedil;ilmez parf&uuml;m&uuml; olacak.<\/p>\n","protected":false},"excerpt":{"rendered":"<p>Emporio Armani Stronger With You Oud EDP 100 ml Erkek Parf&uuml;m&uuml;, parf&uuml;m d&uuml;nyas\u0131nda g&uuml;&ccedil;l&uuml; bir iz b\u0131rakmak isteyen erkekler i&ccedil;in<\/p>\n","protected":false},"featured_media":1449,"comment_status":"closed","ping_status":"open","template":"","meta":[],"product_brand":[72],"product_cat":[66],"product_tag":[],"class_list":{"0":"post-1447","1":"product","2":"type-product","3":"status-publish","4":"has-post-thumbnail","6":"product_brand-emporio-armani","7":"product_cat-mens-perfume","9":"first","10":"instock","11":"purchasable","12":"product-type-simple"},"_links":{"self":[{"href":"https:\/\/bosforcosmetic.com\/index.php?rest_route=\/wp\/v2\/product\/1447","targetHints":{"allow":["GET"]}}],"collection":[{"href":"https:\/\/bosforcosmetic.com\/index.php?rest_route=\/wp\/v2\/product"}],"about":[{"href":"https:\/\/bosforcosmetic.com\/index.php?rest_route=\/wp\/v2\/types\/product"}],"replies":[{"embeddable":true,"href":"https:\/\/bosforcosmetic.com\/index.php?rest_route=%2Fwp%2Fv2%2Fcomments&post=1447"}],"version-history":[{"count":1,"href":"https:\/\/bosforcosmetic.com\/index.php?rest_route=\/wp\/v2\/product\/1447\/revisions"}],"predecessor-version":[{"id":1448,"href":"https:\/\/bosforcosmetic.com\/index.php?rest_route=\/wp\/v2\/product\/1447\/revisions\/1448"}],"wp:featuredmedia":[{"embeddable":true,"href":"https:\/\/bosforcosmetic.com\/index.php?rest_route=\/wp\/v2\/media\/1449"}],"wp:attachment":[{"href":"https:\/\/bosforcosmetic.com\/index.php?rest_route=%2Fwp%2Fv2%2Fmedia&parent=1447"}],"wp:term":[{"taxonomy":"product_brand","embeddable":true,"href":"https:\/\/bosforcosmetic.com\/index.php?rest_route=%2Fwp%2Fv2%2Fproduct_brand&post=1447"},{"taxonomy":"product_cat","embeddable":true,"href":"https:\/\/bosforcosmetic.com\/index.php?rest_route=%2Fwp%2Fv2%2Fproduct_cat&post=1447"},{"taxonomy":"product_tag","embeddable":true,"href":"https:\/\/bosforcosmetic.com\/index.php?rest_route=%2Fwp%2Fv2%2Fproduct_tag&post=1447"}],"curies":[{"name":"wp","href":"https:\/\/api.w.org\/{rel}","templated":true}]}}