{"id":1441,"date":"2025-07-13T11:31:15","date_gmt":"2025-07-13T11:31:15","guid":{"rendered":"https:\/\/bosforcosmetic.com\/?product=emporio-armani-because-its-you-100-ml-edp"},"modified":"2025-07-13T11:31:16","modified_gmt":"2025-07-13T11:31:16","slug":"emporio-armani-because-its-you-100-ml-edp","status":"publish","type":"product","link":"https:\/\/bosforcosmetic.com\/?product=emporio-armani-because-its-you-100-ml-edp","title":{"rendered":"EMPOR\u0130O ARMAN\u0130 BECAUSE IT&#8217;S YOU 100 ML EDP"},"content":{"rendered":"<p><strong>Emporio Armani Because It&#8217;s You 100 ml EDP Kad\u0131n Parf&uuml;m<\/strong>, \u015f\u0131kl\u0131\u011f\u0131 ve zarafeti bir arada sunan, tatl\u0131 ve &ccedil;i&ccedil;eksi notalar\u0131n m&uuml;kemmel dengesini yakalayan bir parf&uuml;md&uuml;r. Her kad\u0131n i&ccedil;in &ouml;zel bir se&ccedil;im olan bu parf&uuml;m, &ccedil;ekici, romantik ve sofistike bir hava yarat\u0131r.<\/p>\n<ul>\n<li><strong>&Uuml;st Notalar:<\/strong> <strong>Bergamot<\/strong> ve <strong>raspberry<\/strong> (ahududu) ile ferah ve tatl\u0131 bir a&ccedil;\u0131l\u0131\u015f yaparak sizi cezbetmeye ba\u015flar.<\/li>\n<li><strong>Orta Notalar:<\/strong> <strong>G&uuml;l<\/strong> ve <strong>neroli<\/strong> &ccedil;i&ccedil;eklerinin e\u015fsiz birle\u015fimi, parf&uuml;me zarif ve romantik bir karakter katarken, hafif baharatl\u0131 dokunu\u015flar da ekler.<\/li>\n<li><strong>Alt Notalar:<\/strong> <strong>Vanilya<\/strong>, <strong>misk<\/strong> ve <strong>pralin<\/strong> gibi tatl\u0131 ve s\u0131cak notalar, parf&uuml;me derinlik ve kal\u0131c\u0131l\u0131k sa\u011flar. Bu etkileyici kombinasyon, parf&uuml;m&uuml;n uzun s&uuml;re cildinizde kalmas\u0131n\u0131 ve &ccedil;evrenize ho\u015f bir iz b\u0131rakmas\u0131n\u0131 garanti eder.<\/li>\n<\/ul>\n<p><strong>Emporio Armani Because It&#8217;s You<\/strong>, feminenli\u011fi, zarafeti ve duygusal yo\u011funlu\u011fu bir araya getirerek her an\u0131n\u0131z\u0131 &ouml;zel k\u0131lar. Hem g&uuml;nl&uuml;k kullan\u0131mda hem de gece davetlerinde dikkat &ccedil;ekici bir parf&uuml;m olarak tercih edilebilir. Sadece kokusuyla de\u011fil, ayn\u0131 zamanda i&ccedil;indeki modern ve sofistike dokunu\u015flar\u0131yla da kendini g&ouml;sterir.<\/p>\n<p>Bu parf&uuml;m, klasik ve zarif notalar\u0131yla kad\u0131ns\u0131 g&uuml;zelli\u011fi simgeler ve sizin de kendinizi her an daha &ouml;zel hissetmenizi sa\u011flar.<\/p>\n","protected":false},"excerpt":{"rendered":"<p>Emporio Armani Because It&#8217;s You 100 ml EDP Kad\u0131n Parf&uuml;m, \u015f\u0131kl\u0131\u011f\u0131 ve zarafeti bir arada sunan, tatl\u0131 ve &ccedil;i&ccedil;eksi notalar\u0131n<\/p>\n","protected":false},"featured_media":1443,"comment_status":"closed","ping_status":"open","template":"","meta":[],"product_brand":[72],"product_cat":[68],"product_tag":[],"class_list":{"0":"post-1441","1":"product","2":"type-product","3":"status-publish","4":"has-post-thumbnail","6":"product_brand-emporio-armani","7":"product_cat-womens-perfume","9":"first","10":"instock","11":"purchasable","12":"product-type-simple"},"_links":{"self":[{"href":"https:\/\/bosforcosmetic.com\/index.php?rest_route=\/wp\/v2\/product\/1441","targetHints":{"allow":["GET"]}}],"collection":[{"href":"https:\/\/bosforcosmetic.com\/index.php?rest_route=\/wp\/v2\/product"}],"about":[{"href":"https:\/\/bosforcosmetic.com\/index.php?rest_route=\/wp\/v2\/types\/product"}],"replies":[{"embeddable":true,"href":"https:\/\/bosforcosmetic.com\/index.php?rest_route=%2Fwp%2Fv2%2Fcomments&post=1441"}],"version-history":[{"count":1,"href":"https:\/\/bosforcosmetic.com\/index.php?rest_route=\/wp\/v2\/product\/1441\/revisions"}],"predecessor-version":[{"id":1442,"href":"https:\/\/bosforcosmetic.com\/index.php?rest_route=\/wp\/v2\/product\/1441\/revisions\/1442"}],"wp:featuredmedia":[{"embeddable":true,"href":"https:\/\/bosforcosmetic.com\/index.php?rest_route=\/wp\/v2\/media\/1443"}],"wp:attachment":[{"href":"https:\/\/bosforcosmetic.com\/index.php?rest_route=%2Fwp%2Fv2%2Fmedia&parent=1441"}],"wp:term":[{"taxonomy":"product_brand","embeddable":true,"href":"https:\/\/bosforcosmetic.com\/index.php?rest_route=%2Fwp%2Fv2%2Fproduct_brand&post=1441"},{"taxonomy":"product_cat","embeddable":true,"href":"https:\/\/bosforcosmetic.com\/index.php?rest_route=%2Fwp%2Fv2%2Fproduct_cat&post=1441"},{"taxonomy":"product_tag","embeddable":true,"href":"https:\/\/bosforcosmetic.com\/index.php?rest_route=%2Fwp%2Fv2%2Fproduct_tag&post=1441"}],"curies":[{"name":"wp","href":"https:\/\/api.w.org\/{rel}","templated":true}]}}