{"id":1435,"date":"2025-07-13T11:31:15","date_gmt":"2025-07-13T11:31:15","guid":{"rendered":"https:\/\/bosforcosmetic.com\/?product=emporio-armani-in-love-with-you-edp-100-ml"},"modified":"2025-07-13T11:31:15","modified_gmt":"2025-07-13T11:31:15","slug":"emporio-armani-in-love-with-you-edp-100-ml","status":"publish","type":"product","link":"https:\/\/bosforcosmetic.com\/?product=emporio-armani-in-love-with-you-edp-100-ml","title":{"rendered":"EMPOR\u0130O ARMAN\u0130 IN LOVE W\u0130TH YOU EDP 100 ML"},"content":{"rendered":"<p><strong>Emporio Armani In Love With You EDP 100 ml Kad\u0131n Parf&uuml;m<\/strong>, a\u015fk\u0131 ve romantizmi kutlayan, duygular\u0131n\u0131z\u0131 harekete ge&ccedil;iren b&uuml;y&uuml;leyici bir koku. Duygusal, &ccedil;ekici ve \u015fehvetli olan bu parf&uuml;m, gen&ccedil; a\u015f\u0131klar\u0131n tutkusunu ve heyecan\u0131n\u0131 yans\u0131t\u0131r. &Ccedil;i&ccedil;eksi ve meyvemsi notalar\u0131n m&uuml;kemmel uyumu ile kad\u0131ns\u0131l\u0131\u011f\u0131 en g&uuml;zel \u015fekilde ortaya &ccedil;\u0131kar\u0131r.<\/p>\n<ul>\n<li><strong>&Uuml;st Notalar:<\/strong> Parf&uuml;m, tatl\u0131 ve canl\u0131 <strong>vi\u015fne<\/strong> ile a&ccedil;\u0131larak romantik bir ba\u015flang\u0131&ccedil; sunar.<\/li>\n<li><strong>Orta Notalar:<\/strong> Yo\u011fun ve ba\u015f d&ouml;nd&uuml;r&uuml;c&uuml; <strong>yasemin<\/strong> kalbiyle, parf&uuml;me zarafet ve feminen bir dokunu\u015f katar.<\/li>\n<li><strong>Alt Notalar:<\/strong> <strong>Vanilya<\/strong> ve <strong>pa&ccedil;uli<\/strong>, s\u0131cak ve sofistike bir kapan\u0131\u015f sa\u011flayarak parf&uuml;me derinlik ve uzun s&uuml;reli kal\u0131c\u0131l\u0131k kazand\u0131r\u0131r.<\/li>\n<\/ul>\n<p><strong>Emporio Armani In Love With You<\/strong>, gen&ccedil; ve dinamik kad\u0131nlar i&ccedil;in tasarlanm\u0131\u015f bir parf&uuml;md&uuml;r. Her kullan\u0131mda a\u015fk\u0131 yeniden hissettiren bu koku, a\u015fka dair g&uuml;&ccedil;l&uuml; duygular\u0131 ta\u015f\u0131yan kad\u0131nlar i&ccedil;in m&uuml;kemmel bir se&ccedil;enektir. Tatl\u0131 ve ba\u015ftan &ccedil;\u0131kar\u0131c\u0131 yap\u0131s\u0131yla, kendinize olan g&uuml;veninizi artt\u0131r\u0131r ve &ccedil;evrenizdekileri etkiler.<\/p>\n<p><strong>In Love With You<\/strong>, unutulmaz an\u0131larla dolu romantik bir yolculu\u011fa &ccedil;\u0131karan bir parf&uuml;m olarak, kad\u0131ns\u0131 &ccedil;ekicili\u011finizi &ouml;n plana &ccedil;\u0131karman\u0131za yard\u0131mc\u0131 olacak.<\/p>\n","protected":false},"excerpt":{"rendered":"<p>Emporio Armani In Love With You EDP 100 ml Kad\u0131n Parf&uuml;m, a\u015fk\u0131 ve romantizmi kutlayan, duygular\u0131n\u0131z\u0131 harekete ge&ccedil;iren b&uuml;y&uuml;leyici bir<\/p>\n","protected":false},"featured_media":1437,"comment_status":"closed","ping_status":"open","template":"","meta":[],"product_brand":[72],"product_cat":[68],"product_tag":[],"class_list":{"0":"post-1435","1":"product","2":"type-product","3":"status-publish","4":"has-post-thumbnail","6":"product_brand-emporio-armani","7":"product_cat-womens-perfume","9":"first","10":"instock","11":"purchasable","12":"product-type-simple"},"_links":{"self":[{"href":"https:\/\/bosforcosmetic.com\/index.php?rest_route=\/wp\/v2\/product\/1435","targetHints":{"allow":["GET"]}}],"collection":[{"href":"https:\/\/bosforcosmetic.com\/index.php?rest_route=\/wp\/v2\/product"}],"about":[{"href":"https:\/\/bosforcosmetic.com\/index.php?rest_route=\/wp\/v2\/types\/product"}],"replies":[{"embeddable":true,"href":"https:\/\/bosforcosmetic.com\/index.php?rest_route=%2Fwp%2Fv2%2Fcomments&post=1435"}],"version-history":[{"count":1,"href":"https:\/\/bosforcosmetic.com\/index.php?rest_route=\/wp\/v2\/product\/1435\/revisions"}],"predecessor-version":[{"id":1436,"href":"https:\/\/bosforcosmetic.com\/index.php?rest_route=\/wp\/v2\/product\/1435\/revisions\/1436"}],"wp:featuredmedia":[{"embeddable":true,"href":"https:\/\/bosforcosmetic.com\/index.php?rest_route=\/wp\/v2\/media\/1437"}],"wp:attachment":[{"href":"https:\/\/bosforcosmetic.com\/index.php?rest_route=%2Fwp%2Fv2%2Fmedia&parent=1435"}],"wp:term":[{"taxonomy":"product_brand","embeddable":true,"href":"https:\/\/bosforcosmetic.com\/index.php?rest_route=%2Fwp%2Fv2%2Fproduct_brand&post=1435"},{"taxonomy":"product_cat","embeddable":true,"href":"https:\/\/bosforcosmetic.com\/index.php?rest_route=%2Fwp%2Fv2%2Fproduct_cat&post=1435"},{"taxonomy":"product_tag","embeddable":true,"href":"https:\/\/bosforcosmetic.com\/index.php?rest_route=%2Fwp%2Fv2%2Fproduct_tag&post=1435"}],"curies":[{"name":"wp","href":"https:\/\/api.w.org\/{rel}","templated":true}]}}