{"id":1432,"date":"2025-07-13T11:31:04","date_gmt":"2025-07-13T11:31:04","guid":{"rendered":"https:\/\/bosforcosmetic.com\/?product=jean-paul-gaultier-le-beau-edt-125-ml"},"modified":"2025-07-13T11:31:07","modified_gmt":"2025-07-13T11:31:07","slug":"jean-paul-gaultier-le-beau-edt-125-ml","status":"publish","type":"product","link":"https:\/\/bosforcosmetic.com\/?product=jean-paul-gaultier-le-beau-edt-125-ml","title":{"rendered":"JEAN PAUL GAULT\u0130ER LE BEAU EDT 125 ML"},"content":{"rendered":"<p><strong>Jean Paul Gaultier Le Beau EDT 125 ml Erkek Parf&uuml;m<\/strong>, do\u011fadan ilham alan, sofistike ve \u015fehvetli bir kokuyu erke\u011fin &ccedil;ekicili\u011fiyle bulu\u015fturur. Ba\u015ftan &ccedil;\u0131kar\u0131c\u0131 bir karaktere sahip bu parf&uuml;m, hem mask&uuml;len hem de egzotik bir hava ta\u015f\u0131r. Jean Paul Gaultier&rsquo;in imzas\u0131n\u0131 ta\u015f\u0131yan benzersiz \u015fi\u015fe tasar\u0131m\u0131yla da g&ouml;z al\u0131c\u0131d\u0131r.<\/p>\n<ul>\n<li><strong>&Uuml;st Notalar:<\/strong> Parf&uuml;m, ferahlat\u0131c\u0131 <strong>bergamot<\/strong> ile a&ccedil;\u0131larak enerji dolu ve taze bir ba\u015flang\u0131&ccedil; sunar.<\/li>\n<li><strong>Orta Notalar:<\/strong> <strong>Hindistancevizi<\/strong>, parf&uuml;me egzotik bir \u015fehvet ve s\u0131cakl\u0131k kazand\u0131r\u0131r.<\/li>\n<li><strong>Alt Notalar:<\/strong> <strong>Tonka fasulyesi<\/strong> ve <strong>sandal a\u011fac\u0131<\/strong>, derin ve kal\u0131c\u0131 bir kapan\u0131\u015f sa\u011flar, parf&uuml;m&uuml;n etkileyici ve sofistike karakterini tamamlar.<\/li>\n<\/ul>\n<p><strong>Jean Paul Gaultier Le Beau<\/strong>, &ccedil;ekici, karizmatik ve &ouml;zg&uuml;n erkekler i&ccedil;in m&uuml;kemmel bir tercih. Tropikal notalar\u0131n mask&uuml;len enerjiyle bulu\u015ftu\u011fu bu parf&uuml;m, g&uuml;n boyu kal\u0131c\u0131l\u0131\u011f\u0131 ile fark yarat\u0131r ve her ortamda kendinizi &ouml;zel hissetmenizi sa\u011flar.<\/p>\n<p>Bu koku, \u015f\u0131kl\u0131\u011f\u0131 ve do\u011fall\u0131\u011f\u0131 bir araya getirerek sizi unutulmaz bir parf&uuml;m deneyimine davet ediyor. <strong>Jean Paul Gaultier Le Beau<\/strong> ile do\u011fan\u0131n \u015fehvetli enerjisini ke\u015ffedin!<\/p>\n","protected":false},"excerpt":{"rendered":"<p>Jean Paul Gaultier Le Beau EDT 125 ml Erkek Parf&uuml;m, do\u011fadan ilham alan, sofistike ve \u015fehvetli bir kokuyu erke\u011fin &ccedil;ekicili\u011fiyle<\/p>\n","protected":false},"featured_media":1434,"comment_status":"closed","ping_status":"open","template":"","meta":[],"product_brand":[74],"product_cat":[66],"product_tag":[],"class_list":{"0":"post-1432","1":"product","2":"type-product","3":"status-publish","4":"has-post-thumbnail","6":"product_brand-jean-paul-gaultier","7":"product_cat-mens-perfume","9":"first","10":"instock","11":"purchasable","12":"product-type-simple"},"_links":{"self":[{"href":"https:\/\/bosforcosmetic.com\/index.php?rest_route=\/wp\/v2\/product\/1432","targetHints":{"allow":["GET"]}}],"collection":[{"href":"https:\/\/bosforcosmetic.com\/index.php?rest_route=\/wp\/v2\/product"}],"about":[{"href":"https:\/\/bosforcosmetic.com\/index.php?rest_route=\/wp\/v2\/types\/product"}],"replies":[{"embeddable":true,"href":"https:\/\/bosforcosmetic.com\/index.php?rest_route=%2Fwp%2Fv2%2Fcomments&post=1432"}],"version-history":[{"count":1,"href":"https:\/\/bosforcosmetic.com\/index.php?rest_route=\/wp\/v2\/product\/1432\/revisions"}],"predecessor-version":[{"id":1433,"href":"https:\/\/bosforcosmetic.com\/index.php?rest_route=\/wp\/v2\/product\/1432\/revisions\/1433"}],"wp:featuredmedia":[{"embeddable":true,"href":"https:\/\/bosforcosmetic.com\/index.php?rest_route=\/wp\/v2\/media\/1434"}],"wp:attachment":[{"href":"https:\/\/bosforcosmetic.com\/index.php?rest_route=%2Fwp%2Fv2%2Fmedia&parent=1432"}],"wp:term":[{"taxonomy":"product_brand","embeddable":true,"href":"https:\/\/bosforcosmetic.com\/index.php?rest_route=%2Fwp%2Fv2%2Fproduct_brand&post=1432"},{"taxonomy":"product_cat","embeddable":true,"href":"https:\/\/bosforcosmetic.com\/index.php?rest_route=%2Fwp%2Fv2%2Fproduct_cat&post=1432"},{"taxonomy":"product_tag","embeddable":true,"href":"https:\/\/bosforcosmetic.com\/index.php?rest_route=%2Fwp%2Fv2%2Fproduct_tag&post=1432"}],"curies":[{"name":"wp","href":"https:\/\/api.w.org\/{rel}","templated":true}]}}