{"id":1426,"date":"2025-07-13T11:31:04","date_gmt":"2025-07-13T11:31:04","guid":{"rendered":"https:\/\/bosforcosmetic.com\/?product=jean-paul-gaultier-le-beau-le-parfum-edp-125-ml"},"modified":"2025-07-13T11:31:07","modified_gmt":"2025-07-13T11:31:07","slug":"jean-paul-gaultier-le-beau-le-parfum-edp-125-ml","status":"publish","type":"product","link":"https:\/\/bosforcosmetic.com\/?product=jean-paul-gaultier-le-beau-le-parfum-edp-125-ml","title":{"rendered":"JEAN PAUL GAULT\u0130ER LE BEAU LE PARFUM EDP 125 ML"},"content":{"rendered":"<p><strong>Jean Paul Gaultier Le Beau Le Parfum EDP 125 ml Erkek Parf&uuml;m<\/strong>, do\u011fan\u0131n &ccedil;ekici ve ba\u015ftan &ccedil;\u0131kar\u0131c\u0131 y&ouml;nlerini erke\u011fin karakteriyle bulu\u015fturan etkileyici bir parf&uuml;md&uuml;r. Tropikal, odunsu ve \u015fehvetli notalar, bu kokuyu s\u0131radanl\u0131ktan &ccedil;\u0131kararak adeta bir cazibe ikonu haline getirir. Parf&uuml;m, erkeksi enerjiyi g&uuml;&ccedil;l&uuml; ve kal\u0131c\u0131 bir \u015fekilde yans\u0131t\u0131rken, sofistike yap\u0131s\u0131yla da g&ouml;z doldurur.<\/p>\n<ul>\n<li><strong>&Uuml;st Notalar:<\/strong> Canland\u0131r\u0131c\u0131 <strong>bergamot<\/strong> ve <strong>ye\u015fil elma<\/strong>, taze ve enerji dolu bir a&ccedil;\u0131l\u0131\u015f sunar.<\/li>\n<li><strong>Orta Notalar:<\/strong> <strong>Hindistancevizi<\/strong> ve <strong>tonka fasulyesi<\/strong>, parf&uuml;me egzotik bir \u015fehvet ve s\u0131cakl\u0131k kazand\u0131r\u0131r.<\/li>\n<li><strong>Alt Notalar:<\/strong> Derin ve ba\u015ftan &ccedil;\u0131kar\u0131c\u0131 <strong>vanilya<\/strong> ve <strong>sandal a\u011fac\u0131<\/strong>, parf&uuml;m&uuml;n kal\u0131c\u0131l\u0131\u011f\u0131n\u0131 sa\u011flayarak sofistike bir kapan\u0131\u015f yapar.<\/li>\n<\/ul>\n<p>Bu parf&uuml;m, yo\u011fun ve &ccedil;arp\u0131c\u0131 yap\u0131s\u0131yla her ad\u0131mda iz b\u0131rakan bir &ccedil;ekicilik sunar. <strong>Le Beau Le Parfum<\/strong>, Jean Paul Gaultier&rsquo;in ikonik \u015fi\u015fe tasar\u0131m\u0131yla tamamlanm\u0131\u015f olup, do\u011fu\u015ftan cazibesini kutlayan erkekler i&ccedil;in m&uuml;kemmel bir tercihtir. Tropikal bir cennetin kokusunu g&uuml;n boyu &uuml;zerinizde hissetmek isteyenlere hitap eden bu parf&uuml;m, kal\u0131c\u0131l\u0131\u011f\u0131 ve etkileyici notalar\u0131 ile fark yarat\u0131r.<\/p>\n<p><strong>Jean Paul Gaultier Le Beau Le Parfum ile b&uuml;y&uuml;leyici ve unutulmaz olun!<\/strong><\/p>\n","protected":false},"excerpt":{"rendered":"<p>Jean Paul Gaultier Le Beau Le Parfum EDP 125 ml Erkek Parf&uuml;m, do\u011fan\u0131n &ccedil;ekici ve ba\u015ftan &ccedil;\u0131kar\u0131c\u0131 y&ouml;nlerini erke\u011fin karakteriyle<\/p>\n","protected":false},"featured_media":1428,"comment_status":"closed","ping_status":"open","template":"","meta":[],"product_brand":[74],"product_cat":[66],"product_tag":[],"class_list":{"0":"post-1426","1":"product","2":"type-product","3":"status-publish","4":"has-post-thumbnail","6":"product_brand-jean-paul-gaultier","7":"product_cat-mens-perfume","9":"first","10":"instock","11":"purchasable","12":"product-type-simple"},"_links":{"self":[{"href":"https:\/\/bosforcosmetic.com\/index.php?rest_route=\/wp\/v2\/product\/1426","targetHints":{"allow":["GET"]}}],"collection":[{"href":"https:\/\/bosforcosmetic.com\/index.php?rest_route=\/wp\/v2\/product"}],"about":[{"href":"https:\/\/bosforcosmetic.com\/index.php?rest_route=\/wp\/v2\/types\/product"}],"replies":[{"embeddable":true,"href":"https:\/\/bosforcosmetic.com\/index.php?rest_route=%2Fwp%2Fv2%2Fcomments&post=1426"}],"version-history":[{"count":1,"href":"https:\/\/bosforcosmetic.com\/index.php?rest_route=\/wp\/v2\/product\/1426\/revisions"}],"predecessor-version":[{"id":1427,"href":"https:\/\/bosforcosmetic.com\/index.php?rest_route=\/wp\/v2\/product\/1426\/revisions\/1427"}],"wp:featuredmedia":[{"embeddable":true,"href":"https:\/\/bosforcosmetic.com\/index.php?rest_route=\/wp\/v2\/media\/1428"}],"wp:attachment":[{"href":"https:\/\/bosforcosmetic.com\/index.php?rest_route=%2Fwp%2Fv2%2Fmedia&parent=1426"}],"wp:term":[{"taxonomy":"product_brand","embeddable":true,"href":"https:\/\/bosforcosmetic.com\/index.php?rest_route=%2Fwp%2Fv2%2Fproduct_brand&post=1426"},{"taxonomy":"product_cat","embeddable":true,"href":"https:\/\/bosforcosmetic.com\/index.php?rest_route=%2Fwp%2Fv2%2Fproduct_cat&post=1426"},{"taxonomy":"product_tag","embeddable":true,"href":"https:\/\/bosforcosmetic.com\/index.php?rest_route=%2Fwp%2Fv2%2Fproduct_tag&post=1426"}],"curies":[{"name":"wp","href":"https:\/\/api.w.org\/{rel}","templated":true}]}}