{"id":1423,"date":"2025-07-13T11:31:04","date_gmt":"2025-07-13T11:31:04","guid":{"rendered":"https:\/\/bosforcosmetic.com\/?product=jean-paul-gaultier-le-male-edt-125-ml"},"modified":"2025-07-13T11:31:07","modified_gmt":"2025-07-13T11:31:07","slug":"jean-paul-gaultier-le-male-edt-125-ml","status":"publish","type":"product","link":"https:\/\/bosforcosmetic.com\/?product=jean-paul-gaultier-le-male-edt-125-ml","title":{"rendered":"JEAN PAUL GAULT\u0130ER LE MALE EDT 125 ML"},"content":{"rendered":"<p><strong>Jean Paul Gaultier Le Male EDT 125 ml Erkek Parf&uuml;m<\/strong>, cesur, \u015fehvetli ve ayn\u0131 zamanda yumu\u015fak bir dokunu\u015fla erkekli\u011fin simgesi haline gelmi\u015f bir parf&uuml;md&uuml;r. \u0130lk olarak 1995 y\u0131l\u0131nda piyasaya s&uuml;r&uuml;len bu klasik koku, zamanla modern bir efsane haline gelmi\u015ftir. Hem g&uuml;nl&uuml;k kullan\u0131m i&ccedil;in hem de &ouml;zel anlarda tercih edilebilecek m&uuml;kemmel bir parf&uuml;md&uuml;r.<\/p>\n<ul>\n<li><strong>&Uuml;st Notalar:<\/strong> Ferahlat\u0131c\u0131 <strong>nane<\/strong> ve <strong>bergamot<\/strong>, parf&uuml;me taze ve canl\u0131 bir ba\u015flang\u0131&ccedil; sa\u011flar.<\/li>\n<li><strong>Orta Notalar:<\/strong> Erkeksi ve sofistike bir etki i&ccedil;in <strong>lavanta<\/strong> ve <strong>tar&ccedil;\u0131n<\/strong> ile harmanlan\u0131r.<\/li>\n<li><strong>Alt Notalar:<\/strong> Derin ve \u015fehvetli bir dokunu\u015f i&ccedil;in <strong>vanilya<\/strong>, <strong>amber<\/strong> ve <strong>sandal a\u011fac\u0131<\/strong> ile kapan\u0131\u015f\u0131 yapar.<\/li>\n<\/ul>\n<p>Bu parf&uuml;m, nane ve lavanta gibi ferahlat\u0131c\u0131 notalarla ba\u015flar, zamanla vanilyan\u0131n s\u0131cak ve ba\u015ftan &ccedil;\u0131kar\u0131c\u0131 etkisine ge&ccedil;i\u015f yapar. <strong>Le Male<\/strong>, klasik ve modern erke\u011fin m&uuml;kemmel bir yans\u0131mas\u0131d\u0131r. Kal\u0131c\u0131l\u0131\u011f\u0131 ve fark edilirli\u011fi ile g&uuml;n boyu etkisini s&uuml;rd&uuml;r&uuml;r.<\/p>\n<p><strong>Jean Paul Gaultier Le Male<\/strong>, kendine g&uuml;venen, sofistike ve stil sahibi erkekler i&ccedil;in tasarlanm\u0131\u015ft\u0131r. Ba\u015ftan &ccedil;\u0131kar\u0131c\u0131 bir imza koku arayanlar i&ccedil;in ideal bir se&ccedil;imdir.<\/p>\n","protected":false},"excerpt":{"rendered":"<p>Jean Paul Gaultier Le Male EDT 125 ml Erkek Parf&uuml;m, cesur, \u015fehvetli ve ayn\u0131 zamanda yumu\u015fak bir dokunu\u015fla erkekli\u011fin simgesi<\/p>\n","protected":false},"featured_media":1425,"comment_status":"closed","ping_status":"open","template":"","meta":[],"product_brand":[74],"product_cat":[66],"product_tag":[],"class_list":{"0":"post-1423","1":"product","2":"type-product","3":"status-publish","4":"has-post-thumbnail","6":"product_brand-jean-paul-gaultier","7":"product_cat-mens-perfume","9":"first","10":"instock","11":"purchasable","12":"product-type-simple"},"_links":{"self":[{"href":"https:\/\/bosforcosmetic.com\/index.php?rest_route=\/wp\/v2\/product\/1423","targetHints":{"allow":["GET"]}}],"collection":[{"href":"https:\/\/bosforcosmetic.com\/index.php?rest_route=\/wp\/v2\/product"}],"about":[{"href":"https:\/\/bosforcosmetic.com\/index.php?rest_route=\/wp\/v2\/types\/product"}],"replies":[{"embeddable":true,"href":"https:\/\/bosforcosmetic.com\/index.php?rest_route=%2Fwp%2Fv2%2Fcomments&post=1423"}],"version-history":[{"count":1,"href":"https:\/\/bosforcosmetic.com\/index.php?rest_route=\/wp\/v2\/product\/1423\/revisions"}],"predecessor-version":[{"id":1424,"href":"https:\/\/bosforcosmetic.com\/index.php?rest_route=\/wp\/v2\/product\/1423\/revisions\/1424"}],"wp:featuredmedia":[{"embeddable":true,"href":"https:\/\/bosforcosmetic.com\/index.php?rest_route=\/wp\/v2\/media\/1425"}],"wp:attachment":[{"href":"https:\/\/bosforcosmetic.com\/index.php?rest_route=%2Fwp%2Fv2%2Fmedia&parent=1423"}],"wp:term":[{"taxonomy":"product_brand","embeddable":true,"href":"https:\/\/bosforcosmetic.com\/index.php?rest_route=%2Fwp%2Fv2%2Fproduct_brand&post=1423"},{"taxonomy":"product_cat","embeddable":true,"href":"https:\/\/bosforcosmetic.com\/index.php?rest_route=%2Fwp%2Fv2%2Fproduct_cat&post=1423"},{"taxonomy":"product_tag","embeddable":true,"href":"https:\/\/bosforcosmetic.com\/index.php?rest_route=%2Fwp%2Fv2%2Fproduct_tag&post=1423"}],"curies":[{"name":"wp","href":"https:\/\/api.w.org\/{rel}","templated":true}]}}