{"id":1417,"date":"2025-07-13T11:31:04","date_gmt":"2025-07-13T11:31:04","guid":{"rendered":"https:\/\/bosforcosmetic.com\/?product=jean-paul-gaultier-scandal-by-night-edp-80-ml"},"modified":"2025-07-13T11:31:06","modified_gmt":"2025-07-13T11:31:06","slug":"jean-paul-gaultier-scandal-by-night-edp-80-ml","status":"publish","type":"product","link":"https:\/\/bosforcosmetic.com\/?product=jean-paul-gaultier-scandal-by-night-edp-80-ml","title":{"rendered":"JEAN PAUL GAULT\u0130ER SCANDAL BY N\u0130GHT EDP 80 ML"},"content":{"rendered":"<p><strong>Jean Paul Gaultier Scandal by Night EDP 80 ml Kad\u0131n Parf&uuml;m<\/strong>, kad\u0131ns\u0131 cazibenizi ve ba\u015f d&ouml;nd&uuml;ren gece atmosferini yans\u0131tan bir koku. Bu etkileyici parf&uuml;m, tatl\u0131 ve &ccedil;i&ccedil;eksi notalar\u0131 bir araya getirerek kal\u0131c\u0131 bir \u015f\u0131kl\u0131k sunuyor. Gecenin b&uuml;y&uuml;s&uuml;n&uuml; ve \u0131\u015f\u0131lt\u0131s\u0131n\u0131 &uuml;zerinde ta\u015f\u0131mak isteyen kad\u0131nlar i&ccedil;in yarat\u0131lm\u0131\u015f olan bu parf&uuml;m, yo\u011fun ve derin kokusuyla &ouml;ne &ccedil;\u0131k\u0131yor.<\/p>\n<ul>\n<li><strong>&Uuml;st Notalar:<\/strong> <strong>Tuberose<\/strong> ve <strong>bal<\/strong>, tatl\u0131 ve kremsi bir a&ccedil;\u0131l\u0131\u015fla dikkat &ccedil;eker.<\/li>\n<li><strong>Orta Notalar:<\/strong> <strong>Tonka fasulyesi<\/strong> ve <strong>sandal a\u011fac\u0131<\/strong>, parf&uuml;me s\u0131cak ve rahatlat\u0131c\u0131 bir derinlik kazand\u0131r\u0131r.<\/li>\n<li><strong>Alt Notalar:<\/strong> <strong>Pa&ccedil;uli<\/strong> ve <strong>vanilya<\/strong>, s\u0131cak ve sofistike bir kapan\u0131\u015f sunarak uzun s&uuml;re kal\u0131c\u0131l\u0131k sa\u011flar.<\/li>\n<\/ul>\n<p><strong>Jean Paul Gaultier Scandal by Night<\/strong>, gece kullan\u0131m\u0131na uygun, ba\u015f d&ouml;nd&uuml;ren ve cazibeli bir parf&uuml;m arayan kad\u0131nlar i&ccedil;in m&uuml;kemmel bir tercihtir. Bu parf&uuml;m, her ortamda dikkatleri &uuml;zerinize &ccedil;ekmek ve etkileyici bir iz b\u0131rakmak i&ccedil;in tasarlanm\u0131\u015ft\u0131r.<\/p>\n<p><strong>Jean Paul Gaultier Scandal by Night ile her gece ba\u015ftan &ccedil;\u0131kar\u0131c\u0131 olun!<\/strong><\/p>\n","protected":false},"excerpt":{"rendered":"<p>Jean Paul Gaultier Scandal by Night EDP 80 ml Kad\u0131n Parf&uuml;m, kad\u0131ns\u0131 cazibenizi ve ba\u015f d&ouml;nd&uuml;ren gece atmosferini yans\u0131tan bir<\/p>\n","protected":false},"featured_media":1419,"comment_status":"closed","ping_status":"open","template":"","meta":[],"product_brand":[74],"product_cat":[68],"product_tag":[],"class_list":{"0":"post-1417","1":"product","2":"type-product","3":"status-publish","4":"has-post-thumbnail","6":"product_brand-jean-paul-gaultier","7":"product_cat-womens-perfume","9":"first","10":"instock","11":"purchasable","12":"product-type-simple"},"_links":{"self":[{"href":"https:\/\/bosforcosmetic.com\/index.php?rest_route=\/wp\/v2\/product\/1417","targetHints":{"allow":["GET"]}}],"collection":[{"href":"https:\/\/bosforcosmetic.com\/index.php?rest_route=\/wp\/v2\/product"}],"about":[{"href":"https:\/\/bosforcosmetic.com\/index.php?rest_route=\/wp\/v2\/types\/product"}],"replies":[{"embeddable":true,"href":"https:\/\/bosforcosmetic.com\/index.php?rest_route=%2Fwp%2Fv2%2Fcomments&post=1417"}],"version-history":[{"count":1,"href":"https:\/\/bosforcosmetic.com\/index.php?rest_route=\/wp\/v2\/product\/1417\/revisions"}],"predecessor-version":[{"id":1418,"href":"https:\/\/bosforcosmetic.com\/index.php?rest_route=\/wp\/v2\/product\/1417\/revisions\/1418"}],"wp:featuredmedia":[{"embeddable":true,"href":"https:\/\/bosforcosmetic.com\/index.php?rest_route=\/wp\/v2\/media\/1419"}],"wp:attachment":[{"href":"https:\/\/bosforcosmetic.com\/index.php?rest_route=%2Fwp%2Fv2%2Fmedia&parent=1417"}],"wp:term":[{"taxonomy":"product_brand","embeddable":true,"href":"https:\/\/bosforcosmetic.com\/index.php?rest_route=%2Fwp%2Fv2%2Fproduct_brand&post=1417"},{"taxonomy":"product_cat","embeddable":true,"href":"https:\/\/bosforcosmetic.com\/index.php?rest_route=%2Fwp%2Fv2%2Fproduct_cat&post=1417"},{"taxonomy":"product_tag","embeddable":true,"href":"https:\/\/bosforcosmetic.com\/index.php?rest_route=%2Fwp%2Fv2%2Fproduct_tag&post=1417"}],"curies":[{"name":"wp","href":"https:\/\/api.w.org\/{rel}","templated":true}]}}