{"id":1408,"date":"2025-07-13T11:31:04","date_gmt":"2025-07-13T11:31:04","guid":{"rendered":"https:\/\/bosforcosmetic.com\/?product=jean-paul-gaultier-scandal-pour-homme-edt-100ml"},"modified":"2025-07-13T11:31:06","modified_gmt":"2025-07-13T11:31:06","slug":"jean-paul-gaultier-scandal-pour-homme-edt-100ml","status":"publish","type":"product","link":"https:\/\/bosforcosmetic.com\/?product=jean-paul-gaultier-scandal-pour-homme-edt-100ml","title":{"rendered":"JEAN PAUL GAULT\u0130ER SCANDAL POUR HOMME EDT 100ML"},"content":{"rendered":"<p><strong>Jean Paul Gaultier Scandal Pour Homme EDT 100 ml Erkek Parf&uuml;m<\/strong>, g&uuml;&ccedil;l&uuml;, cesur ve &ccedil;ekici erkekler i&ccedil;in tasarlanm\u0131\u015f bir kokudur. Modern bir erkek parf&uuml;m&uuml; arayanlar i&ccedil;in m&uuml;kemmel bir tercih olan Scandal Pour Homme, taze, odunsu ve tatl\u0131 notalar\u0131n m&uuml;kemmel uyumuyla dikkat &ccedil;eker. Jean Paul Gaultier&rsquo;in &ouml;zg&uuml;n tasar\u0131m\u0131yla \u015fi\u015felenen bu parf&uuml;m, her erke\u011fin kendine g&uuml;venmesini ve kal\u0131c\u0131 bir etki b\u0131rakmas\u0131n\u0131 sa\u011flar.<\/p>\n<ul>\n<li><strong>&Uuml;st Notalar:<\/strong> <strong>Mandalin<\/strong> ve <strong>bergamot<\/strong> ile taze ve enerjik bir ba\u015flang\u0131&ccedil; yap\u0131l\u0131r.<\/li>\n<li><strong>Orta Notalar:<\/strong> <strong>Sa&ccedil;akl\u0131 pa&ccedil;uli<\/strong> ve <strong>sandal a\u011fac\u0131<\/strong> ile zenginle\u015fen kalp, parf&uuml;me derinlik katarak, odunsu bir karakter olu\u015fturur.<\/li>\n<li><strong>Alt Notalar:<\/strong> <strong>Tonka fasulyesi<\/strong> ve <strong>bal<\/strong> notalar\u0131, tatl\u0131 bir dokunu\u015f ve uzun s&uuml;re kal\u0131c\u0131 bir iz b\u0131rak\u0131r.<\/li>\n<\/ul>\n<p><strong>Jean Paul Gaultier Scandal Pour Homme EDT<\/strong>, hem g&uuml;nd&uuml;z hem de gece kullan\u0131m\u0131na uygun, kendine g&uuml;venen ve dikkat &ccedil;ekmek isteyen erkekler i&ccedil;in ideal bir parf&uuml;md&uuml;r. G&uuml;nl&uuml;k ya\u015famda ve &ouml;zel anlarda etkileyici bir iz b\u0131rakmak i&ccedil;in Scandal Pour Homme&rsquo;u tercih edin.<\/p>\n<p><strong>Jean Paul Gaultier Scandal Pour Homme EDT ile g&uuml;&ccedil;l&uuml; ve kal\u0131c\u0131 bir erkek parf&uuml;m deneyimi ya\u015fay\u0131n!<\/strong><\/p>\n","protected":false},"excerpt":{"rendered":"<p>Jean Paul Gaultier Scandal Pour Homme EDT 100 ml Erkek Parf&uuml;m, g&uuml;&ccedil;l&uuml;, cesur ve &ccedil;ekici erkekler i&ccedil;in tasarlanm\u0131\u015f bir kokudur.<\/p>\n","protected":false},"featured_media":1410,"comment_status":"closed","ping_status":"open","template":"","meta":[],"product_brand":[74],"product_cat":[66],"product_tag":[],"class_list":{"0":"post-1408","1":"product","2":"type-product","3":"status-publish","4":"has-post-thumbnail","6":"product_brand-jean-paul-gaultier","7":"product_cat-mens-perfume","9":"first","10":"instock","11":"purchasable","12":"product-type-simple"},"_links":{"self":[{"href":"https:\/\/bosforcosmetic.com\/index.php?rest_route=\/wp\/v2\/product\/1408","targetHints":{"allow":["GET"]}}],"collection":[{"href":"https:\/\/bosforcosmetic.com\/index.php?rest_route=\/wp\/v2\/product"}],"about":[{"href":"https:\/\/bosforcosmetic.com\/index.php?rest_route=\/wp\/v2\/types\/product"}],"replies":[{"embeddable":true,"href":"https:\/\/bosforcosmetic.com\/index.php?rest_route=%2Fwp%2Fv2%2Fcomments&post=1408"}],"version-history":[{"count":1,"href":"https:\/\/bosforcosmetic.com\/index.php?rest_route=\/wp\/v2\/product\/1408\/revisions"}],"predecessor-version":[{"id":1409,"href":"https:\/\/bosforcosmetic.com\/index.php?rest_route=\/wp\/v2\/product\/1408\/revisions\/1409"}],"wp:featuredmedia":[{"embeddable":true,"href":"https:\/\/bosforcosmetic.com\/index.php?rest_route=\/wp\/v2\/media\/1410"}],"wp:attachment":[{"href":"https:\/\/bosforcosmetic.com\/index.php?rest_route=%2Fwp%2Fv2%2Fmedia&parent=1408"}],"wp:term":[{"taxonomy":"product_brand","embeddable":true,"href":"https:\/\/bosforcosmetic.com\/index.php?rest_route=%2Fwp%2Fv2%2Fproduct_brand&post=1408"},{"taxonomy":"product_cat","embeddable":true,"href":"https:\/\/bosforcosmetic.com\/index.php?rest_route=%2Fwp%2Fv2%2Fproduct_cat&post=1408"},{"taxonomy":"product_tag","embeddable":true,"href":"https:\/\/bosforcosmetic.com\/index.php?rest_route=%2Fwp%2Fv2%2Fproduct_tag&post=1408"}],"curies":[{"name":"wp","href":"https:\/\/api.w.org\/{rel}","templated":true}]}}