{"id":1396,"date":"2025-07-13T11:31:04","date_gmt":"2025-07-13T11:31:04","guid":{"rendered":"https:\/\/bosforcosmetic.com\/?product=jean-paul-gaultier-le-belle-edp-125-ml"},"modified":"2025-07-13T11:31:05","modified_gmt":"2025-07-13T11:31:05","slug":"jean-paul-gaultier-le-belle-edp-125-ml","status":"publish","type":"product","link":"https:\/\/bosforcosmetic.com\/?product=jean-paul-gaultier-le-belle-edp-125-ml","title":{"rendered":"JEAN PAUL GAULT\u0130ER LE BELLE EDP 125 ML"},"content":{"rendered":"<p><strong>Jean Paul Gaultier Le Belle EDP 125 ml Kad\u0131n Parf&uuml;m<\/strong>, sofistike, zarif ve ba\u015ftan &ccedil;\u0131kar\u0131c\u0131 bir parf&uuml;m arayan kad\u0131nlar i&ccedil;in tasarlanm\u0131\u015f ikonik bir kokudur. <strong>\u015eeftali<\/strong> ve <strong>armut<\/strong> gibi tatl\u0131 meyve notalar\u0131, parf&uuml;me ferahlat\u0131c\u0131 bir a&ccedil;\u0131l\u0131\u015f yaparak kad\u0131ns\u0131 &ccedil;ekicili\u011fi vurgular. Ard\u0131ndan, <strong>vanilya<\/strong> ve <strong>odunsu alt notalar<\/strong> devreye girerek, parf&uuml;me derinlik ve kal\u0131c\u0131l\u0131k kazand\u0131r\u0131r.<\/p>\n<ul>\n<li><strong>&Uuml;st Notalar:<\/strong> Tatl\u0131 ve ferahlat\u0131c\u0131 <strong>\u015feftali<\/strong> ve <strong>armut<\/strong> notalar\u0131, parf&uuml;me canl\u0131 ve enerjik bir ba\u015flang\u0131&ccedil; sa\u011flar.<\/li>\n<li><strong>Orta Notalar:<\/strong> <strong>Beyaz &ccedil;i&ccedil;ekler<\/strong> ve <strong>jasmin<\/strong>, parf&uuml;m&uuml;n kalbinde feminen ve zarif bir dokunu\u015f sunar.<\/li>\n<li><strong>Alt Notalar:<\/strong> <strong>Vanilya<\/strong> ve <strong>odunsu notalar<\/strong>, parf&uuml;me s\u0131cakl\u0131k, derinlik ve kal\u0131c\u0131l\u0131k katarak ba\u015ftan &ccedil;\u0131kar\u0131c\u0131 bir etki yarat\u0131r.<\/li>\n<\/ul>\n<p><strong>Jean Paul Gaultier Le Belle EDP<\/strong>, her an\u0131n\u0131zda kendinizi &ouml;zel hissetmek ve kal\u0131c\u0131 bir etki b\u0131rakmak i&ccedil;in ideal bir se&ccedil;imdir. Hem g&uuml;nl&uuml;k kullan\u0131mda hem de &ouml;zel davetlerde sizi &ccedil;evrenizdekilere unutulmaz k\u0131lacak bu parf&uuml;m, feminenli\u011finizi ve g&uuml;c&uuml;n&uuml;z&uuml; yans\u0131t\u0131r.<\/p>\n<p><strong>Jean Paul Gaultier Le Belle EDP ile ba\u015ftan &ccedil;\u0131kar\u0131c\u0131 ve zarif bir parf&uuml;m deneyimi ya\u015fay\u0131n!<\/strong><\/p>\n","protected":false},"excerpt":{"rendered":"<p>Jean Paul Gaultier Le Belle EDP 125 ml Kad\u0131n Parf&uuml;m, sofistike, zarif ve ba\u015ftan &ccedil;\u0131kar\u0131c\u0131 bir parf&uuml;m arayan kad\u0131nlar i&ccedil;in<\/p>\n","protected":false},"featured_media":1398,"comment_status":"closed","ping_status":"open","template":"","meta":[],"product_brand":[74],"product_cat":[68],"product_tag":[],"class_list":{"0":"post-1396","1":"product","2":"type-product","3":"status-publish","4":"has-post-thumbnail","6":"product_brand-jean-paul-gaultier","7":"product_cat-womens-perfume","9":"first","10":"instock","11":"purchasable","12":"product-type-simple"},"_links":{"self":[{"href":"https:\/\/bosforcosmetic.com\/index.php?rest_route=\/wp\/v2\/product\/1396","targetHints":{"allow":["GET"]}}],"collection":[{"href":"https:\/\/bosforcosmetic.com\/index.php?rest_route=\/wp\/v2\/product"}],"about":[{"href":"https:\/\/bosforcosmetic.com\/index.php?rest_route=\/wp\/v2\/types\/product"}],"replies":[{"embeddable":true,"href":"https:\/\/bosforcosmetic.com\/index.php?rest_route=%2Fwp%2Fv2%2Fcomments&post=1396"}],"version-history":[{"count":1,"href":"https:\/\/bosforcosmetic.com\/index.php?rest_route=\/wp\/v2\/product\/1396\/revisions"}],"predecessor-version":[{"id":1397,"href":"https:\/\/bosforcosmetic.com\/index.php?rest_route=\/wp\/v2\/product\/1396\/revisions\/1397"}],"wp:featuredmedia":[{"embeddable":true,"href":"https:\/\/bosforcosmetic.com\/index.php?rest_route=\/wp\/v2\/media\/1398"}],"wp:attachment":[{"href":"https:\/\/bosforcosmetic.com\/index.php?rest_route=%2Fwp%2Fv2%2Fmedia&parent=1396"}],"wp:term":[{"taxonomy":"product_brand","embeddable":true,"href":"https:\/\/bosforcosmetic.com\/index.php?rest_route=%2Fwp%2Fv2%2Fproduct_brand&post=1396"},{"taxonomy":"product_cat","embeddable":true,"href":"https:\/\/bosforcosmetic.com\/index.php?rest_route=%2Fwp%2Fv2%2Fproduct_cat&post=1396"},{"taxonomy":"product_tag","embeddable":true,"href":"https:\/\/bosforcosmetic.com\/index.php?rest_route=%2Fwp%2Fv2%2Fproduct_tag&post=1396"}],"curies":[{"name":"wp","href":"https:\/\/api.w.org\/{rel}","templated":true}]}}