{"id":1390,"date":"2025-07-13T11:31:04","date_gmt":"2025-07-13T11:31:04","guid":{"rendered":"https:\/\/bosforcosmetic.com\/?product=gucci-guilt-pour-homme-edt-100-ml"},"modified":"2025-07-13T11:31:05","modified_gmt":"2025-07-13T11:31:05","slug":"gucci-guilt-pour-homme-edt-100-ml","status":"publish","type":"product","link":"https:\/\/bosforcosmetic.com\/?product=gucci-guilt-pour-homme-edt-100-ml","title":{"rendered":"GUCC\u0130 GU\u0130LT POUR HOMME EDT 100 ML"},"content":{"rendered":"<p><strong>Gucci Guilty Pour Homme EDT 100 ml Erkek Parf&uuml;m<\/strong>, cesur, sofistike ve &ouml;zg&uuml;r ruhlu erkekler i&ccedil;in tasarlanm\u0131\u015f ba\u015ftan &ccedil;\u0131kar\u0131c\u0131 bir parf&uuml;md&uuml;r. <strong>Lavanta<\/strong> ve <strong>portakal &ccedil;i&ccedil;e\u011fi<\/strong> gibi &ccedil;i&ccedil;eksi notalarla zenginle\u015ftirilen kokusu, modern erke\u011fin karakterini yans\u0131t\u0131r. <strong>Odunsu alt notalar<\/strong> ise parf&uuml;me derinlik ve kal\u0131c\u0131l\u0131k kazand\u0131rarak, g&uuml;&ccedil;l&uuml; bir iz b\u0131rak\u0131r.<\/p>\n<ul>\n<li><strong>&Uuml;st Notalar:<\/strong> Canland\u0131r\u0131c\u0131 <strong>portakal &ccedil;i&ccedil;e\u011fi<\/strong> ve ferahlat\u0131c\u0131 <strong>bergamot<\/strong> ile parf&uuml;m taze bir a&ccedil;\u0131l\u0131\u015f yapar.<\/li>\n<li><strong>Orta Notalar:<\/strong> <strong>Lavanta<\/strong> ve <strong>baharatl\u0131 notalar<\/strong>, kokunun kalbini olu\u015fturur. Bu notalar, \u015fehvetli ve sofistike bir etki yarat\u0131r.<\/li>\n<li><strong>Alt Notalar:<\/strong> <strong>Odunsu notalar<\/strong> ve <strong>amber<\/strong>, parf&uuml;me s\u0131cakl\u0131k ve derinlik katarken uzun s&uuml;re kal\u0131c\u0131l\u0131k sa\u011flar.<\/li>\n<\/ul>\n<p><strong>Gucci Guilty Pour Homme EDT<\/strong>, her ortamda sizi ba\u015ftan &ccedil;\u0131karacak ve etraf\u0131n\u0131zdakilerde unutulmaz bir izlenim b\u0131rakacak bir parf&uuml;md&uuml;r. Hem g&uuml;nl&uuml;k kullan\u0131mda hem de &ouml;zel davetlerde g&uuml;&ccedil;l&uuml; bir koku tercih eden erkekler i&ccedil;in ideal bir se&ccedil;enektir.<\/p>\n<p><strong>Gucci Guilty Pour Homme ile cesur, &ouml;zg&uuml;r ve sofistike bir koku deneyimi ya\u015fay\u0131n!<\/strong><\/p>\n","protected":false},"excerpt":{"rendered":"<p>Gucci Guilty Pour Homme EDT 100 ml Erkek Parf&uuml;m, cesur, sofistike ve &ouml;zg&uuml;r ruhlu erkekler i&ccedil;in tasarlanm\u0131\u015f ba\u015ftan &ccedil;\u0131kar\u0131c\u0131 bir<\/p>\n","protected":false},"featured_media":1392,"comment_status":"closed","ping_status":"open","template":"","meta":[],"product_brand":[81],"product_cat":[66],"product_tag":[],"class_list":{"0":"post-1390","1":"product","2":"type-product","3":"status-publish","4":"has-post-thumbnail","6":"product_brand-gucci","7":"product_cat-mens-perfume","9":"first","10":"instock","11":"purchasable","12":"product-type-simple"},"_links":{"self":[{"href":"https:\/\/bosforcosmetic.com\/index.php?rest_route=\/wp\/v2\/product\/1390","targetHints":{"allow":["GET"]}}],"collection":[{"href":"https:\/\/bosforcosmetic.com\/index.php?rest_route=\/wp\/v2\/product"}],"about":[{"href":"https:\/\/bosforcosmetic.com\/index.php?rest_route=\/wp\/v2\/types\/product"}],"replies":[{"embeddable":true,"href":"https:\/\/bosforcosmetic.com\/index.php?rest_route=%2Fwp%2Fv2%2Fcomments&post=1390"}],"version-history":[{"count":1,"href":"https:\/\/bosforcosmetic.com\/index.php?rest_route=\/wp\/v2\/product\/1390\/revisions"}],"predecessor-version":[{"id":1391,"href":"https:\/\/bosforcosmetic.com\/index.php?rest_route=\/wp\/v2\/product\/1390\/revisions\/1391"}],"wp:featuredmedia":[{"embeddable":true,"href":"https:\/\/bosforcosmetic.com\/index.php?rest_route=\/wp\/v2\/media\/1392"}],"wp:attachment":[{"href":"https:\/\/bosforcosmetic.com\/index.php?rest_route=%2Fwp%2Fv2%2Fmedia&parent=1390"}],"wp:term":[{"taxonomy":"product_brand","embeddable":true,"href":"https:\/\/bosforcosmetic.com\/index.php?rest_route=%2Fwp%2Fv2%2Fproduct_brand&post=1390"},{"taxonomy":"product_cat","embeddable":true,"href":"https:\/\/bosforcosmetic.com\/index.php?rest_route=%2Fwp%2Fv2%2Fproduct_cat&post=1390"},{"taxonomy":"product_tag","embeddable":true,"href":"https:\/\/bosforcosmetic.com\/index.php?rest_route=%2Fwp%2Fv2%2Fproduct_tag&post=1390"}],"curies":[{"name":"wp","href":"https:\/\/api.w.org\/{rel}","templated":true}]}}