{"id":1261,"date":"2025-07-13T11:30:44","date_gmt":"2025-07-13T11:30:44","guid":{"rendered":"https:\/\/bosforcosmetic.com\/?product=paco-rabanne-olympea-flora-edp-80-ml"},"modified":"2025-07-13T11:30:44","modified_gmt":"2025-07-13T11:30:44","slug":"paco-rabanne-olympea-flora-edp-80-ml","status":"publish","type":"product","link":"https:\/\/bosforcosmetic.com\/?product=paco-rabanne-olympea-flora-edp-80-ml","title":{"rendered":"PACO RABANNE OLYMPEA FLORA EDP 80 ML"},"content":{"rendered":"<p><strong>Paco Rabanne Olympea Flora EDP 80 ml Kad\u0131n Parf&uuml;m<\/strong>, tanr\u0131&ccedil;alar\u0131n zarafetini ve g&uuml;c&uuml;n&uuml; yans\u0131tan ba\u015ftan &ccedil;\u0131kar\u0131c\u0131 ve sofistike bir koku olarak kar\u015f\u0131n\u0131za &ccedil;\u0131kar. Feminenli\u011fi &ouml;n plana &ccedil;\u0131karan bu e\u015fsiz parf&uuml;m, &ccedil;i&ccedil;eksi ve meyvemsi notalar\u0131yla b&uuml;y&uuml;leyici bir deneyim sunar.<\/p>\n<ul>\n<li><strong>&Uuml;st Notalar:<\/strong> Siyah frenk &uuml;z&uuml;m&uuml; ve pembe biber, parf&uuml;me taze, enerjik ve canl\u0131 bir ba\u015flang\u0131&ccedil; sunar. Meyvemsi ve baharatl\u0131 bir a&ccedil;\u0131l\u0131\u015fla ilk andan itibaren fark yarat\u0131r.<\/li>\n<li><strong>Orta Notalar:<\/strong> \u015eakay\u0131k ve g&uuml;l, parf&uuml;m&uuml;n kalbinde yer alarak &ccedil;i&ccedil;eksi ve romantik bir dokunu\u015f sa\u011flar. Feminenli\u011fin zarif bir ifadesi olan bu notalar, parf&uuml;me sofistike bir karakter kazand\u0131r\u0131r.<\/li>\n<li><strong>Alt Notalar:<\/strong> Pa&ccedil;uli ve vanilya, parf&uuml;me derinlik, kal\u0131c\u0131l\u0131k ve s\u0131cakl\u0131k kazand\u0131r\u0131r. Parf&uuml;m&uuml;n alt notalar\u0131, g&uuml;&ccedil;l&uuml; ve ba\u015ftan &ccedil;\u0131kar\u0131c\u0131 bir iz b\u0131rak\u0131r.<\/li>\n<\/ul>\n<p><strong>Paco Rabanne Olympea Flora<\/strong>, mitolojik bir tanr\u0131&ccedil;a gibi g&uuml;&ccedil; ve zarafeti bir arada ta\u015f\u0131yan kad\u0131nlar i&ccedil;in tasarlanm\u0131\u015ft\u0131r. Kal\u0131c\u0131 ve zengin kokusu, g&uuml;n boyu taze ve etkileyici hissetmenizi sa\u011flar. Hem g&uuml;nd&uuml;z hem de gece kullan\u0131ma uygun olan bu parf&uuml;m, ba\u015f d&ouml;nd&uuml;r&uuml;c&uuml; ve unutulmaz bir iz b\u0131rak\u0131r.<\/p>\n<p><strong>Paco Rabanne Olympea Flora ile zarafetinizi ve g&uuml;c&uuml;n&uuml;z&uuml; her an sergileyin!<\/strong><\/p>\n","protected":false},"excerpt":{"rendered":"<p>Paco Rabanne Olympea Flora EDP 80 ml Kad\u0131n Parf&uuml;m, tanr\u0131&ccedil;alar\u0131n zarafetini ve g&uuml;c&uuml;n&uuml; yans\u0131tan ba\u015ftan &ccedil;\u0131kar\u0131c\u0131 ve sofistike bir koku<\/p>\n","protected":false},"featured_media":1263,"comment_status":"closed","ping_status":"open","template":"","meta":[],"product_brand":[82],"product_cat":[68],"product_tag":[],"class_list":{"0":"post-1261","1":"product","2":"type-product","3":"status-publish","4":"has-post-thumbnail","6":"product_brand-paco-rabanne","7":"product_cat-womens-perfume","9":"first","10":"instock","11":"purchasable","12":"product-type-simple"},"_links":{"self":[{"href":"https:\/\/bosforcosmetic.com\/index.php?rest_route=\/wp\/v2\/product\/1261","targetHints":{"allow":["GET"]}}],"collection":[{"href":"https:\/\/bosforcosmetic.com\/index.php?rest_route=\/wp\/v2\/product"}],"about":[{"href":"https:\/\/bosforcosmetic.com\/index.php?rest_route=\/wp\/v2\/types\/product"}],"replies":[{"embeddable":true,"href":"https:\/\/bosforcosmetic.com\/index.php?rest_route=%2Fwp%2Fv2%2Fcomments&post=1261"}],"version-history":[{"count":1,"href":"https:\/\/bosforcosmetic.com\/index.php?rest_route=\/wp\/v2\/product\/1261\/revisions"}],"predecessor-version":[{"id":1262,"href":"https:\/\/bosforcosmetic.com\/index.php?rest_route=\/wp\/v2\/product\/1261\/revisions\/1262"}],"wp:featuredmedia":[{"embeddable":true,"href":"https:\/\/bosforcosmetic.com\/index.php?rest_route=\/wp\/v2\/media\/1263"}],"wp:attachment":[{"href":"https:\/\/bosforcosmetic.com\/index.php?rest_route=%2Fwp%2Fv2%2Fmedia&parent=1261"}],"wp:term":[{"taxonomy":"product_brand","embeddable":true,"href":"https:\/\/bosforcosmetic.com\/index.php?rest_route=%2Fwp%2Fv2%2Fproduct_brand&post=1261"},{"taxonomy":"product_cat","embeddable":true,"href":"https:\/\/bosforcosmetic.com\/index.php?rest_route=%2Fwp%2Fv2%2Fproduct_cat&post=1261"},{"taxonomy":"product_tag","embeddable":true,"href":"https:\/\/bosforcosmetic.com\/index.php?rest_route=%2Fwp%2Fv2%2Fproduct_tag&post=1261"}],"curies":[{"name":"wp","href":"https:\/\/api.w.org\/{rel}","templated":true}]}}