{"id":1172,"date":"2025-07-13T11:30:24","date_gmt":"2025-07-13T11:30:24","guid":{"rendered":"https:\/\/bosforcosmetic.com\/?product=paco-rabanne-1-million-prive-edp-100-ml-erkek-parfum"},"modified":"2025-07-13T11:30:26","modified_gmt":"2025-07-13T11:30:26","slug":"paco-rabanne-1-million-prive-edp-100-ml-erkek-parfum","status":"publish","type":"product","link":"https:\/\/bosforcosmetic.com\/?product=paco-rabanne-1-million-prive-edp-100-ml-erkek-parfum","title":{"rendered":"PACO RABANNE 1 M\u0130LL\u0130ON PR\u0130VE EDP 100 ML ERKEK PARF\u00dcM"},"content":{"rendered":"<p>Paco Rabanne 1 Million Priv&eacute; Eau de Parfum, mask&uuml;len cazibenin ve sofistike zarafetin &ccedil;arp\u0131c\u0131 bir \u015fekilde ifade edildi\u011fi e\u015fsiz bir erkek parf&uuml;m&uuml;d&uuml;r. Bu parf&uuml;m, zengin ve \u015fehvetli notalar\u0131yla ba\u015ftan &ccedil;\u0131kar\u0131c\u0131 bir etki yarat\u0131r. &Uuml;st notalarda kan mandalinas\u0131 ve tar&ccedil;\u0131n, s\u0131cak ve baharatl\u0131 bir a&ccedil;\u0131l\u0131\u015f sunar. Kalp notalar\u0131nda yer alan t&uuml;t&uuml;n ve m&uuml;r, parf&uuml;me derinlik ve yo\u011funluk katarken, alt notalardaki tonka fasulyesi ve pa&ccedil;uli, kal\u0131c\u0131 ve ba\u015f d&ouml;nd&uuml;r&uuml;c&uuml; bir son dokunu\u015f sa\u011flar.<\/p>\n<h4>Notalar:<\/h4>\n<ul>\n<li><strong>&Uuml;st Notalar:<\/strong> Kan Mandalinas\u0131, Tar&ccedil;\u0131n<\/li>\n<li><strong>Kalp Notalar\u0131:<\/strong> T&uuml;t&uuml;n, M&uuml;r<\/li>\n<li><strong>Alt Notalar:<\/strong> Tonka Fasulyesi, Pa&ccedil;uli<\/li>\n<\/ul>\n<p>Paco Rabanne 1 Million Priv&eacute; EDP, g&uuml;&ccedil;l&uuml;, karizmatik ve sofistike bir erkek kokusudur. G&uuml;nd&uuml;zden geceye her ortamda dikkat &ccedil;ekmek isteyen erkekler i&ccedil;in m&uuml;kemmel bir se&ccedil;imdir. Hem kal\u0131c\u0131 yap\u0131s\u0131yla hem de b&uuml;y&uuml;leyici kokusuyla, \u015f\u0131kl\u0131\u011f\u0131n\u0131z\u0131n tamamlay\u0131c\u0131s\u0131 olacak bir parf&uuml;m.<\/p>\n","protected":false},"excerpt":{"rendered":"<p>Paco Rabanne 1 Million Priv&eacute; Eau de Parfum, mask&uuml;len cazibenin ve sofistike zarafetin &ccedil;arp\u0131c\u0131 bir \u015fekilde ifade edildi\u011fi e\u015fsiz bir<\/p>\n","protected":false},"featured_media":1174,"comment_status":"closed","ping_status":"open","template":"","meta":[],"product_brand":[82],"product_cat":[66],"product_tag":[],"class_list":{"0":"post-1172","1":"product","2":"type-product","3":"status-publish","4":"has-post-thumbnail","6":"product_brand-paco-rabanne","7":"product_cat-mens-perfume","9":"first","10":"instock","11":"purchasable","12":"product-type-simple"},"_links":{"self":[{"href":"https:\/\/bosforcosmetic.com\/index.php?rest_route=\/wp\/v2\/product\/1172","targetHints":{"allow":["GET"]}}],"collection":[{"href":"https:\/\/bosforcosmetic.com\/index.php?rest_route=\/wp\/v2\/product"}],"about":[{"href":"https:\/\/bosforcosmetic.com\/index.php?rest_route=\/wp\/v2\/types\/product"}],"replies":[{"embeddable":true,"href":"https:\/\/bosforcosmetic.com\/index.php?rest_route=%2Fwp%2Fv2%2Fcomments&post=1172"}],"version-history":[{"count":1,"href":"https:\/\/bosforcosmetic.com\/index.php?rest_route=\/wp\/v2\/product\/1172\/revisions"}],"predecessor-version":[{"id":1173,"href":"https:\/\/bosforcosmetic.com\/index.php?rest_route=\/wp\/v2\/product\/1172\/revisions\/1173"}],"wp:featuredmedia":[{"embeddable":true,"href":"https:\/\/bosforcosmetic.com\/index.php?rest_route=\/wp\/v2\/media\/1174"}],"wp:attachment":[{"href":"https:\/\/bosforcosmetic.com\/index.php?rest_route=%2Fwp%2Fv2%2Fmedia&parent=1172"}],"wp:term":[{"taxonomy":"product_brand","embeddable":true,"href":"https:\/\/bosforcosmetic.com\/index.php?rest_route=%2Fwp%2Fv2%2Fproduct_brand&post=1172"},{"taxonomy":"product_cat","embeddable":true,"href":"https:\/\/bosforcosmetic.com\/index.php?rest_route=%2Fwp%2Fv2%2Fproduct_cat&post=1172"},{"taxonomy":"product_tag","embeddable":true,"href":"https:\/\/bosforcosmetic.com\/index.php?rest_route=%2Fwp%2Fv2%2Fproduct_tag&post=1172"}],"curies":[{"name":"wp","href":"https:\/\/api.w.org\/{rel}","templated":true}]}}