{"id":1160,"date":"2025-07-13T11:30:24","date_gmt":"2025-07-13T11:30:24","guid":{"rendered":"https:\/\/bosforcosmetic.com\/?product=versace-dylan-blue"},"modified":"2025-07-13T11:30:25","modified_gmt":"2025-07-13T11:30:25","slug":"versace-dylan-blue","status":"publish","type":"product","link":"https:\/\/bosforcosmetic.com\/?product=versace-dylan-blue","title":{"rendered":"VERSACE DYLAN BLUE"},"content":{"rendered":"<p><strong>Versace Dylan Blue: Modern ve G&uuml;&ccedil;l&uuml; Erkekler \u0130&ccedil;in E\u015fsiz Bir Koku<\/strong><\/p>\n<p>Versace Dylan Blue, g&uuml;n&uuml;m&uuml;z&uuml;n modern ve &ouml;zg&uuml;venli erke\u011fini yans\u0131tan, mask&uuml;len ve sofistike bir parf&uuml;md&uuml;r. Ferahlat\u0131c\u0131 notalarla derinle\u015fen ve odunsu tonlarla tamamlanan bu koku, erkeksi tarz\u0131n\u0131za g&uuml;&ccedil; katacak. G&uuml;n boyu kal\u0131c\u0131l\u0131\u011f\u0131yla dikkat &ccedil;eken Versace Dylan Blue, her an\u0131n\u0131zda ferahl\u0131k ve &ouml;zg&uuml;ven sunar.<\/p>\n<p><strong>&Uuml;st Notalar:<\/strong> Dylan Blue, taze greyfurt, bergamot ve deniz esintisiyle a&ccedil;\u0131l\u0131\u015f yapar. Bu ferah ve canland\u0131r\u0131c\u0131 notalar, parf&uuml;m&uuml;n enerjik karakterini belirler ve uyguland\u0131\u011f\u0131 anda canl\u0131l\u0131k sa\u011flar.<\/p>\n<p><strong>Orta Notalar:<\/strong> Parf&uuml;m&uuml;n kalbinde yer alan menek\u015fe yapra\u011f\u0131, siyah biber ve pa&ccedil;uli gibi aromatik bile\u015fenler, kokuya sofistike ve derin bir hava kazand\u0131r\u0131r. Bu baharatl\u0131 ve &ccedil;i&ccedil;eksi dokunu\u015flar, Dylan Blue&rsquo;nun modern ve ba\u015ftan &ccedil;\u0131kar\u0131c\u0131 &ouml;zelli\u011fini &ouml;ne &ccedil;\u0131kar\u0131r.<\/p>\n<p><strong>Alt Notalar:<\/strong> Koku, misk, tonka fasulyesi ve safran gibi yo\u011fun ve kal\u0131c\u0131 odunsu notalarla kapan\u0131\u015f yapar. Bu g&uuml;&ccedil;l&uuml; baz notalar, parf&uuml;m&uuml;n erkeksi ve dayan\u0131kl\u0131 karakterini peki\u015ftirir.<\/p>\n<p>Versace Dylan Blue, t&uuml;m cilt tipleri i&ccedil;in uygundur ve g&uuml;n boyunca kal\u0131c\u0131l\u0131\u011f\u0131n\u0131 korur. Hem g&uuml;nl&uuml;k kullan\u0131m i&ccedil;in idealdir hem de &ouml;zel anlar\u0131n\u0131zda sizi daha &ccedil;ekici ve &ouml;zg&uuml;venli hissettirir.<\/p>\n<p><strong>Versace Dylan Blue ile tarz\u0131n\u0131z\u0131 tamamlay\u0131n ve g&uuml;&ccedil;l&uuml; bir etki b\u0131rak\u0131n. Bu e\u015fsiz kokuyu hemen ke\u015ffedin!<\/strong><\/p>\n","protected":false},"excerpt":{"rendered":"<p>Versace Dylan Blue: Modern ve G&uuml;&ccedil;l&uuml; Erkekler \u0130&ccedil;in E\u015fsiz Bir Koku Versace Dylan Blue, g&uuml;n&uuml;m&uuml;z&uuml;n modern ve &ouml;zg&uuml;venli erke\u011fini yans\u0131tan,<\/p>\n","protected":false},"featured_media":1162,"comment_status":"closed","ping_status":"open","template":"","meta":[],"product_brand":[],"product_cat":[66],"product_tag":[],"class_list":{"0":"post-1160","1":"product","2":"type-product","3":"status-publish","4":"has-post-thumbnail","6":"product_cat-mens-perfume","8":"first","9":"instock","10":"purchasable","11":"product-type-simple"},"_links":{"self":[{"href":"https:\/\/bosforcosmetic.com\/index.php?rest_route=\/wp\/v2\/product\/1160","targetHints":{"allow":["GET"]}}],"collection":[{"href":"https:\/\/bosforcosmetic.com\/index.php?rest_route=\/wp\/v2\/product"}],"about":[{"href":"https:\/\/bosforcosmetic.com\/index.php?rest_route=\/wp\/v2\/types\/product"}],"replies":[{"embeddable":true,"href":"https:\/\/bosforcosmetic.com\/index.php?rest_route=%2Fwp%2Fv2%2Fcomments&post=1160"}],"version-history":[{"count":1,"href":"https:\/\/bosforcosmetic.com\/index.php?rest_route=\/wp\/v2\/product\/1160\/revisions"}],"predecessor-version":[{"id":1161,"href":"https:\/\/bosforcosmetic.com\/index.php?rest_route=\/wp\/v2\/product\/1160\/revisions\/1161"}],"wp:featuredmedia":[{"embeddable":true,"href":"https:\/\/bosforcosmetic.com\/index.php?rest_route=\/wp\/v2\/media\/1162"}],"wp:attachment":[{"href":"https:\/\/bosforcosmetic.com\/index.php?rest_route=%2Fwp%2Fv2%2Fmedia&parent=1160"}],"wp:term":[{"taxonomy":"product_brand","embeddable":true,"href":"https:\/\/bosforcosmetic.com\/index.php?rest_route=%2Fwp%2Fv2%2Fproduct_brand&post=1160"},{"taxonomy":"product_cat","embeddable":true,"href":"https:\/\/bosforcosmetic.com\/index.php?rest_route=%2Fwp%2Fv2%2Fproduct_cat&post=1160"},{"taxonomy":"product_tag","embeddable":true,"href":"https:\/\/bosforcosmetic.com\/index.php?rest_route=%2Fwp%2Fv2%2Fproduct_tag&post=1160"}],"curies":[{"name":"wp","href":"https:\/\/api.w.org\/{rel}","templated":true}]}}