{"id":1148,"date":"2025-07-13T11:30:24","date_gmt":"2025-07-13T11:30:24","guid":{"rendered":"https:\/\/bosforcosmetic.com\/?product=dior-addict-eau-de-parfum-100-ml"},"modified":"2025-07-13T11:30:25","modified_gmt":"2025-07-13T11:30:25","slug":"dior-addict-eau-de-parfum-100-ml","status":"publish","type":"product","link":"https:\/\/bosforcosmetic.com\/?product=dior-addict-eau-de-parfum-100-ml","title":{"rendered":"DIOR ADDICT EAU DE PARFUM 100 ML"},"content":{"rendered":"<p>Dior Addict Eau de Parfum, kendine g&uuml;venen, &ouml;zg&uuml;venli ve tutkulu kad\u0131nlar i&ccedil;in yarat\u0131lm\u0131\u015f, ba\u015f d&ouml;nd&uuml;r&uuml;c&uuml; bir koku deneyimidir. \u0130lk s\u0131kt\u0131\u011f\u0131n\u0131zda sizi saran mandalina yapraklar\u0131, parf&uuml;me enerjik ve parlak bir ba\u015flang\u0131&ccedil; yapar. Kalp notalar\u0131nda yer alan gece krali&ccedil;esi &ccedil;i&ccedil;e\u011fi, kokuya b&uuml;y&uuml;leyici ve zarif bir &ccedil;i&ccedil;eksi dokunu\u015f katar. Alt notalarda bulunan s\u0131cak vanilya ve tonka fasulyesi ise parf&uuml;me \u015fehvetli ve yo\u011fun bir son katman ekleyerek ciltte uzun s&uuml;re kal\u0131c\u0131 bir iz b\u0131rak\u0131r.<\/p>\n<h4>Notalar:<\/h4>\n<ul>\n<li><strong>&Uuml;st Notalar:<\/strong> Mandalina Yapraklar\u0131<\/li>\n<li><strong>Kalp Notalar\u0131:<\/strong> Gece Krali&ccedil;esi &Ccedil;i&ccedil;e\u011fi<\/li>\n<li><strong>Alt Notalar:<\/strong> Vanilya, Tonka Fasulyesi, Sandal A\u011fac\u0131<\/li>\n<\/ul>\n<p>Dior Addict EDP, her s\u0131kt\u0131\u011f\u0131n\u0131zda kendinizi \u015fehvetli, g&uuml;&ccedil;l&uuml; ve &ouml;zg&uuml;venli hissetmenizi sa\u011flar. Parf&uuml;m&uuml;n kal\u0131c\u0131l\u0131\u011f\u0131, her ortamda fark edilmenizi sa\u011flarken, sofistike ve derin kokusu ile ba\u015f d&ouml;nd&uuml;r&uuml;c&uuml; bir etki b\u0131rak\u0131r. Hem g&uuml;nd&uuml;z hem de gece kullan\u0131m\u0131na uygun olan Dior Addict, tutkulu ve iddial\u0131 kad\u0131nlar i&ccedil;in m&uuml;kemmel bir se&ccedil;imdir.<\/p>\n","protected":false},"excerpt":{"rendered":"<p>Dior Addict Eau de Parfum, kendine g&uuml;venen, &ouml;zg&uuml;venli ve tutkulu kad\u0131nlar i&ccedil;in yarat\u0131lm\u0131\u015f, ba\u015f d&ouml;nd&uuml;r&uuml;c&uuml; bir koku deneyimidir. \u0130lk s\u0131kt\u0131\u011f\u0131n\u0131zda<\/p>\n","protected":false},"featured_media":1150,"comment_status":"closed","ping_status":"open","template":"","meta":[],"product_brand":[65],"product_cat":[68],"product_tag":[],"class_list":{"0":"post-1148","1":"product","2":"type-product","3":"status-publish","4":"has-post-thumbnail","6":"product_brand-dior","7":"product_cat-womens-perfume","9":"first","10":"instock","11":"purchasable","12":"product-type-simple"},"_links":{"self":[{"href":"https:\/\/bosforcosmetic.com\/index.php?rest_route=\/wp\/v2\/product\/1148","targetHints":{"allow":["GET"]}}],"collection":[{"href":"https:\/\/bosforcosmetic.com\/index.php?rest_route=\/wp\/v2\/product"}],"about":[{"href":"https:\/\/bosforcosmetic.com\/index.php?rest_route=\/wp\/v2\/types\/product"}],"replies":[{"embeddable":true,"href":"https:\/\/bosforcosmetic.com\/index.php?rest_route=%2Fwp%2Fv2%2Fcomments&post=1148"}],"version-history":[{"count":1,"href":"https:\/\/bosforcosmetic.com\/index.php?rest_route=\/wp\/v2\/product\/1148\/revisions"}],"predecessor-version":[{"id":1149,"href":"https:\/\/bosforcosmetic.com\/index.php?rest_route=\/wp\/v2\/product\/1148\/revisions\/1149"}],"wp:featuredmedia":[{"embeddable":true,"href":"https:\/\/bosforcosmetic.com\/index.php?rest_route=\/wp\/v2\/media\/1150"}],"wp:attachment":[{"href":"https:\/\/bosforcosmetic.com\/index.php?rest_route=%2Fwp%2Fv2%2Fmedia&parent=1148"}],"wp:term":[{"taxonomy":"product_brand","embeddable":true,"href":"https:\/\/bosforcosmetic.com\/index.php?rest_route=%2Fwp%2Fv2%2Fproduct_brand&post=1148"},{"taxonomy":"product_cat","embeddable":true,"href":"https:\/\/bosforcosmetic.com\/index.php?rest_route=%2Fwp%2Fv2%2Fproduct_cat&post=1148"},{"taxonomy":"product_tag","embeddable":true,"href":"https:\/\/bosforcosmetic.com\/index.php?rest_route=%2Fwp%2Fv2%2Fproduct_tag&post=1148"}],"curies":[{"name":"wp","href":"https:\/\/api.w.org\/{rel}","templated":true}]}}