{"id":1142,"date":"2025-07-13T11:30:24","date_gmt":"2025-07-13T11:30:24","guid":{"rendered":"https:\/\/bosforcosmetic.com\/?product=joy-de-dior-eau-de-parfum-intense-90-ml"},"modified":"2025-07-13T11:30:24","modified_gmt":"2025-07-13T11:30:24","slug":"joy-de-dior-eau-de-parfum-intense-90-ml","status":"publish","type":"product","link":"https:\/\/bosforcosmetic.com\/?product=joy-de-dior-eau-de-parfum-intense-90-ml","title":{"rendered":"JOY DE DIOR EAU DE PARFUM INTENSE 90 ML"},"content":{"rendered":"<p>Joy by Dior Eau de Parfum Intense, ne\u015fe dolu bir koku patlamas\u0131 ve sofistike dokunu\u015flarla dolu bir koku yolculu\u011fu sunar. Dior&rsquo;un ikonik parf&uuml;m ailesinin bir par&ccedil;as\u0131 olan bu yo\u011fun versiyon, kad\u0131ns\u0131l\u0131\u011f\u0131 ve zarafeti y&uuml;celtir. Parf&uuml;m&uuml;n ilk anlar\u0131nda sizi kar\u015f\u0131layan parlak bergamot ve neroli notalar\u0131, enerjik ve canl\u0131 bir ba\u015flang\u0131&ccedil; yapar. Kalp notalar\u0131nda yer alan Grasse g&uuml;l&uuml; ve yasemin, kokuya &ccedil;i&ccedil;eksi bir zarafet katarken, alt notalardaki kremsi sandal a\u011fac\u0131 ve vanilya, parf&uuml;m&uuml;n ciltte b\u0131rakt\u0131\u011f\u0131 s\u0131cak ve kal\u0131c\u0131 izleri g&uuml;&ccedil;lendirir.<\/p>\n<h4>Notalar:<\/h4>\n<ul>\n<li><strong>&Uuml;st Notalar:<\/strong> Bergamot, Neroli<\/li>\n<li><strong>Kalp Notalar\u0131:<\/strong> Grasse G&uuml;l&uuml;, Yasemin<\/li>\n<li><strong>Alt Notalar:<\/strong> Sandal A\u011fac\u0131, Vanilya, Misk<\/li>\n<\/ul>\n<p>Joy by Dior EDP Intense, her s\u0131kt\u0131\u011f\u0131n\u0131zda ne\u015fe ve \u0131\u015f\u0131k dolu bir etki yarat\u0131rken, sofistike ve derin bir his uyand\u0131r\u0131r. G&uuml;n boyu kal\u0131c\u0131l\u0131\u011f\u0131 ile kendine g&uuml;venen ve dikkat &ccedil;ekici kad\u0131nlar i&ccedil;in tasarlanm\u0131\u015f bu parf&uuml;m, her ortamda unutulmaz bir iz b\u0131rakman\u0131z\u0131 sa\u011flar.<\/p>\n","protected":false},"excerpt":{"rendered":"<p>Joy by Dior Eau de Parfum Intense, ne\u015fe dolu bir koku patlamas\u0131 ve sofistike dokunu\u015flarla dolu bir koku yolculu\u011fu sunar.<\/p>\n","protected":false},"featured_media":1144,"comment_status":"closed","ping_status":"open","template":"","meta":[],"product_brand":[65],"product_cat":[68],"product_tag":[],"class_list":{"0":"post-1142","1":"product","2":"type-product","3":"status-publish","4":"has-post-thumbnail","6":"product_brand-dior","7":"product_cat-womens-perfume","9":"first","10":"instock","11":"purchasable","12":"product-type-simple"},"_links":{"self":[{"href":"https:\/\/bosforcosmetic.com\/index.php?rest_route=\/wp\/v2\/product\/1142","targetHints":{"allow":["GET"]}}],"collection":[{"href":"https:\/\/bosforcosmetic.com\/index.php?rest_route=\/wp\/v2\/product"}],"about":[{"href":"https:\/\/bosforcosmetic.com\/index.php?rest_route=\/wp\/v2\/types\/product"}],"replies":[{"embeddable":true,"href":"https:\/\/bosforcosmetic.com\/index.php?rest_route=%2Fwp%2Fv2%2Fcomments&post=1142"}],"version-history":[{"count":1,"href":"https:\/\/bosforcosmetic.com\/index.php?rest_route=\/wp\/v2\/product\/1142\/revisions"}],"predecessor-version":[{"id":1143,"href":"https:\/\/bosforcosmetic.com\/index.php?rest_route=\/wp\/v2\/product\/1142\/revisions\/1143"}],"wp:featuredmedia":[{"embeddable":true,"href":"https:\/\/bosforcosmetic.com\/index.php?rest_route=\/wp\/v2\/media\/1144"}],"wp:attachment":[{"href":"https:\/\/bosforcosmetic.com\/index.php?rest_route=%2Fwp%2Fv2%2Fmedia&parent=1142"}],"wp:term":[{"taxonomy":"product_brand","embeddable":true,"href":"https:\/\/bosforcosmetic.com\/index.php?rest_route=%2Fwp%2Fv2%2Fproduct_brand&post=1142"},{"taxonomy":"product_cat","embeddable":true,"href":"https:\/\/bosforcosmetic.com\/index.php?rest_route=%2Fwp%2Fv2%2Fproduct_cat&post=1142"},{"taxonomy":"product_tag","embeddable":true,"href":"https:\/\/bosforcosmetic.com\/index.php?rest_route=%2Fwp%2Fv2%2Fproduct_tag&post=1142"}],"curies":[{"name":"wp","href":"https:\/\/api.w.org\/{rel}","templated":true}]}}